{"id":933,"date":"2021-04-23T08:43:55","date_gmt":"2021-04-23T08:43:55","guid":{"rendered":"https:\/\/estelaxe.ee\/tooted\/rongiistmed\/"},"modified":"2021-05-13T10:50:56","modified_gmt":"2021-05-13T10:50:56","slug":"tagsaten","status":"publish","type":"page","link":"https:\/\/estelaxe.ee\/sv\/produkter\/tagsaten\/","title":{"rendered":"T\u00e5gs\u00e4ten"},"content":{"rendered":"\n<h3>\n\t\tT\u00c5GS\u00c4TEN\n\t<\/h3>\n\t<p>Vi tillverkar t\u00e5gs\u00e4ten \u00e5t den finska j\u00e4rnv\u00e4gsmyndigheten, \u0160koda Transtech och den norska j\u00e4rnv\u00e4gsmyndigheten. Tillverkningen omfattar s\u00e5v\u00e4l tillverkning av nya s\u00e4ten som renovering av gamla s\u00e4ten och sovvagnar. Vi tillverkar \u00e4ven inredningsdetaljer f\u00f6r t\u00e5g s\u00e5som bord f\u00f6r restaurangvagnar, soffor, r\u00e4cken, glas osv.<\/p>\n\n","protected":false},"excerpt":{"rendered":"<p>T\u00c5GS\u00c4TEN Vi tillverkar t\u00e5gs\u00e4ten \u00e5t den finska j\u00e4rnv\u00e4gsmyndigheten, \u0160koda Transtech och den norska j\u00e4rnv\u00e4gsmyndigheten. Tillverkningen omfattar s\u00e5v\u00e4l tillverkning av nya s\u00e4ten som renovering av gamla s\u00e4ten och sovvagnar. Vi tillverkar \u00e4ven inredningsdetaljer f\u00f6r t\u00e5g s\u00e5som bord f\u00f6r restaurangvagnar, soffor, r\u00e4cken, glas osv.<\/p>\n","protected":false},"author":1,"featured_media":922,"parent":918,"menu_order":0,"comment_status":"closed","ping_status":"open","template":"","meta":{"site-sidebar-layout":"no-sidebar","site-content-layout":"page-builder","ast-global-header-display":"","ast-main-header-display":"","ast-hfb-above-header-display":"","ast-hfb-below-header-display":"","ast-hfb-mobile-header-display":"","site-post-title":"disabled","ast-breadcrumbs-content":"","ast-featured-img":"disabled","footer-sml-layout":"","theme-transparent-header-meta":"default","adv-header-id-meta":"","stick-header-meta":"default","header-above-stick-meta":"","header-main-stick-meta":"","header-below-stick-meta":"","footnotes":""},"class_list":["post-933","page","type-page","status-publish","has-post-thumbnail","hentry"],"_links":{"self":[{"href":"https:\/\/estelaxe.ee\/sv\/wp-json\/wp\/v2\/pages\/933","targetHints":{"allow":["GET"]}}],"collection":[{"href":"https:\/\/estelaxe.ee\/sv\/wp-json\/wp\/v2\/pages"}],"about":[{"href":"https:\/\/estelaxe.ee\/sv\/wp-json\/wp\/v2\/types\/page"}],"author":[{"embeddable":true,"href":"https:\/\/estelaxe.ee\/sv\/wp-json\/wp\/v2\/users\/1"}],"replies":[{"embeddable":true,"href":"https:\/\/estelaxe.ee\/sv\/wp-json\/wp\/v2\/comments?post=933"}],"version-history":[{"count":2,"href":"https:\/\/estelaxe.ee\/sv\/wp-json\/wp\/v2\/pages\/933\/revisions"}],"predecessor-version":[{"id":1366,"href":"https:\/\/estelaxe.ee\/sv\/wp-json\/wp\/v2\/pages\/933\/revisions\/1366"}],"up":[{"embeddable":true,"href":"https:\/\/estelaxe.ee\/sv\/wp-json\/wp\/v2\/pages\/918"}],"wp:featuredmedia":[{"embeddable":true,"href":"https:\/\/estelaxe.ee\/sv\/wp-json\/wp\/v2\/media\/922"}],"wp:attachment":[{"href":"https:\/\/estelaxe.ee\/sv\/wp-json\/wp\/v2\/media?parent=933"}],"curies":[{"name":"wp","href":"https:\/\/api.w.org\/{rel}","templated":true}]}}