{"id":931,"date":"2021-04-23T08:27:58","date_gmt":"2021-04-23T08:27:58","guid":{"rendered":"https:\/\/estelaxe.ee\/tooted\/poluretaanvahu-tooted\/"},"modified":"2023-09-28T07:44:22","modified_gmt":"2023-09-28T07:44:22","slug":"produkter-i-polyuretanskum","status":"publish","type":"page","link":"https:\/\/estelaxe.ee\/sv\/produkter\/produkter-i-polyuretanskum\/","title":{"rendered":"Produkter I polyuretanskum"},"content":{"rendered":"\n<h3>\n\t\tPOLYURETANSKUM\n\t<\/h3>\n\t<p>Vi har redan 25 \u00e5rs erfarenhet av tillverkning av produkter i mjukt polyuretanskum. F\u00f6r att s\u00e4kra f\u00f6retagets utveckling, modern tillverkning och h\u00f6g produktkvalitet anv\u00e4nder vi v\u00e4rldsledande gjutmaskiner fr\u00e5n Hennecke och moderna aluminiumformar.<\/p>\n\n<ul>\n<li>S\u00e4ten<\/li>\n<li>Ryggst\u00f6d<\/li>\n<li>St\u00f6dkuddar f\u00f6r ryggst\u00f6d<\/li>\n<li>Diverse mattor\/madrasser<\/li>\n<li>Diverse dynor f\u00f6r soffor och f\u00e5t\u00f6ljer<\/li>\n<li>Sits- och ryggst\u00f6dsdynor f\u00f6r designprodukter<\/li>\n<li>S\u00e4ten f\u00f6r motorb\u00e5tar och arm- och nackst\u00f6d f\u00f6r dessa<\/li>\n<li>Vi kan utarbeta olika l\u00f6sningar i samarbete med kunden och vid behov tillverka en form f\u00f6r tillverkning av produkter efter kundens \u00f6nskem\u00e5l<\/li>\n<\/ul>\n\n","protected":false},"excerpt":{"rendered":"<p>POLYURETANSKUM Vi har redan 25 \u00e5rs erfarenhet av tillverkning av produkter i mjukt polyuretanskum. F\u00f6r att s\u00e4kra f\u00f6retagets utveckling, modern tillverkning och h\u00f6g produktkvalitet anv\u00e4nder vi v\u00e4rldsledande gjutmaskiner fr\u00e5n Hennecke och moderna aluminiumformar. S\u00e4ten Ryggst\u00f6d St\u00f6dkuddar f\u00f6r ryggst\u00f6d Diverse mattor\/madrasser Diverse dynor f\u00f6r soffor och f\u00e5t\u00f6ljer Sits- och ryggst\u00f6dsdynor f\u00f6r designprodukter S\u00e4ten f\u00f6r motorb\u00e5tar och &hellip;<\/p>\n<p class=\"read-more\"> <a class=\"\" href=\"https:\/\/estelaxe.ee\/sv\/produkter\/produkter-i-polyuretanskum\/\"> <span class=\"screen-reader-text\">Produkter I polyuretanskum<\/span> L\u00e4s mer &raquo;<\/a><\/p>\n","protected":false},"author":1,"featured_media":922,"parent":918,"menu_order":0,"comment_status":"closed","ping_status":"closed","template":"","meta":{"site-sidebar-layout":"no-sidebar","site-content-layout":"page-builder","ast-global-header-display":"","ast-main-header-display":"","ast-hfb-above-header-display":"","ast-hfb-below-header-display":"","ast-hfb-mobile-header-display":"","site-post-title":"disabled","ast-breadcrumbs-content":"","ast-featured-img":"disabled","footer-sml-layout":"","theme-transparent-header-meta":"default","adv-header-id-meta":"","stick-header-meta":"default","header-above-stick-meta":"","header-main-stick-meta":"","header-below-stick-meta":"","footnotes":""},"class_list":["post-931","page","type-page","status-publish","has-post-thumbnail","hentry"],"_links":{"self":[{"href":"https:\/\/estelaxe.ee\/sv\/wp-json\/wp\/v2\/pages\/931","targetHints":{"allow":["GET"]}}],"collection":[{"href":"https:\/\/estelaxe.ee\/sv\/wp-json\/wp\/v2\/pages"}],"about":[{"href":"https:\/\/estelaxe.ee\/sv\/wp-json\/wp\/v2\/types\/page"}],"author":[{"embeddable":true,"href":"https:\/\/estelaxe.ee\/sv\/wp-json\/wp\/v2\/users\/1"}],"replies":[{"embeddable":true,"href":"https:\/\/estelaxe.ee\/sv\/wp-json\/wp\/v2\/comments?post=931"}],"version-history":[{"count":3,"href":"https:\/\/estelaxe.ee\/sv\/wp-json\/wp\/v2\/pages\/931\/revisions"}],"predecessor-version":[{"id":1584,"href":"https:\/\/estelaxe.ee\/sv\/wp-json\/wp\/v2\/pages\/931\/revisions\/1584"}],"up":[{"embeddable":true,"href":"https:\/\/estelaxe.ee\/sv\/wp-json\/wp\/v2\/pages\/918"}],"wp:featuredmedia":[{"embeddable":true,"href":"https:\/\/estelaxe.ee\/sv\/wp-json\/wp\/v2\/media\/922"}],"wp:attachment":[{"href":"https:\/\/estelaxe.ee\/sv\/wp-json\/wp\/v2\/media?parent=931"}],"curies":[{"name":"wp","href":"https:\/\/api.w.org\/{rel}","templated":true}]}}