{"id":929,"date":"2021-04-21T13:36:18","date_gmt":"2021-04-21T13:36:18","guid":{"rendered":"https:\/\/estelaxe.ee\/tooted\/plastmassist-tooted\/"},"modified":"2021-05-13T10:50:49","modified_gmt":"2021-05-13T10:50:49","slug":"plastprodukter","status":"publish","type":"page","link":"https:\/\/estelaxe.ee\/sv\/produkter\/plastprodukter\/","title":{"rendered":"Plastprodukter"},"content":{"rendered":"\n<h3>\n\t\tPLAST\n\t<\/h3>\n\t<p>Vi tillverkar plastprodukter med vakuummetoden med hj\u00e4lp av maskiner fr\u00e5n Illig. Vi anv\u00e4nder fr\u00e4mst ABS- och HDPE-material. Vakuumformade detaljer sk\u00e4rs och bearbetas med hj\u00e4lp av olika CNC-maskiner<\/p>\n\nPlastdetaljer f\u00f6r sitsar och ryggst\u00f6d<br \/>\nRyggst\u00f6dsbaser<br \/>\nOlika t\u00e4ckdetaljer<br \/>\nMotork\u00e5por<br \/>\nOlika l\u00f6sningar i samarbete med kunden\n\n","protected":false},"excerpt":{"rendered":"<p>PLAST Vi tillverkar plastprodukter med vakuummetoden med hj\u00e4lp av maskiner fr\u00e5n Illig. Vi anv\u00e4nder fr\u00e4mst ABS- och HDPE-material. Vakuumformade detaljer sk\u00e4rs och bearbetas med hj\u00e4lp av olika CNC-maskiner Plastdetaljer f\u00f6r sitsar och ryggst\u00f6d Ryggst\u00f6dsbaser Olika t\u00e4ckdetaljer Motork\u00e5por Olika l\u00f6sningar i samarbete med kunden<\/p>\n","protected":false},"author":1,"featured_media":922,"parent":918,"menu_order":0,"comment_status":"closed","ping_status":"open","template":"","meta":{"site-sidebar-layout":"no-sidebar","site-content-layout":"page-builder","ast-global-header-display":"","ast-main-header-display":"","ast-hfb-above-header-display":"","ast-hfb-below-header-display":"","ast-hfb-mobile-header-display":"","site-post-title":"disabled","ast-breadcrumbs-content":"","ast-featured-img":"disabled","footer-sml-layout":"","theme-transparent-header-meta":"default","adv-header-id-meta":"","stick-header-meta":"default","header-above-stick-meta":"","header-main-stick-meta":"","header-below-stick-meta":"","footnotes":""},"class_list":["post-929","page","type-page","status-publish","has-post-thumbnail","hentry"],"_links":{"self":[{"href":"https:\/\/estelaxe.ee\/sv\/wp-json\/wp\/v2\/pages\/929","targetHints":{"allow":["GET"]}}],"collection":[{"href":"https:\/\/estelaxe.ee\/sv\/wp-json\/wp\/v2\/pages"}],"about":[{"href":"https:\/\/estelaxe.ee\/sv\/wp-json\/wp\/v2\/types\/page"}],"author":[{"embeddable":true,"href":"https:\/\/estelaxe.ee\/sv\/wp-json\/wp\/v2\/users\/1"}],"replies":[{"embeddable":true,"href":"https:\/\/estelaxe.ee\/sv\/wp-json\/wp\/v2\/comments?post=929"}],"version-history":[{"count":2,"href":"https:\/\/estelaxe.ee\/sv\/wp-json\/wp\/v2\/pages\/929\/revisions"}],"predecessor-version":[{"id":1364,"href":"https:\/\/estelaxe.ee\/sv\/wp-json\/wp\/v2\/pages\/929\/revisions\/1364"}],"up":[{"embeddable":true,"href":"https:\/\/estelaxe.ee\/sv\/wp-json\/wp\/v2\/pages\/918"}],"wp:featuredmedia":[{"embeddable":true,"href":"https:\/\/estelaxe.ee\/sv\/wp-json\/wp\/v2\/media\/922"}],"wp:attachment":[{"href":"https:\/\/estelaxe.ee\/sv\/wp-json\/wp\/v2\/media?parent=929"}],"curies":[{"name":"wp","href":"https:\/\/api.w.org\/{rel}","templated":true}]}}