{"id":926,"date":"2021-04-23T08:38:47","date_gmt":"2021-04-23T08:38:47","guid":{"rendered":"https:\/\/estelaxe.ee\/tooted\/mootorsaanide-istmed\/"},"modified":"2021-05-13T10:50:53","modified_gmt":"2021-05-13T10:50:53","slug":"snoskotersaten","status":"publish","type":"page","link":"https:\/\/estelaxe.ee\/sv\/produkter\/snoskotersaten\/","title":{"rendered":"Sn\u00f6skoters\u00e4ten"},"content":{"rendered":"\n<h3>\n\t\tSN\u00d6SKOTERS\u00c4TEN\n\t<\/h3>\n\t<p>Estelaxes tillverkningsenhet f\u00f6r sn\u00f6skoters\u00e4ten tillverkar s\u00e4ten \u00e5t den v\u00e4lk\u00e4nda toppvarum\u00e4rket Bombardier som en f\u00e4rdig l\u00f6sning &#8211; f\u00f6r s\u00e5v\u00e4l sport- som touringskotrar samt arbetsskotrar.<\/p>\n\n","protected":false},"excerpt":{"rendered":"<p>SN\u00d6SKOTERS\u00c4TEN Estelaxes tillverkningsenhet f\u00f6r sn\u00f6skoters\u00e4ten tillverkar s\u00e4ten \u00e5t den v\u00e4lk\u00e4nda toppvarum\u00e4rket Bombardier som en f\u00e4rdig l\u00f6sning &#8211; f\u00f6r s\u00e5v\u00e4l sport- som touringskotrar samt arbetsskotrar.<\/p>\n","protected":false},"author":1,"featured_media":928,"parent":918,"menu_order":0,"comment_status":"closed","ping_status":"open","template":"","meta":{"site-sidebar-layout":"no-sidebar","site-content-layout":"page-builder","ast-global-header-display":"","ast-main-header-display":"","ast-hfb-above-header-display":"","ast-hfb-below-header-display":"","ast-hfb-mobile-header-display":"","site-post-title":"disabled","ast-breadcrumbs-content":"","ast-featured-img":"disabled","footer-sml-layout":"","theme-transparent-header-meta":"default","adv-header-id-meta":"","stick-header-meta":"default","header-above-stick-meta":"","header-main-stick-meta":"","header-below-stick-meta":"","footnotes":""},"class_list":["post-926","page","type-page","status-publish","has-post-thumbnail","hentry"],"_links":{"self":[{"href":"https:\/\/estelaxe.ee\/sv\/wp-json\/wp\/v2\/pages\/926","targetHints":{"allow":["GET"]}}],"collection":[{"href":"https:\/\/estelaxe.ee\/sv\/wp-json\/wp\/v2\/pages"}],"about":[{"href":"https:\/\/estelaxe.ee\/sv\/wp-json\/wp\/v2\/types\/page"}],"author":[{"embeddable":true,"href":"https:\/\/estelaxe.ee\/sv\/wp-json\/wp\/v2\/users\/1"}],"replies":[{"embeddable":true,"href":"https:\/\/estelaxe.ee\/sv\/wp-json\/wp\/v2\/comments?post=926"}],"version-history":[{"count":2,"href":"https:\/\/estelaxe.ee\/sv\/wp-json\/wp\/v2\/pages\/926\/revisions"}],"predecessor-version":[{"id":1365,"href":"https:\/\/estelaxe.ee\/sv\/wp-json\/wp\/v2\/pages\/926\/revisions\/1365"}],"up":[{"embeddable":true,"href":"https:\/\/estelaxe.ee\/sv\/wp-json\/wp\/v2\/pages\/918"}],"wp:featuredmedia":[{"embeddable":true,"href":"https:\/\/estelaxe.ee\/sv\/wp-json\/wp\/v2\/media\/928"}],"wp:attachment":[{"href":"https:\/\/estelaxe.ee\/sv\/wp-json\/wp\/v2\/media?parent=926"}],"curies":[{"name":"wp","href":"https:\/\/api.w.org\/{rel}","templated":true}]}}