{"id":923,"date":"2021-03-30T15:25:36","date_gmt":"2021-03-30T15:25:36","guid":{"rendered":"https:\/\/estelaxe.ee\/tooted\/elastomeertoodete-valmistamine\/"},"modified":"2021-05-13T10:50:43","modified_gmt":"2021-05-13T10:50:43","slug":"tillverkning-av-elastomerprodukter","status":"publish","type":"page","link":"https:\/\/estelaxe.ee\/sv\/produkter\/tillverkning-av-elastomerprodukter\/","title":{"rendered":"Tillverkning av Elastomerprodukter"},"content":{"rendered":"\n<h3>\n\t\tELASTOMERPRODUKTER\n\t<\/h3>\n\t<p>Vi gjuter PU-elastomer. Materialet beh\u00e5ller sina tekniska egenskaper vid temperaturer mellan -40 \u00b0C och + 100 \u00b0C. Standardkul\u00f6rerna inkluderar natur (beige), svart, gr\u00e5, gul och bl\u00e5. Produkter kan tillverkas i olika h\u00e5llfasthetsklasser &#8211; Shore A 55 &#8211; D70.<\/p>\n<h3>\n\t\tESTELAXE TILLVERKAR F\u00d6LJANDE ELASTOMERPRODUKTER:\n\t<\/h3>\n\t&#8211; Sn\u00f6plogar &#8211; en v\u00e4xande trend eftersom plogsk\u00e4r i metall skadar asfalt och orsakar buller. P\u00e5 flygplatser undviker elastomersk\u00e4r \u00e4ven brandrisk p\u00e5 grund av gnistor.<br \/>\n&#8211; Glidytor och -klossar f\u00f6r gruvmaskiner.<br \/>\n&#8211; St\u00f6dblad och membran f\u00f6r transportband.<br \/>\n&#8211; Klossar f\u00f6r maskiner med enheter som ska d\u00e4mpa st\u00f6tar och t\u00e5la upprepade slag.<br \/>\n&#8211; K\u00e5por f\u00f6r olika valsar\/rullar som anv\u00e4nds inom tr\u00e4industrin och annanstans inom tillverkningsindustrin.\n\n","protected":false},"excerpt":{"rendered":"<p>ELASTOMERPRODUKTER Vi gjuter PU-elastomer. Materialet beh\u00e5ller sina tekniska egenskaper vid temperaturer mellan -40 \u00b0C och + 100 \u00b0C. Standardkul\u00f6rerna inkluderar natur (beige), svart, gr\u00e5, gul och bl\u00e5. Produkter kan tillverkas i olika h\u00e5llfasthetsklasser &#8211; Shore A 55 &#8211; D70. ESTELAXE TILLVERKAR F\u00d6LJANDE ELASTOMERPRODUKTER: &#8211; Sn\u00f6plogar &#8211; en v\u00e4xande trend eftersom plogsk\u00e4r i metall skadar asfalt &hellip;<\/p>\n<p class=\"read-more\"> <a class=\"\" href=\"https:\/\/estelaxe.ee\/sv\/produkter\/tillverkning-av-elastomerprodukter\/\"> <span class=\"screen-reader-text\">Tillverkning av Elastomerprodukter<\/span> L\u00e4s mer &raquo;<\/a><\/p>\n","protected":false},"author":1,"featured_media":925,"parent":918,"menu_order":0,"comment_status":"closed","ping_status":"open","template":"","meta":{"site-sidebar-layout":"no-sidebar","site-content-layout":"page-builder","ast-global-header-display":"","ast-main-header-display":"","ast-hfb-above-header-display":"","ast-hfb-below-header-display":"","ast-hfb-mobile-header-display":"","site-post-title":"disabled","ast-breadcrumbs-content":"","ast-featured-img":"disabled","footer-sml-layout":"","theme-transparent-header-meta":"default","adv-header-id-meta":"","stick-header-meta":"default","header-above-stick-meta":"","header-main-stick-meta":"","header-below-stick-meta":"","footnotes":""},"class_list":["post-923","page","type-page","status-publish","has-post-thumbnail","hentry"],"_links":{"self":[{"href":"https:\/\/estelaxe.ee\/sv\/wp-json\/wp\/v2\/pages\/923","targetHints":{"allow":["GET"]}}],"collection":[{"href":"https:\/\/estelaxe.ee\/sv\/wp-json\/wp\/v2\/pages"}],"about":[{"href":"https:\/\/estelaxe.ee\/sv\/wp-json\/wp\/v2\/types\/page"}],"author":[{"embeddable":true,"href":"https:\/\/estelaxe.ee\/sv\/wp-json\/wp\/v2\/users\/1"}],"replies":[{"embeddable":true,"href":"https:\/\/estelaxe.ee\/sv\/wp-json\/wp\/v2\/comments?post=923"}],"version-history":[{"count":2,"href":"https:\/\/estelaxe.ee\/sv\/wp-json\/wp\/v2\/pages\/923\/revisions"}],"predecessor-version":[{"id":1362,"href":"https:\/\/estelaxe.ee\/sv\/wp-json\/wp\/v2\/pages\/923\/revisions\/1362"}],"up":[{"embeddable":true,"href":"https:\/\/estelaxe.ee\/sv\/wp-json\/wp\/v2\/pages\/918"}],"wp:featuredmedia":[{"embeddable":true,"href":"https:\/\/estelaxe.ee\/sv\/wp-json\/wp\/v2\/media\/925"}],"wp:attachment":[{"href":"https:\/\/estelaxe.ee\/sv\/wp-json\/wp\/v2\/media?parent=923"}],"curies":[{"name":"wp","href":"https:\/\/api.w.org\/{rel}","templated":true}]}}