{"id":920,"date":"2021-04-26T09:57:14","date_gmt":"2021-04-26T09:57:14","guid":{"rendered":"https:\/\/estelaxe.ee\/tooted\/auditooriumite-ja-saalide-istmed\/"},"modified":"2021-05-13T10:51:00","modified_gmt":"2021-05-13T10:51:00","slug":"saten-for-salar","status":"publish","type":"page","link":"https:\/\/estelaxe.ee\/sv\/produkter\/saten-for-salar\/","title":{"rendered":"S\u00e4ten f\u00f6r salar"},"content":{"rendered":"\n<h3>\n\t\tS\u00c4TEN F\u00d6R H\u00d6RSALAR, TEATER- OCH BIOGRAFSALAR\n\t<\/h3>\n\t<p>Vi tillverkar tyg- och skinns\u00e4ten f\u00f6r teater-, biograf- och h\u00f6rsalar &#8211; vi erbjuder s\u00e5v\u00e4l f\u00e4rdiga l\u00f6sningar som renovering.<\/p>\n\n","protected":false},"excerpt":{"rendered":"<p>S\u00c4TEN F\u00d6R H\u00d6RSALAR, TEATER- OCH BIOGRAFSALAR Vi tillverkar tyg- och skinns\u00e4ten f\u00f6r teater-, biograf- och h\u00f6rsalar &#8211; vi erbjuder s\u00e5v\u00e4l f\u00e4rdiga l\u00f6sningar som renovering.<\/p>\n","protected":false},"author":1,"featured_media":922,"parent":918,"menu_order":0,"comment_status":"closed","ping_status":"open","template":"","meta":{"site-sidebar-layout":"no-sidebar","site-content-layout":"page-builder","ast-global-header-display":"","ast-main-header-display":"","ast-hfb-above-header-display":"","ast-hfb-below-header-display":"","ast-hfb-mobile-header-display":"","site-post-title":"disabled","ast-breadcrumbs-content":"","ast-featured-img":"disabled","footer-sml-layout":"","theme-transparent-header-meta":"default","adv-header-id-meta":"","stick-header-meta":"default","header-above-stick-meta":"","header-main-stick-meta":"","header-below-stick-meta":"","footnotes":""},"class_list":["post-920","page","type-page","status-publish","has-post-thumbnail","hentry"],"_links":{"self":[{"href":"https:\/\/estelaxe.ee\/sv\/wp-json\/wp\/v2\/pages\/920","targetHints":{"allow":["GET"]}}],"collection":[{"href":"https:\/\/estelaxe.ee\/sv\/wp-json\/wp\/v2\/pages"}],"about":[{"href":"https:\/\/estelaxe.ee\/sv\/wp-json\/wp\/v2\/types\/page"}],"author":[{"embeddable":true,"href":"https:\/\/estelaxe.ee\/sv\/wp-json\/wp\/v2\/users\/1"}],"replies":[{"embeddable":true,"href":"https:\/\/estelaxe.ee\/sv\/wp-json\/wp\/v2\/comments?post=920"}],"version-history":[{"count":2,"href":"https:\/\/estelaxe.ee\/sv\/wp-json\/wp\/v2\/pages\/920\/revisions"}],"predecessor-version":[{"id":1367,"href":"https:\/\/estelaxe.ee\/sv\/wp-json\/wp\/v2\/pages\/920\/revisions\/1367"}],"up":[{"embeddable":true,"href":"https:\/\/estelaxe.ee\/sv\/wp-json\/wp\/v2\/pages\/918"}],"wp:featuredmedia":[{"embeddable":true,"href":"https:\/\/estelaxe.ee\/sv\/wp-json\/wp\/v2\/media\/922"}],"wp:attachment":[{"href":"https:\/\/estelaxe.ee\/sv\/wp-json\/wp\/v2\/media?parent=920"}],"curies":[{"name":"wp","href":"https:\/\/api.w.org\/{rel}","templated":true}]}}