{"id":918,"date":"2021-03-30T14:07:51","date_gmt":"2021-03-30T14:07:51","guid":{"rendered":"https:\/\/estelaxe.ee\/tooted\/"},"modified":"2023-09-28T07:45:38","modified_gmt":"2023-09-28T07:45:38","slug":"produkter","status":"publish","type":"page","link":"https:\/\/estelaxe.ee\/sv\/produkter\/","title":{"rendered":"Produkter"},"content":{"rendered":"\n<h2>\n\t\tEstelaxe\n\t<\/h2>\n\t<p>Estelaxe O\u00dc \u00e4r ett f\u00f6retag med estniskt privat kapital som tillverkar polyuretanprodukter sedan 2008. Formellt grundades Estelaxe 2008 men verksamheten inom samma bransch under ett annat namn str\u00e4cker sig tillbaka \u00e4nda till 1998. \u00c5r 2023 har f\u00f6retaget 58 anst\u00e4llda.<\/p>\n\t\t\t\t<img decoding=\"async\" src=\"https:\/\/estelaxe.ee\/wp-content\/uploads\/2021\/03\/elasto-1.jpg\" alt=\"elasto\"\/>\n\t\t\t<h3>Elastomerprodukter<\/h3>\n\t\t<a href=\"\/sv\/produkter\/tillverkning-av-elastomerprodukter\/\" target=\"_self\" rel=\"noopener\"><\/a>\n\t\t\t\t<img decoding=\"async\" src=\"https:\/\/estelaxe.ee\/wp-content\/uploads\/2021\/03\/Rectangle-212.jpg\" alt=\"Rectangle 212\"\/>\n\t\t\t<h3>Polyuretanskum<\/h3>\n\t\t<a href=\"\/sv\/produkter\/produkter-i-polyuretanskum\/\" target=\"_self\" rel=\"noopener\"><\/a>\n\t\t\t\t<img decoding=\"async\" src=\"https:\/\/estelaxe.ee\/wp-content\/uploads\/2021\/03\/Rectangle-225.jpg\" alt=\"Rectangle 225\"\/>\n\t\t\t<h3>Plast<\/h3>\n\t\t<a href=\"\/sv\/produkter\/plastprodukter\/\" target=\"_self\" rel=\"noopener\"><\/a>\n\t\t\t\t<img decoding=\"async\" src=\"https:\/\/estelaxe.ee\/wp-content\/uploads\/2021\/03\/Rectangle-222.jpg\" alt=\"Rectangle 222\"\/>\n\t\t\t<h3>Sn\u00f6skoters\u00e4ten<\/h3>\n\t\t<a href=\"\/sv\/produkter\/snoskotersaten\/\" target=\"_self\" rel=\"noopener\"><\/a>\n\t\t\t\t<img decoding=\"async\" src=\"https:\/\/estelaxe.ee\/wp-content\/uploads\/2021\/03\/Rectangle-213.jpg\" alt=\"Rectangle 213\"\/>\n\t\t\t<h3>T\u00e5gs\u00e4ten<\/h3>\n\t\t<a href=\"https:\/\/estelaxe.ee\/sv\/produkter\/tagsaten\/\" target=\"_self\" rel=\"noopener\"><\/a>\n\t\t\t\t<img decoding=\"async\" src=\"https:\/\/estelaxe.ee\/wp-content\/uploads\/2021\/04\/main.jpg\" alt=\"main\"\/>\n\t\t\t<h3>S\u00e4ten f\u00f6r salar<\/h3>\n\t\t<a href=\"\/sv\/produkter\/saten-for-salar\/\" target=\"_self\" rel=\"noopener\"><\/a>\n\n","protected":false},"excerpt":{"rendered":"<p>Estelaxe Estelaxe O\u00dc \u00e4r ett f\u00f6retag med estniskt privat kapital som tillverkar polyuretanprodukter sedan 2008. Formellt grundades Estelaxe 2008 men verksamheten inom samma bransch under ett annat namn str\u00e4cker sig tillbaka \u00e4nda till 1998. \u00c5r 2023 har f\u00f6retaget 58 anst\u00e4llda. Elastomerprodukter Polyuretanskum Plast Sn\u00f6skoters\u00e4ten T\u00e5gs\u00e4ten S\u00e4ten f\u00f6r salar<\/p>\n","protected":false},"author":1,"featured_media":0,"parent":0,"menu_order":0,"comment_status":"closed","ping_status":"closed","template":"","meta":{"site-sidebar-layout":"no-sidebar","site-content-layout":"page-builder","ast-global-header-display":"","ast-main-header-display":"","ast-hfb-above-header-display":"","ast-hfb-below-header-display":"","ast-hfb-mobile-header-display":"","site-post-title":"disabled","ast-breadcrumbs-content":"","ast-featured-img":"disabled","footer-sml-layout":"","theme-transparent-header-meta":"default","adv-header-id-meta":"","stick-header-meta":"","header-above-stick-meta":"","header-main-stick-meta":"","header-below-stick-meta":"","footnotes":""},"class_list":["post-918","page","type-page","status-publish","hentry"],"_links":{"self":[{"href":"https:\/\/estelaxe.ee\/sv\/wp-json\/wp\/v2\/pages\/918","targetHints":{"allow":["GET"]}}],"collection":[{"href":"https:\/\/estelaxe.ee\/sv\/wp-json\/wp\/v2\/pages"}],"about":[{"href":"https:\/\/estelaxe.ee\/sv\/wp-json\/wp\/v2\/types\/page"}],"author":[{"embeddable":true,"href":"https:\/\/estelaxe.ee\/sv\/wp-json\/wp\/v2\/users\/1"}],"replies":[{"embeddable":true,"href":"https:\/\/estelaxe.ee\/sv\/wp-json\/wp\/v2\/comments?post=918"}],"version-history":[{"count":3,"href":"https:\/\/estelaxe.ee\/sv\/wp-json\/wp\/v2\/pages\/918\/revisions"}],"predecessor-version":[{"id":1590,"href":"https:\/\/estelaxe.ee\/sv\/wp-json\/wp\/v2\/pages\/918\/revisions\/1590"}],"wp:attachment":[{"href":"https:\/\/estelaxe.ee\/sv\/wp-json\/wp\/v2\/media?parent=918"}],"curies":[{"name":"wp","href":"https:\/\/api.w.org\/{rel}","templated":true}]}}