{"id":915,"date":"2021-03-30T15:21:59","date_gmt":"2021-03-30T15:21:59","guid":{"rendered":"https:\/\/estelaxe.ee\/projektid\/"},"modified":"2022-07-25T10:50:53","modified_gmt":"2022-07-25T10:50:53","slug":"projekt","status":"publish","type":"page","link":"https:\/\/estelaxe.ee\/sv\/projekt\/","title":{"rendered":"Projekt"},"content":{"rendered":"\n<h3>\n\t\tBIDRAG\n\t<\/h3>\n\tUtarbetande av l\u00e5gtrycksgjutteknik f\u00f6r tillverkning av s\u00e4tesdynor i f\u00f6rskummat icke br\u00e4nnbart silikonskum<br \/>\n08.05.2019 &#8211; 31.01.2023<br \/>\nSyftet med projektet \u00e4r att utarbeta en teknik f\u00f6r industriell och skalbar tillverkning av l\u00e5gtrycksgjutet stoppningsmaterial i icke br\u00e4nnbart silikonskum. Tekniken ska inkludera kompatibla processer, koncept f\u00f6r l\u00e4mpliga maskiner f\u00f6r deras utf\u00f6rande och material anpassade till s\u00e5v\u00e4l processen som utrustningen. Eftersom processer och utrustning avsedda f\u00f6r tekniker f\u00f6r polyuretanskum inte \u00e4r direkt anv\u00e4ndbara f\u00f6r tillverkning av silikonskum beh\u00f6ver man utarbeta koncept f\u00f6r nya maskiner, framst\u00e4lla prototyper f\u00f6r dessa och testa och optimera processer p\u00e5 prototyperna.\n<p>Bidragsbelopp 633 838:80 EUR<\/p>\n\t\t\t\t<img loading=\"lazy\" decoding=\"async\" src=\"https:\/\/estelaxe.ee\/wp-content\/uploads\/2021\/03\/el_regionaalarengu_fond_horisontaalne.jpg\" alt=\"el_regionaalarengu_fond_horisontaalne\" itemprop=\"image\" height=\"579\" width=\"1000\" title=\"el_regionaalarengu_fond_horisontaalne\" onerror=\"this.style.display='none'\"  \/>\n\n","protected":false},"excerpt":{"rendered":"<p>BIDRAG Utarbetande av l\u00e5gtrycksgjutteknik f\u00f6r tillverkning av s\u00e4tesdynor i f\u00f6rskummat icke br\u00e4nnbart silikonskum 08.05.2019 &#8211; 31.01.2023 Syftet med projektet \u00e4r att utarbeta en teknik f\u00f6r industriell och skalbar tillverkning av l\u00e5gtrycksgjutet stoppningsmaterial i icke br\u00e4nnbart silikonskum. Tekniken ska inkludera kompatibla processer, koncept f\u00f6r l\u00e4mpliga maskiner f\u00f6r deras utf\u00f6rande och material anpassade till s\u00e5v\u00e4l processen som &hellip;<\/p>\n<p class=\"read-more\"> <a class=\"\" href=\"https:\/\/estelaxe.ee\/sv\/projekt\/\"> <span class=\"screen-reader-text\">Projekt<\/span> L\u00e4s mer &raquo;<\/a><\/p>\n","protected":false},"author":1,"featured_media":917,"parent":0,"menu_order":0,"comment_status":"closed","ping_status":"closed","template":"","meta":{"site-sidebar-layout":"no-sidebar","site-content-layout":"page-builder","ast-global-header-display":"","ast-main-header-display":"","ast-hfb-above-header-display":"","ast-hfb-below-header-display":"","ast-hfb-mobile-header-display":"","site-post-title":"disabled","ast-breadcrumbs-content":"","ast-featured-img":"disabled","footer-sml-layout":"","theme-transparent-header-meta":"default","adv-header-id-meta":"","stick-header-meta":"","header-above-stick-meta":"","header-main-stick-meta":"","header-below-stick-meta":"","footnotes":""},"class_list":["post-915","page","type-page","status-publish","has-post-thumbnail","hentry"],"_links":{"self":[{"href":"https:\/\/estelaxe.ee\/sv\/wp-json\/wp\/v2\/pages\/915","targetHints":{"allow":["GET"]}}],"collection":[{"href":"https:\/\/estelaxe.ee\/sv\/wp-json\/wp\/v2\/pages"}],"about":[{"href":"https:\/\/estelaxe.ee\/sv\/wp-json\/wp\/v2\/types\/page"}],"author":[{"embeddable":true,"href":"https:\/\/estelaxe.ee\/sv\/wp-json\/wp\/v2\/users\/1"}],"replies":[{"embeddable":true,"href":"https:\/\/estelaxe.ee\/sv\/wp-json\/wp\/v2\/comments?post=915"}],"version-history":[{"count":3,"href":"https:\/\/estelaxe.ee\/sv\/wp-json\/wp\/v2\/pages\/915\/revisions"}],"predecessor-version":[{"id":1464,"href":"https:\/\/estelaxe.ee\/sv\/wp-json\/wp\/v2\/pages\/915\/revisions\/1464"}],"wp:featuredmedia":[{"embeddable":true,"href":"https:\/\/estelaxe.ee\/sv\/wp-json\/wp\/v2\/media\/917"}],"wp:attachment":[{"href":"https:\/\/estelaxe.ee\/sv\/wp-json\/wp\/v2\/media?parent=915"}],"curies":[{"name":"wp","href":"https:\/\/api.w.org\/{rel}","templated":true}]}}