{"id":909,"date":"2021-03-30T14:45:53","date_gmt":"2021-03-30T14:45:53","guid":{"rendered":"https:\/\/estelaxe.ee\/juhtimispohimotted\/"},"modified":"2021-05-13T10:51:04","modified_gmt":"2021-05-13T10:51:04","slug":"ledningsprinciper","status":"publish","type":"page","link":"https:\/\/estelaxe.ee\/sv\/ledningsprinciper\/","title":{"rendered":"Ledningsprinciper"},"content":{"rendered":"\n<h2>\n\t\tEstelaxe\n\t<\/h2>\n\t<p>Estelaxes ledningsprinciper &#8211; finns \u00e4ven tillg\u00e4ngliga p\u00e5 f\u00f6retagets kontor och webbplatsen<\/p>\n\t\t\t\t<img loading=\"lazy\" decoding=\"async\" src=\"https:\/\/estelaxe.ee\/wp-content\/uploads\/2021\/03\/Vector-6.png\" alt=\"Vector (6)\" itemprop=\"image\" height=\"96\" width=\"96\" title=\"Vector (6)\" onerror=\"this.style.display='none'\"  \/>\n\t<p>01<\/p>\n\t<p>I v\u00e5r verksamhet utg\u00e5r vi fr\u00e5n f\u00f6retagets vision, de uppsatta m\u00e5len, g\u00e4llande lagstiftning och till\u00e4mpliga normdokument, kvalitetsledningssystemet ISO 9001:2015 och milj\u00f6ledningssystemet ISO 14001:2015.<\/p>\n\t\t\t\t<img loading=\"lazy\" decoding=\"async\" src=\"https:\/\/estelaxe.ee\/wp-content\/uploads\/2021\/03\/Vector-6.png\" alt=\"Vector (6)\" itemprop=\"image\" height=\"96\" width=\"96\" title=\"Vector (6)\" onerror=\"this.style.display='none'\"  \/>\n\t<p>02<\/p>\n\t<p>Vi har kunden i fokus, erbjuder professionella tj\u00e4nster med s\u00e5v\u00e4l h\u00f6gkvalitativ utrustning och produkter som p\u00e5litliga underleverant\u00f6rer och leverant\u00f6rer samt h\u00e5ller de \u00f6verenskomna tiderna.<\/p>\n\t\t\t\t<img loading=\"lazy\" decoding=\"async\" src=\"https:\/\/estelaxe.ee\/wp-content\/uploads\/2021\/03\/Vector-6.png\" alt=\"Vector (6)\" itemprop=\"image\" height=\"96\" width=\"96\" title=\"Vector (6)\" onerror=\"this.style.display='none'\"  \/>\n\t<p>03<\/p>\n\t<p>Vi bedriver kontinuerligt utvecklingsarbete och erbjuder v\u00e5ra kunder innovativa, smarta och milj\u00f6v\u00e4nliga l\u00f6sningar.<\/p>\n\t\t\t\t<img loading=\"lazy\" decoding=\"async\" src=\"https:\/\/estelaxe.ee\/wp-content\/uploads\/2021\/03\/Vector-6.png\" alt=\"Vector (6)\" itemprop=\"image\" height=\"96\" width=\"96\" title=\"Vector (6)\" onerror=\"this.style.display='none'\"  \/>\n\t<p>04<\/p>\n\t<p>Vi utf\u00f6r kontinuerlig riskbed\u00f6mning f\u00f6r att minska riskerna f\u00f6r arbetsolyckor, h\u00e4lsoskada och milj\u00f6skada.<\/p>\n\t\t\t\t<img loading=\"lazy\" decoding=\"async\" src=\"https:\/\/estelaxe.ee\/wp-content\/uploads\/2021\/03\/Vector-6.png\" alt=\"Vector (6)\" itemprop=\"image\" height=\"96\" width=\"96\" title=\"Vector (6)\" onerror=\"this.style.display='none'\"  \/>\n\t<p>05<\/p>\n\t<p>Vi deltar i utbildningar samt h\u00f6jer personalens kvalifikation och medvetenhet om kvalitet, milj\u00f6 och arbetss\u00e4kerhet.<\/p>\n\n","protected":false},"excerpt":{"rendered":"<p>Estelaxe Estelaxes ledningsprinciper &#8211; finns \u00e4ven tillg\u00e4ngliga p\u00e5 f\u00f6retagets kontor och webbplatsen 01 I v\u00e5r verksamhet utg\u00e5r vi fr\u00e5n f\u00f6retagets vision, de uppsatta m\u00e5len, g\u00e4llande lagstiftning och till\u00e4mpliga normdokument, kvalitetsledningssystemet ISO 9001:2015 och milj\u00f6ledningssystemet ISO 14001:2015. 02 Vi har kunden i fokus, erbjuder professionella tj\u00e4nster med s\u00e5v\u00e4l h\u00f6gkvalitativ utrustning och produkter som p\u00e5litliga underleverant\u00f6rer och &hellip;<\/p>\n<p class=\"read-more\"> <a class=\"\" href=\"https:\/\/estelaxe.ee\/sv\/ledningsprinciper\/\"> <span class=\"screen-reader-text\">Ledningsprinciper<\/span> L\u00e4s mer &raquo;<\/a><\/p>\n","protected":false},"author":1,"featured_media":911,"parent":0,"menu_order":0,"comment_status":"closed","ping_status":"closed","template":"","meta":{"site-sidebar-layout":"no-sidebar","site-content-layout":"page-builder","ast-global-header-display":"","ast-main-header-display":"","ast-hfb-above-header-display":"","ast-hfb-below-header-display":"","ast-hfb-mobile-header-display":"","site-post-title":"disabled","ast-breadcrumbs-content":"","ast-featured-img":"disabled","footer-sml-layout":"","theme-transparent-header-meta":"default","adv-header-id-meta":"","stick-header-meta":"default","header-above-stick-meta":"","header-main-stick-meta":"","header-below-stick-meta":"","footnotes":""},"class_list":["post-909","page","type-page","status-publish","has-post-thumbnail","hentry"],"_links":{"self":[{"href":"https:\/\/estelaxe.ee\/sv\/wp-json\/wp\/v2\/pages\/909","targetHints":{"allow":["GET"]}}],"collection":[{"href":"https:\/\/estelaxe.ee\/sv\/wp-json\/wp\/v2\/pages"}],"about":[{"href":"https:\/\/estelaxe.ee\/sv\/wp-json\/wp\/v2\/types\/page"}],"author":[{"embeddable":true,"href":"https:\/\/estelaxe.ee\/sv\/wp-json\/wp\/v2\/users\/1"}],"replies":[{"embeddable":true,"href":"https:\/\/estelaxe.ee\/sv\/wp-json\/wp\/v2\/comments?post=909"}],"version-history":[{"count":3,"href":"https:\/\/estelaxe.ee\/sv\/wp-json\/wp\/v2\/pages\/909\/revisions"}],"predecessor-version":[{"id":1387,"href":"https:\/\/estelaxe.ee\/sv\/wp-json\/wp\/v2\/pages\/909\/revisions\/1387"}],"wp:featuredmedia":[{"embeddable":true,"href":"https:\/\/estelaxe.ee\/sv\/wp-json\/wp\/v2\/media\/911"}],"wp:attachment":[{"href":"https:\/\/estelaxe.ee\/sv\/wp-json\/wp\/v2\/media?parent=909"}],"curies":[{"name":"wp","href":"https:\/\/api.w.org\/{rel}","templated":true}]}}