{"id":906,"date":"2021-03-30T14:37:44","date_gmt":"2021-03-30T14:37:44","guid":{"rendered":"https:\/\/estelaxe.ee\/ettevottest\/"},"modified":"2021-05-13T10:51:07","modified_gmt":"2021-05-13T10:51:07","slug":"om-oss","status":"publish","type":"page","link":"https:\/\/estelaxe.ee\/sv\/om-oss\/","title":{"rendered":"Om oss"},"content":{"rendered":"\n<h2>\n\t\tEstelaxe\n\t<\/h2>\n\t<p>Estelaxe O\u00dc \u00e4r ett f\u00f6retag med estniskt privat kapital som tillverkar polyuretanprodukter sedan 2008. Formellt grundades Estelaxe 2008 men verksamheten inom samma bransch under ett annat namn str\u00e4cker sig tillbaka \u00e4nda till 1998. \u00c5r 2021 har f\u00f6retaget 53 anst\u00e4llda.<\/p>\n<h2>\n\t\tV\u00e5ra tj\u00e4nster\n\t<\/h2>\n\t\t\t\t<img loading=\"lazy\" decoding=\"async\" src=\"https:\/\/estelaxe.ee\/wp-content\/uploads\/2021\/03\/Vector-2.png\" alt=\"Vector (2)\" itemprop=\"image\" height=\"76\" width=\"113\" title=\"Vector (2)\" onerror=\"this.style.display='none'\"  \/>\n\t<h3>TILLVERKNING AV ELASTOMERPRODUKTER<\/h3>\n<p>Plogsk\u00e4r f\u00f6r sn\u00f6plogar, klossar f\u00f6r glid- och friktionsytor osv.<\/p>\n\t\t\t\t<img loading=\"lazy\" decoding=\"async\" src=\"https:\/\/estelaxe.ee\/wp-content\/uploads\/2021\/03\/Vector-3.png\" alt=\"Vector (3)\" itemprop=\"image\" height=\"73\" width=\"104\" title=\"Vector (3)\" onerror=\"this.style.display='none'\"  \/>\n\t<h3>TILLVERKNING AV MJUKA SKUMPRODUKTER<\/h3>\n<p>S\u00e4ten, ryggst\u00f6d, nackst\u00f6d, s\u00e4ten f\u00f6r motorb\u00e5tar, dynor, madrasser osv.<\/p>\n\t\t\t\t<img loading=\"lazy\" decoding=\"async\" src=\"https:\/\/estelaxe.ee\/wp-content\/uploads\/2021\/03\/Vector-4.png\" alt=\"Vector (4)\" itemprop=\"image\" height=\"110\" width=\"111\" title=\"Vector (4)\" onerror=\"this.style.display='none'\"  \/>\n\t<h3>PLASTPRODUKTER I ABS OCH HDPE<\/h3>\n<p>Plastdetaljer f\u00f6r s\u00e4ten och ryggst\u00f6d, olika t\u00e4ckdetaljer, motork\u00e5por osv.<\/p>\n<p>&nbsp;<\/p>\n\t\t\t\t<img loading=\"lazy\" decoding=\"async\" src=\"https:\/\/estelaxe.ee\/wp-content\/uploads\/2021\/03\/Vector-5.png\" alt=\"Vector (5)\" itemprop=\"image\" height=\"113\" width=\"104\" title=\"Vector (5)\" onerror=\"this.style.display='none'\"  \/>\n\t<h3>S\u00c4TEN<\/h3>\n<p>Tillverkning av sn\u00f6skoter- och t\u00e5gs\u00e4ten<\/p>\n\n","protected":false},"excerpt":{"rendered":"<p>Estelaxe Estelaxe O\u00dc \u00e4r ett f\u00f6retag med estniskt privat kapital som tillverkar polyuretanprodukter sedan 2008. Formellt grundades Estelaxe 2008 men verksamheten inom samma bransch under ett annat namn str\u00e4cker sig tillbaka \u00e4nda till 1998. \u00c5r 2021 har f\u00f6retaget 53 anst\u00e4llda. V\u00e5ra tj\u00e4nster TILLVERKNING AV ELASTOMERPRODUKTER Plogsk\u00e4r f\u00f6r sn\u00f6plogar, klossar f\u00f6r glid- och friktionsytor osv. TILLVERKNING &hellip;<\/p>\n<p class=\"read-more\"> <a class=\"\" href=\"https:\/\/estelaxe.ee\/sv\/om-oss\/\"> <span class=\"screen-reader-text\">Om oss<\/span> L\u00e4s mer &raquo;<\/a><\/p>\n","protected":false},"author":1,"featured_media":908,"parent":0,"menu_order":0,"comment_status":"closed","ping_status":"open","template":"","meta":{"site-sidebar-layout":"no-sidebar","site-content-layout":"page-builder","ast-global-header-display":"","ast-main-header-display":"","ast-hfb-above-header-display":"","ast-hfb-below-header-display":"","ast-hfb-mobile-header-display":"","site-post-title":"disabled","ast-breadcrumbs-content":"","ast-featured-img":"disabled","footer-sml-layout":"","theme-transparent-header-meta":"default","adv-header-id-meta":"","stick-header-meta":"default","header-above-stick-meta":"","header-main-stick-meta":"","header-below-stick-meta":"","footnotes":""},"class_list":["post-906","page","type-page","status-publish","has-post-thumbnail","hentry"],"_links":{"self":[{"href":"https:\/\/estelaxe.ee\/sv\/wp-json\/wp\/v2\/pages\/906","targetHints":{"allow":["GET"]}}],"collection":[{"href":"https:\/\/estelaxe.ee\/sv\/wp-json\/wp\/v2\/pages"}],"about":[{"href":"https:\/\/estelaxe.ee\/sv\/wp-json\/wp\/v2\/types\/page"}],"author":[{"embeddable":true,"href":"https:\/\/estelaxe.ee\/sv\/wp-json\/wp\/v2\/users\/1"}],"replies":[{"embeddable":true,"href":"https:\/\/estelaxe.ee\/sv\/wp-json\/wp\/v2\/comments?post=906"}],"version-history":[{"count":2,"href":"https:\/\/estelaxe.ee\/sv\/wp-json\/wp\/v2\/pages\/906\/revisions"}],"predecessor-version":[{"id":1369,"href":"https:\/\/estelaxe.ee\/sv\/wp-json\/wp\/v2\/pages\/906\/revisions\/1369"}],"wp:featuredmedia":[{"embeddable":true,"href":"https:\/\/estelaxe.ee\/sv\/wp-json\/wp\/v2\/media\/908"}],"wp:attachment":[{"href":"https:\/\/estelaxe.ee\/sv\/wp-json\/wp\/v2\/media?parent=906"}],"curies":[{"name":"wp","href":"https:\/\/api.w.org\/{rel}","templated":true}]}}