{"id":904,"date":"2017-09-15T09:32:51","date_gmt":"2017-09-15T09:32:51","guid":{"rendered":"https:\/\/estelaxe.ee\/home\/"},"modified":"2021-05-13T10:50:35","modified_gmt":"2021-05-13T10:50:35","slug":"home","status":"publish","type":"page","link":"https:\/\/estelaxe.ee\/sv\/","title":{"rendered":"Startsida"},"content":{"rendered":"\n<h1>\n\t\tVi tillverkar s\u00e4ten f\u00f6r t\u00e5g, sn\u00f6skotrar, farkoster och olika salar samt \u00e5t m\u00f6beltillverkare.\n\t<\/h1>\n\t\t\t<a href=\"\/sv\/produkter\/\" target=\"_self\" role=\"button\" rel=\"noopener\">\n\t\t\t\t\t\t\tL\u00c4S MER\n\t\t<\/a>\n\t<ul>\n\t\t<li>\t\t\n\t\t\t\t<img decoding=\"async\" src=\"https:\/\/estelaxe.ee\/wp-content\/uploads\/2021\/03\/image-45.png\" alt=\"image 45\" title=\"image 45\" itemprop=\"image\"\/>\n\t\t<h3>TILLVERKNING AV ELASTOMERPRODUKTER<\/h3><p>Plogsk\u00e4r f\u00f6r sn\u00f6plogar, klossar f\u00f6r glid- och friktionsytor osv.<\/p><\/li><li>\t\t\n\t\t\t\t<img decoding=\"async\" src=\"https:\/\/estelaxe.ee\/wp-content\/uploads\/2021\/03\/image-49.png\" alt=\"image 49\" title=\"image 49\" itemprop=\"image\"\/>\n\t\t<h3>PLOGSK\u00c4R F\u00d6R SN\u00d6PLOGAR, KLOSSAR F\u00d6R GLID- OCH FRIKTIONSYTOR OSV.<\/h3><p>Plogsk\u00e4r f\u00f6r sn\u00f6plogar, klossar f\u00f6r glid- och friktionsytor osv.<\/p><\/li><li>\t\t\n\t\t\t\t<img decoding=\"async\" src=\"https:\/\/estelaxe.ee\/wp-content\/uploads\/2021\/03\/image-47.png\" alt=\"image 47\" title=\"image 47\" itemprop=\"image\"\/>\n\t\t<h3>PLASTPRODUKTER I ABS OCH HDPE<\/h3><p>Plastdetaljer f\u00f6r s\u00e4ten och ryggst\u00f6d, olika t\u00e4ckdetaljer, motork\u00e5por osv.<\/p><\/li><li>\t\t\n\t\t\t\t<img decoding=\"async\" src=\"https:\/\/estelaxe.ee\/wp-content\/uploads\/2021\/03\/image-48.png\" alt=\"image 48\" title=\"image 48\" itemprop=\"image\"\/>\n\t\t<h3>S\u00c4TEN<\/h3><p>Tillverkning av s\u00e4ten f\u00f6r sn\u00f6skotrar och t\u00e5g<\/p><\/li>\t<\/ul>\n<h2>\n\t\tPRODUKTER\n\t<\/h2>\n\t\t\t\t<img decoding=\"async\" src=\"https:\/\/estelaxe.ee\/wp-content\/uploads\/2021\/03\/elasto-1.jpg\" alt=\"elasto\"\/>\n\t\t\t<h3>Elastomerprodukter<\/h3>\n\t\t<a href=\"\/sv\/produkter\/tillverkning-av-elastomerprodukter\/\" target=\"_self\" rel=\"noopener\"><\/a>\n\t\t\t\t<img decoding=\"async\" src=\"https:\/\/estelaxe.ee\/wp-content\/uploads\/2021\/03\/Rectangle-212.jpg\" alt=\"Rectangle 212\"\/>\n\t\t\t<h3>Polyuretanskum<\/h3>\n\t\t<a href=\"\/sv\/produkter\/produkter-i-polyuretanskum\/\" target=\"_self\" rel=\"noopener\"><\/a>\n\t\t\t\t<img decoding=\"async\" src=\"https:\/\/estelaxe.ee\/wp-content\/uploads\/2021\/03\/Rectangle-225.jpg\" alt=\"Rectangle 225\"\/>\n\t\t\t<h3>Plast<\/h3>\n\t\t<a href=\"\/sv\/produkter\/plastprodukter\/\" target=\"_self\" rel=\"noopener\"><\/a>\n\t\t\t\t<img decoding=\"async\" src=\"https:\/\/estelaxe.ee\/wp-content\/uploads\/2021\/03\/Rectangle-222.jpg\" alt=\"Rectangle 222\"\/>\n\t\t\t<h3>Sn\u00f6skoters\u00e4ten<\/h3>\n\t\t<a href=\"\/sv\/produkter\/snoskotersaten\/\" target=\"_self\" rel=\"noopener\"><\/a>\n\t\t\t\t<img decoding=\"async\" src=\"https:\/\/estelaxe.ee\/wp-content\/uploads\/2021\/03\/Rectangle-213.jpg\" alt=\"Rectangle 213\"\/>\n\t\t\t<h3>T\u00e5gs\u00e4ten<\/h3>\n\t\t<a href=\"https:\/\/estelaxe.ee\/sv\/produkter\/tagsaten\/\" target=\"_self\" rel=\"noopener\"><\/a>\n\t\t\t\t<img decoding=\"async\" src=\"https:\/\/estelaxe.ee\/wp-content\/uploads\/2021\/04\/main.jpg\" alt=\"main\"\/>\n\t\t\t<h3>S\u00e4ten f\u00f6r salar<\/h3>\n\t\t<a href=\"\/sv\/produkter\/saten-for-salar\/\" target=\"_self\" rel=\"noopener\"><\/a>\n\n","protected":false},"excerpt":{"rendered":"<p>Vi tillverkar s\u00e4ten f\u00f6r t\u00e5g, sn\u00f6skotrar, farkoster och olika salar samt \u00e5t m\u00f6beltillverkare. L\u00c4S MER TILLVERKNING AV ELASTOMERPRODUKTER Plogsk\u00e4r f\u00f6r sn\u00f6plogar, klossar f\u00f6r glid- och friktionsytor osv. PLOGSK\u00c4R F\u00d6R SN\u00d6PLOGAR, KLOSSAR F\u00d6R GLID- OCH FRIKTIONSYTOR OSV. Plogsk\u00e4r f\u00f6r sn\u00f6plogar, klossar f\u00f6r glid- och friktionsytor osv. PLASTPRODUKTER I ABS OCH HDPE Plastdetaljer f\u00f6r s\u00e4ten och ryggst\u00f6d, &hellip;<\/p>\n<p class=\"read-more\"> <a class=\"\" href=\"https:\/\/estelaxe.ee\/sv\/\"> <span class=\"screen-reader-text\">Startsida<\/span> L\u00e4s mer &raquo;<\/a><\/p>\n","protected":false},"author":1,"featured_media":0,"parent":0,"menu_order":0,"comment_status":"closed","ping_status":"closed","template":"","meta":{"site-sidebar-layout":"no-sidebar","site-content-layout":"page-builder","ast-global-header-display":"","ast-main-header-display":"","ast-hfb-above-header-display":"","ast-hfb-below-header-display":"","ast-hfb-mobile-header-display":"","site-post-title":"disabled","ast-breadcrumbs-content":"","ast-featured-img":"disabled","footer-sml-layout":"","theme-transparent-header-meta":"default","adv-header-id-meta":"","stick-header-meta":"","header-above-stick-meta":"","header-main-stick-meta":"","header-below-stick-meta":"","footnotes":""},"class_list":["post-904","page","type-page","status-publish","hentry"],"_links":{"self":[{"href":"https:\/\/estelaxe.ee\/sv\/wp-json\/wp\/v2\/pages\/904","targetHints":{"allow":["GET"]}}],"collection":[{"href":"https:\/\/estelaxe.ee\/sv\/wp-json\/wp\/v2\/pages"}],"about":[{"href":"https:\/\/estelaxe.ee\/sv\/wp-json\/wp\/v2\/types\/page"}],"author":[{"embeddable":true,"href":"https:\/\/estelaxe.ee\/sv\/wp-json\/wp\/v2\/users\/1"}],"replies":[{"embeddable":true,"href":"https:\/\/estelaxe.ee\/sv\/wp-json\/wp\/v2\/comments?post=904"}],"version-history":[{"count":2,"href":"https:\/\/estelaxe.ee\/sv\/wp-json\/wp\/v2\/pages\/904\/revisions"}],"predecessor-version":[{"id":1360,"href":"https:\/\/estelaxe.ee\/sv\/wp-json\/wp\/v2\/pages\/904\/revisions\/1360"}],"wp:attachment":[{"href":"https:\/\/estelaxe.ee\/sv\/wp-json\/wp\/v2\/media?parent=904"}],"curies":[{"name":"wp","href":"https:\/\/api.w.org\/{rel}","templated":true}]}}