{"id":1039,"date":"2021-03-30T15:27:54","date_gmt":"2021-03-30T15:27:54","guid":{"rendered":"https:\/\/estelaxe.ee\/kontakt\/"},"modified":"2023-06-14T10:55:10","modified_gmt":"2023-06-14T10:55:10","slug":"%d0%ba%d0%be%d0%bd%d1%82%d0%b0%d0%ba%d1%82%d1%8b","status":"publish","type":"page","link":"https:\/\/estelaxe.ee\/ru\/%d0%ba%d0%be%d0%bd%d1%82%d0%b0%d0%ba%d1%82%d1%8b\/","title":{"rendered":"\u041a\u043e\u043d\u0442\u0430\u043a\u0442\u044b"},"content":{"rendered":"\n\n\t<iframe src=\"https:\/\/www.google.com\/maps\/embed?pb=!1m18!1m12!1m3!1d2122.697020265938!2d26.98363021626045!3d57.85738548116821!2m3!1f0!2f0!3f0!3m2!1i1024!2i768!4f13.1!3m3!1m2!1s0x46eafb250bbfd66d%3A0x7b2d41a3aa74fc8d!2sKivimurru%202%2C%20V%C3%B5ru%2C%2065605%20V%C3%B5ru%20maakond!5e0!3m2!1sen!2see!4v1619611051843!5m2!1sen!2see\" width=\"100%\" height=\"350\" allowfullscreen=\"\" loading=\"lazy\"><\/iframe>\n<h4>\n\t\t\u0421\u043a\u043b\u0430\u0434 \u0438 \u043f\u0440\u0438\u0435\u043c \u0442\u043e\u0432\u0430\u0440\u043e\u0432\n\t<\/h4>\n\tLea +372 5322 5658<br \/>\nArvi +372 523 9570\n<h2>\n\t\t\u041a\u043e\u043d\u0442\u0430\u043a\u0442\u044b \u043f\u0435\u0440\u0441\u043e\u043d\u0430\u043b\u0430\n\t<\/h2>\n<h4>\n\t\tLea Jalajas\n\t<\/h4>\n\t<p>Warehouse Manager<\/p>\n\t<ul>\n\t\t<li>\t\t\t\t\n\t\t+372 5322 5658<\/li><li>\t\t\t\t\n\t\tinfo@estelaxe.ee<\/li>\t<\/ul>\n<h4>\n\t\t\u00dclari Palm\n\t<\/h4>\n\t<p>Production Manager for Elastomer Products<\/p>\n\t<ul>\n\t\t<li>\t\t\t\t\n\t\t+372 5308 4950<\/li><li>\t\t\t\t\n\t\tylari@estelaxe.ee<\/li>\t<\/ul>\n<h4>\n\t\tAn\u017eelika M\u00e4ndmaa\n\t<\/h4>\n\t<p>Production Manager for Snowmobile Seats<\/p>\n\t<ul>\n\t\t<li>\t\t\t\t\n\t\t+372 528 3063<\/li><li>\t\t\t\t\n\t\tanzelika@estelaxe.ee<\/li>\t<\/ul>\n<h4>\n\t\tSten Tasso\n\t<\/h4>\n\t<p>Production Manager for Train Seats<\/p>\n\t<ul>\n\t\t<li>\t\t\t\t\n\t\t+372 5373 0450<\/li><li>\t\t\t\t\n\t\tsten@estelaxe.ee<\/li>\t<\/ul>\n<h4>\n\t\tUrmet Lain\n\t<\/h4>\n\t<p>Development Manager<\/p>\n\t<ul>\n\t\t<li>\t\t\t\t\n\t\t+372 5322 5395<\/li><li>\t\t\t\t\n\t\turmet@estelaxe.ee<\/li>\t<\/ul>\n<h4>\n\t\t Virgo Oeselg\n\t<\/h4>\n\t<p>Quality and Technology Park Manager<\/p>\n\t<ul>\n\t\t<li>\t\t\t\t\n\t\t+372 523 8624 <\/li><li>\t\t\t\t\n\t\tvirgo@estelaxe.ee<\/li>\t<\/ul>\n<h4>\n\t\tMonika Lehiste\n\t<\/h4>\n\t<p>Quality specialist<\/p>\n\t<ul>\n\t\t<li>\t\t\t\t\n\t\t+372 5668 7226<\/li><li>\t\t\t\t\n\t\tmonika@estelaxe.ee<\/li>\t<\/ul>\n<h4>\n\t\tSiim Anderson\n\t<\/h4>\n\t<p>Designer<\/p>\n\t<ul>\n\t\t<li>\t\t\t\t\n\t\t+372 5696 1909<\/li><li>\t\t\t\t\n\t\tsiim@estelaxe.ee<\/li>\t<\/ul>\n<h4>\n\t\tAinar Raat\n\t<\/h4>\n\t<p>CNC Cutting<\/p>\n\t<ul>\n\t\t<li>\t\t\t\t\n\t\t+372 5825 2634<\/li><li>\t\t\t\t\n\t\tainar@estelaxe.ee<\/li>\t<\/ul>\n<h4>\n\t\tJuku Saar\n\t<\/h4>\n\t<p>Equipment Manager<\/p>\n\t<ul>\n\t\t<li>\t\t\t\t\n\t\t+372 513 4503<\/li><li>\t\t\t\t\n\t\tjuku@estelaxe.ee<\/li>\t<\/ul>\n<h4>\n\t\tPiret K\u00fcttis\n\t<\/h4>\n\t<p>Personnel Manager<\/p>\n\t<ul>\n\t\t<li>\t\t\t\t\n\t\t+372 5190 1913<\/li><li>\t\t\t\t\n\t\tpiret@estelaxe.ee<\/li>\t<\/ul>\n<h4>\n\t\tKalev Piirim\u00e4gi\n\t<\/h4>\n\t<p>Member of the Board<\/p>\n\t<ul>\n\t\t<li>\t\t\t\t\n\t\t+372 505 2877<\/li><li>\t\t\t\t\n\t\tkalev@estelaxe.ee<\/li>\t<\/ul>\n<h4>\n\t\tPriit Koido\n\t<\/h4>\n\t<p>Member of the Board<\/p>\n\t<ul>\n\t\t<li>\t\t\t\t\n\t\t+372 506 3294<\/li><li>\t\t\t\t\n\t\tpriit@estelaxe.ee<\/li>\t<\/ul>\n<h4>\n\t\tPeeter Piirim\u00e4gi\n\t<\/h4>\n\t<p>Member of the Board<\/p>\n\t<ul>\n\t\t<li>\t\t\t\t\n\t\t+372 523 6624<\/li><li>\t\t\t\t\n\t\tpeeter@estelaxe.ee<\/li>\t<\/ul>\n<h4>\n\t\tLea Jalajas\n\t<\/h4>\n\t<p>\u0417\u0430\u0432\u0435\u0434\u0443\u044e\u0449\u0438\u0439 \u0441\u043a\u043b\u0430\u0434\u043e\u043c<\/p>\n\t<ul>\n\t\t<li>\t\t\t\t\n\t\t+372 5322 5658<\/li><li>\t\t\t\t\n\t\tinfo@estelaxe.ee<\/li>\t<\/ul>\n<h4>\n\t\tJanis Kaaver\n\t<\/h4>\n\t<p>\u041c\u0435\u043d\u0435\u0434\u0436\u0435\u0440 \u043f\u043e \u043f\u0440\u043e\u0438\u0437\u0432\u043e\u0434\u0441\u0442\u0432\u0443 \u044d\u043b\u0430\u0441\u0442\u043e\u043c\u0435\u0440\u043d\u044b\u0445 \u0438\u0437\u0434\u0435\u043b\u0438\u0439<\/p>\n\t<ul>\n\t\t<li>\t\t\t\t\n\t\t+372 504 0062<\/li><li>\t\t\t\t\n\t\tjanis@estelaxe.ee<\/li>\t<\/ul>\n<h4>\n\t\t\u00dclari Palm\n\t<\/h4>\n\t<p>\u041c\u0435\u043d\u0435\u0434\u0436\u0435\u0440 \u043f\u043e \u043f\u0440\u043e\u0438\u0437\u0432\u043e\u0434\u0441\u0442\u0432\u0443 \u043f\u043e\u043b\u0438\u0443\u0440\u0435\u0442\u0430\u043d\u043e\u0432\u044b\u0445 \u0438\u0437\u0434\u0435\u043b\u0438\u0439<\/p>\n\t<ul>\n\t\t<li>\t\t\t\t\n\t\t+372 5308 4950<\/li><li>\t\t\t\t\n\t\tylari@estelaxe.ee<\/li>\t<\/ul>\n<h4>\n\t\tKersti Vill\n\t<\/h4>\n<h4>\n\t\tKersti Vill\n\t<\/h4>\n\t<p>\u041c\u0435\u043d\u0435\u0434\u0436\u0435\u0440 \u043f\u043e \u043f\u0440\u043e\u0438\u0437\u0432\u043e\u0434\u0441\u0442\u0432\u0443 \u0441\u0438\u0434\u0435\u043d\u0438\u0439 \u0434\u043b\u044f \u0441\u043d\u0435\u0433\u043e\u0445\u043e\u0434\u043e\u0432<\/p>\n\t<p>Production Manager for Snowmobile Seats<\/p>\n\t<ul>\n\t\t<li>\t\t\t\t\n\t\t+372 525 3549<\/li><li>\t\t\t\t\n\t\tkersti@estelaxe.ee<\/li>\t<\/ul>\n\t<ul>\n\t\t<li>\t\t\t\t\n\t\t+372 525 3549<\/li><li>\t\t\t\t\n\t\tkersti@estelaxe.ee<\/li>\t<\/ul>\n<h4>\n\t\tSten Tasso\n\t<\/h4>\n\t<p>\u041c\u0435\u043d\u0435\u0434\u0436\u0435\u0440 \u043f\u043e \u043f\u0440\u043e\u0438\u0437\u0432\u043e\u0434\u0441\u0442\u0432\u0443 \u0441\u0438\u0434\u0435\u043d\u0438\u0439 \u0434\u043b\u044f \u043f\u043e\u0435\u0437\u0434\u043e\u0432<\/p>\n\t<ul>\n\t\t<li>\t\t\t\t\n\t\t+372 5373 0450<\/li><li>\t\t\t\t\n\t\tsten@estelaxe.ee<\/li>\t<\/ul>\n<h4>\n\t\tUrmet Lain\n\t<\/h4>\n\t<p>\u0414\u0438\u0440\u0435\u043a\u0442\u043e\u0440 \u043f\u043e \u0440\u0430\u0437\u0432\u0438\u0442\u0438\u044e<\/p>\n\t<ul>\n\t\t<li>\t\t\t\t\n\t\t+372 5322 5395<\/li><li>\t\t\t\t\n\t\turmet@estelaxe.ee<\/li>\t<\/ul>\n<h4>\n\t\tSiim Anderson\n\t<\/h4>\n\t<p>\u041f\u0440\u043e\u0435\u043a\u0442\u0438\u0440\u043e\u0432\u0449\u0438\u043a<\/p>\n\t<ul>\n\t\t<li>\t\t\t\t\n\t\t+372 5696 1909<\/li><li>\t\t\t\t\n\t\tsiim@estelaxe.ee<\/li>\t<\/ul>\n<h4>\n\t\tTaire Ruuder\n\t<\/h4>\n\t<p>\u0421\u043f\u0435\u0446\u0438\u0430\u043b\u0438\u0441\u0442 \u043f\u043e \u043a\u0430\u0447\u0435\u0441\u0442\u0432\u0443<\/p>\n\t<ul>\n\t\t<li>\t\t\t\t\n\t\t+372 528 0740<\/li><li>\t\t\t\t\n\t\ttaire@estelaxe.ee<\/li>\t<\/ul>\n<h4>\n\t\tAinar Raat\n\t<\/h4>\n\t<p>\u0420\u0435\u0437\u043a\u0430 \u043d\u0430 \u0441\u0442\u0430\u043d\u043a\u0430\u0445 \u0441 \u0427\u041f\u0423<\/p>\n\t<ul>\n\t\t<li>\t\t\t\t\n\t\t+372 5825 2634<\/li><li>\t\t\t\t\n\t\tainar@estelaxe.ee<\/li>\t<\/ul>\n<h4>\n\t\tJuku Saar\n\t<\/h4>\n\t<p>\u0422\u0435\u0445\u043d\u0438\u0447\u0435\u0441\u043a\u0438\u0439 \u0434\u0438\u0440\u0435\u043a\u0442\u043e\u0440<\/p>\n\t<ul>\n\t\t<li>\t\t\t\t\n\t\t+372 513 4503<\/li><li>\t\t\t\t\n\t\tjuku@estelaxe.ee<\/li>\t<\/ul>\n<h4>\n\t\tPiret K\u00fcttis\n\t<\/h4>\n\t<p>\u041c\u0435\u043d\u0435\u0434\u0436\u0435\u0440 \u043f\u043e \u043f\u0435\u0440\u0441\u043e\u043d\u0430\u043b\u0443<\/p>\n\t<ul>\n\t\t<li>\t\t\t\t\n\t\t+372 5190 1913<\/li><li>\t\t\t\t\n\t\tpiret@estelaxe.ee<\/li>\t<\/ul>\n<h4>\n\t\tKalev Piirim\u00e4gi\n\t<\/h4>\n\t<p>\u0427\u043b\u0435\u043d \u043f\u0440\u0430\u0432\u043b\u0435\u043d\u0438\u044f<\/p>\n\t<ul>\n\t\t<li>\t\t\t\t\n\t\t+372 505 2877<\/li><li>\t\t\t\t\n\t\tkalev@estelaxe.ee<\/li>\t<\/ul>\n<h4>\n\t\tPriit Koido\n\t<\/h4>\n\t<p>\u0427\u043b\u0435\u043d \u043f\u0440\u0430\u0432\u043b\u0435\u043d\u0438\u044f<\/p>\n\t<ul>\n\t\t<li>\t\t\t\t\n\t\t+372 506 3294<\/li><li>\t\t\t\t\n\t\tpriit@estelaxe.ee<\/li>\t<\/ul>\n<h4>\n\t\tPeeter Piirim\u00e4gi\n\t<\/h4>\n\t<p>\u0427\u043b\u0435\u043d \u043f\u0440\u0430\u0432\u043b\u0435\u043d\u0438\u044f<\/p>\n\t<ul>\n\t\t<li>\t\t\t\t\n\t\t+372 523 6624<\/li><li>\t\t\t\t\n\t\tpeeter@estelaxe.ee<\/li>\t<\/ul>\n\n","protected":false},"excerpt":{"rendered":"<p>\u0421\u043a\u043b\u0430\u0434 \u0438 \u043f\u0440\u0438\u0435\u043c \u0442\u043e\u0432\u0430\u0440\u043e\u0432 Lea +372 5322 5658 Arvi +372 523 9570 \u041a\u043e\u043d\u0442\u0430\u043a\u0442\u044b \u043f\u0435\u0440\u0441\u043e\u043d\u0430\u043b\u0430 Lea Jalajas Warehouse Manager +372 5322 5658 info@estelaxe.ee \u00dclari Palm Production Manager for Elastomer Products +372 5308 4950 ylari@estelaxe.ee An\u017eelika M\u00e4ndmaa Production Manager for Snowmobile Seats +372 528 3063 anzelika@estelaxe.ee Sten Tasso Production Manager for Train Seats +372 5373 0450 sten@estelaxe.ee &hellip;<\/p>\n<p class=\"read-more\"> <a class=\"\" href=\"https:\/\/estelaxe.ee\/ru\/%d0%ba%d0%be%d0%bd%d1%82%d0%b0%d0%ba%d1%82%d1%8b\/\"> <span class=\"screen-reader-text\">\u041a\u043e\u043d\u0442\u0430\u043a\u0442\u044b<\/span> \u0427\u0438\u0442\u0430\u0442\u044c \u043f\u043e\u043b\u043d\u043e\u0441\u0442\u044c\u044e &raquo;<\/a><\/p>\n","protected":false},"author":1,"featured_media":1040,"parent":0,"menu_order":0,"comment_status":"closed","ping_status":"closed","template":"","meta":{"site-sidebar-layout":"no-sidebar","site-content-layout":"page-builder","ast-global-header-display":"","ast-main-header-display":"","ast-hfb-above-header-display":"","ast-hfb-below-header-display":"","ast-hfb-mobile-header-display":"","site-post-title":"disabled","ast-breadcrumbs-content":"","ast-featured-img":"disabled","footer-sml-layout":"","theme-transparent-header-meta":"default","adv-header-id-meta":"","stick-header-meta":"","header-above-stick-meta":"","header-main-stick-meta":"","header-below-stick-meta":"","footnotes":""},"class_list":["post-1039","page","type-page","status-publish","has-post-thumbnail","hentry"],"_links":{"self":[{"href":"https:\/\/estelaxe.ee\/ru\/wp-json\/wp\/v2\/pages\/1039","targetHints":{"allow":["GET"]}}],"collection":[{"href":"https:\/\/estelaxe.ee\/ru\/wp-json\/wp\/v2\/pages"}],"about":[{"href":"https:\/\/estelaxe.ee\/ru\/wp-json\/wp\/v2\/types\/page"}],"author":[{"embeddable":true,"href":"https:\/\/estelaxe.ee\/ru\/wp-json\/wp\/v2\/users\/1"}],"replies":[{"embeddable":true,"href":"https:\/\/estelaxe.ee\/ru\/wp-json\/wp\/v2\/comments?post=1039"}],"version-history":[{"count":7,"href":"https:\/\/estelaxe.ee\/ru\/wp-json\/wp\/v2\/pages\/1039\/revisions"}],"predecessor-version":[{"id":1529,"href":"https:\/\/estelaxe.ee\/ru\/wp-json\/wp\/v2\/pages\/1039\/revisions\/1529"}],"wp:featuredmedia":[{"embeddable":true,"href":"https:\/\/estelaxe.ee\/ru\/wp-json\/wp\/v2\/media\/1040"}],"wp:attachment":[{"href":"https:\/\/estelaxe.ee\/ru\/wp-json\/wp\/v2\/media?parent=1039"}],"curies":[{"name":"wp","href":"https:\/\/api.w.org\/{rel}","templated":true}]}}