{"id":678,"date":"2021-04-23T08:43:55","date_gmt":"2021-04-23T08:43:55","guid":{"rendered":"https:\/\/estelaxe.ee\/tooted\/rongiistmed\/"},"modified":"2021-05-13T10:46:36","modified_gmt":"2021-05-13T10:46:36","slug":"junatuolit","status":"publish","type":"page","link":"https:\/\/estelaxe.ee\/fi\/tuotteet\/junatuolit\/","title":{"rendered":"Junatuolit"},"content":{"rendered":"\n<h3>\n\t\tJUNATUOLIT\n\t<\/h3>\n\t<p>Valmistamme junatuoleja Suomen valtion rautatieyhti\u00f6lle, \u0160koda Transtechille ja Norjan valtion rautatieyhti\u00f6lle. Tuotantoon kuuluvat niin uusien istuinten valmistaminen kuin vanhojen istuinten ja makuuvaunujen peruskorjausta. Valmistamme my\u00f6s sisustusosia juniin, kuten ravintolavaunun p\u00f6yd\u00e4t, sohvat, kaiteet, lasit jne.<\/p>\n\n","protected":false},"excerpt":{"rendered":"<p>JUNATUOLIT Valmistamme junatuoleja Suomen valtion rautatieyhti\u00f6lle, \u0160koda Transtechille ja Norjan valtion rautatieyhti\u00f6lle. Tuotantoon kuuluvat niin uusien istuinten valmistaminen kuin vanhojen istuinten ja makuuvaunujen peruskorjausta. Valmistamme my\u00f6s sisustusosia juniin, kuten ravintolavaunun p\u00f6yd\u00e4t, sohvat, kaiteet, lasit jne.<\/p>\n","protected":false},"author":1,"featured_media":667,"parent":663,"menu_order":0,"comment_status":"closed","ping_status":"open","template":"","meta":{"site-sidebar-layout":"no-sidebar","site-content-layout":"page-builder","ast-global-header-display":"","ast-main-header-display":"","ast-hfb-above-header-display":"","ast-hfb-below-header-display":"","ast-hfb-mobile-header-display":"","site-post-title":"disabled","ast-breadcrumbs-content":"","ast-featured-img":"disabled","footer-sml-layout":"","theme-transparent-header-meta":"default","adv-header-id-meta":"","stick-header-meta":"default","header-above-stick-meta":"","header-main-stick-meta":"","header-below-stick-meta":"","footnotes":""},"class_list":["post-678","page","type-page","status-publish","has-post-thumbnail","hentry"],"_links":{"self":[{"href":"https:\/\/estelaxe.ee\/fi\/wp-json\/wp\/v2\/pages\/678","targetHints":{"allow":["GET"]}}],"collection":[{"href":"https:\/\/estelaxe.ee\/fi\/wp-json\/wp\/v2\/pages"}],"about":[{"href":"https:\/\/estelaxe.ee\/fi\/wp-json\/wp\/v2\/types\/page"}],"author":[{"embeddable":true,"href":"https:\/\/estelaxe.ee\/fi\/wp-json\/wp\/v2\/users\/1"}],"replies":[{"embeddable":true,"href":"https:\/\/estelaxe.ee\/fi\/wp-json\/wp\/v2\/comments?post=678"}],"version-history":[{"count":3,"href":"https:\/\/estelaxe.ee\/fi\/wp-json\/wp\/v2\/pages\/678\/revisions"}],"predecessor-version":[{"id":1240,"href":"https:\/\/estelaxe.ee\/fi\/wp-json\/wp\/v2\/pages\/678\/revisions\/1240"}],"up":[{"embeddable":true,"href":"https:\/\/estelaxe.ee\/fi\/wp-json\/wp\/v2\/pages\/663"}],"wp:featuredmedia":[{"embeddable":true,"href":"https:\/\/estelaxe.ee\/fi\/wp-json\/wp\/v2\/media\/667"}],"wp:attachment":[{"href":"https:\/\/estelaxe.ee\/fi\/wp-json\/wp\/v2\/media?parent=678"}],"curies":[{"name":"wp","href":"https:\/\/api.w.org\/{rel}","templated":true}]}}