{"id":676,"date":"2021-04-23T08:27:58","date_gmt":"2021-04-23T08:27:58","guid":{"rendered":"https:\/\/estelaxe.ee\/tooted\/poluretaanvahu-tooted\/"},"modified":"2023-09-28T07:44:07","modified_gmt":"2023-09-28T07:44:07","slug":"polyuretaanivaahtopohjaiset-tuotteet","status":"publish","type":"page","link":"https:\/\/estelaxe.ee\/fi\/tuotteet\/polyuretaanivaahtopohjaiset-tuotteet\/","title":{"rendered":"Polyuretaanivaahtopohjaiset tuotteet"},"content":{"rendered":"\n<h3>\n\t\tPOLYURETAANIVAAHTO\n\t<\/h3>\n\t<p>Meill\u00e4 on jo 25 vuoden kokemus pehme\u00e4st\u00e4 polyuretaanivaahdosta tuotteiden valmistuksessa. Yrityksen kehityksen, ajanmukaisuuden ja tuotteiden laadun varmistamiseksi k\u00e4yt\u00e4mme maailman huipputasoon kuuluvia Hennecke -valukoneita ja nykyaikaisia alumiinimuotteja.<\/p>\n\n<ul>\n<li>Istuimet<\/li>\n<li>Selk\u00e4nojat<\/li>\n<li>Selk\u00e4nojatyynyt<\/li>\n<li>Erilaiset matot \/patjat<\/li>\n<li>Erilaiset tyynyt sohviin ja nojatuoleihin<\/li>\n<li>Istuin- ja selk\u00e4tyynyt designtuotteille<\/li>\n<li>Veneistuimet k\u00e4si- ja selk\u00e4nojineen ja niskatukineen<\/li>\n<li>Yhteisty\u00f6ss\u00e4 asiakkaan kanssa voimme l\u00f6yt\u00e4\u00e4 erilaisia sopivia ratkaisuja ja tarvittaessa valmistamme muotin, jolla voidaan tuottaa asiakkaan toiveen mukaisia tuotteita<\/li>\n<\/ul>\n\n","protected":false},"excerpt":{"rendered":"<p>POLYURETAANIVAAHTO Meill\u00e4 on jo 25 vuoden kokemus pehme\u00e4st\u00e4 polyuretaanivaahdosta tuotteiden valmistuksessa. Yrityksen kehityksen, ajanmukaisuuden ja tuotteiden laadun varmistamiseksi k\u00e4yt\u00e4mme maailman huipputasoon kuuluvia Hennecke -valukoneita ja nykyaikaisia alumiinimuotteja. Istuimet Selk\u00e4nojat Selk\u00e4nojatyynyt Erilaiset matot \/patjat Erilaiset tyynyt sohviin ja nojatuoleihin Istuin- ja selk\u00e4tyynyt designtuotteille Veneistuimet k\u00e4si- ja selk\u00e4nojineen ja niskatukineen Yhteisty\u00f6ss\u00e4 asiakkaan kanssa voimme l\u00f6yt\u00e4\u00e4 erilaisia sopivia &hellip;<\/p>\n<p class=\"read-more\"> <a class=\"\" href=\"https:\/\/estelaxe.ee\/fi\/tuotteet\/polyuretaanivaahtopohjaiset-tuotteet\/\"> <span class=\"screen-reader-text\">Polyuretaanivaahtopohjaiset tuotteet<\/span> Lue lis\u00e4\u00e4 &raquo;<\/a><\/p>\n","protected":false},"author":1,"featured_media":667,"parent":663,"menu_order":0,"comment_status":"closed","ping_status":"closed","template":"","meta":{"site-sidebar-layout":"no-sidebar","site-content-layout":"page-builder","ast-global-header-display":"","ast-main-header-display":"","ast-hfb-above-header-display":"","ast-hfb-below-header-display":"","ast-hfb-mobile-header-display":"","site-post-title":"disabled","ast-breadcrumbs-content":"","ast-featured-img":"disabled","footer-sml-layout":"","theme-transparent-header-meta":"default","adv-header-id-meta":"","stick-header-meta":"default","header-above-stick-meta":"","header-main-stick-meta":"","header-below-stick-meta":"","footnotes":""},"class_list":["post-676","page","type-page","status-publish","has-post-thumbnail","hentry"],"_links":{"self":[{"href":"https:\/\/estelaxe.ee\/fi\/wp-json\/wp\/v2\/pages\/676","targetHints":{"allow":["GET"]}}],"collection":[{"href":"https:\/\/estelaxe.ee\/fi\/wp-json\/wp\/v2\/pages"}],"about":[{"href":"https:\/\/estelaxe.ee\/fi\/wp-json\/wp\/v2\/types\/page"}],"author":[{"embeddable":true,"href":"https:\/\/estelaxe.ee\/fi\/wp-json\/wp\/v2\/users\/1"}],"replies":[{"embeddable":true,"href":"https:\/\/estelaxe.ee\/fi\/wp-json\/wp\/v2\/comments?post=676"}],"version-history":[{"count":3,"href":"https:\/\/estelaxe.ee\/fi\/wp-json\/wp\/v2\/pages\/676\/revisions"}],"predecessor-version":[{"id":1581,"href":"https:\/\/estelaxe.ee\/fi\/wp-json\/wp\/v2\/pages\/676\/revisions\/1581"}],"up":[{"embeddable":true,"href":"https:\/\/estelaxe.ee\/fi\/wp-json\/wp\/v2\/pages\/663"}],"wp:featuredmedia":[{"embeddable":true,"href":"https:\/\/estelaxe.ee\/fi\/wp-json\/wp\/v2\/media\/667"}],"wp:attachment":[{"href":"https:\/\/estelaxe.ee\/fi\/wp-json\/wp\/v2\/media?parent=676"}],"curies":[{"name":"wp","href":"https:\/\/api.w.org\/{rel}","templated":true}]}}