{"id":674,"date":"2021-04-21T13:36:18","date_gmt":"2021-04-21T13:36:18","guid":{"rendered":"https:\/\/estelaxe.ee\/tooted\/plastmassist-tooted\/"},"modified":"2021-05-13T10:46:39","modified_gmt":"2021-05-13T10:46:39","slug":"muovituotteet","status":"publish","type":"page","link":"https:\/\/estelaxe.ee\/fi\/tuotteet\/muovituotteet\/","title":{"rendered":"Muovituotteet"},"content":{"rendered":"\n<h3>\n\t\tMUOVI\n\t<\/h3>\n\t<p>Muovituotteita valmistamme tyhji\u00f6menetelm\u00e4ll\u00e4 Illigin koneilla. K\u00e4yt\u00e4mme p\u00e4\u00e4asiallisesti ABS- ja HDPE -materiaaleja. Tyhji\u00f6muotoillut osat leikataan ja ty\u00f6stet\u00e4\u00e4n erilaisilla CNC-koneilla<\/p>\n\n<ul>\n<li>Istuinten ja selk\u00e4nojien muoviosat<\/li>\n<li>Selk\u00e4nojien takapuolet<\/li>\n<li>Erilaiset peiteosat<\/li>\n<li>Moottorisuojat<\/li>\n<li>Erilaiset ratkaisut yhteisty\u00f6ss\u00e4 asiakkaan kanssa<\/li>\n<\/ul>\n\n","protected":false},"excerpt":{"rendered":"<p>MUOVI Muovituotteita valmistamme tyhji\u00f6menetelm\u00e4ll\u00e4 Illigin koneilla. K\u00e4yt\u00e4mme p\u00e4\u00e4asiallisesti ABS- ja HDPE -materiaaleja. Tyhji\u00f6muotoillut osat leikataan ja ty\u00f6stet\u00e4\u00e4n erilaisilla CNC-koneilla Istuinten ja selk\u00e4nojien muoviosat Selk\u00e4nojien takapuolet Erilaiset peiteosat Moottorisuojat Erilaiset ratkaisut yhteisty\u00f6ss\u00e4 asiakkaan kanssa<\/p>\n","protected":false},"author":1,"featured_media":667,"parent":663,"menu_order":0,"comment_status":"closed","ping_status":"open","template":"","meta":{"site-sidebar-layout":"no-sidebar","site-content-layout":"page-builder","ast-global-header-display":"","ast-main-header-display":"","ast-hfb-above-header-display":"","ast-hfb-below-header-display":"","ast-hfb-mobile-header-display":"","site-post-title":"disabled","ast-breadcrumbs-content":"","ast-featured-img":"disabled","footer-sml-layout":"","theme-transparent-header-meta":"default","adv-header-id-meta":"","stick-header-meta":"default","header-above-stick-meta":"","header-main-stick-meta":"","header-below-stick-meta":"","footnotes":""},"class_list":["post-674","page","type-page","status-publish","has-post-thumbnail","hentry"],"_links":{"self":[{"href":"https:\/\/estelaxe.ee\/fi\/wp-json\/wp\/v2\/pages\/674","targetHints":{"allow":["GET"]}}],"collection":[{"href":"https:\/\/estelaxe.ee\/fi\/wp-json\/wp\/v2\/pages"}],"about":[{"href":"https:\/\/estelaxe.ee\/fi\/wp-json\/wp\/v2\/types\/page"}],"author":[{"embeddable":true,"href":"https:\/\/estelaxe.ee\/fi\/wp-json\/wp\/v2\/users\/1"}],"replies":[{"embeddable":true,"href":"https:\/\/estelaxe.ee\/fi\/wp-json\/wp\/v2\/comments?post=674"}],"version-history":[{"count":2,"href":"https:\/\/estelaxe.ee\/fi\/wp-json\/wp\/v2\/pages\/674\/revisions"}],"predecessor-version":[{"id":1241,"href":"https:\/\/estelaxe.ee\/fi\/wp-json\/wp\/v2\/pages\/674\/revisions\/1241"}],"up":[{"embeddable":true,"href":"https:\/\/estelaxe.ee\/fi\/wp-json\/wp\/v2\/pages\/663"}],"wp:featuredmedia":[{"embeddable":true,"href":"https:\/\/estelaxe.ee\/fi\/wp-json\/wp\/v2\/media\/667"}],"wp:attachment":[{"href":"https:\/\/estelaxe.ee\/fi\/wp-json\/wp\/v2\/media?parent=674"}],"curies":[{"name":"wp","href":"https:\/\/api.w.org\/{rel}","templated":true}]}}