{"id":671,"date":"2021-04-23T08:38:47","date_gmt":"2021-04-23T08:38:47","guid":{"rendered":"https:\/\/estelaxe.ee\/tooted\/mootorsaanide-istmed\/"},"modified":"2021-05-13T10:46:43","modified_gmt":"2021-05-13T10:46:43","slug":"moottorikelkkojen-istuimet","status":"publish","type":"page","link":"https:\/\/estelaxe.ee\/fi\/tuotteet\/moottorikelkkojen-istuimet\/","title":{"rendered":"Moottorikelkkojen istuimet"},"content":{"rendered":"\n<h3>\n\t\tKELKKAISTUIMET\n\t<\/h3>\n\t<p>Estelaxen moottorikelkkojen istuinten tuotantoyksikk\u00f6 valmistaa tunnetulle huipputekij\u00e4lle Bombardierille valmisratkaisuna sek\u00e4 urheilu-, harraste- ett\u00e4 ty\u00f6kelkkojen istuimia.<\/p>\n\n","protected":false},"excerpt":{"rendered":"<p>KELKKAISTUIMET Estelaxen moottorikelkkojen istuinten tuotantoyksikk\u00f6 valmistaa tunnetulle huipputekij\u00e4lle Bombardierille valmisratkaisuna sek\u00e4 urheilu-, harraste- ett\u00e4 ty\u00f6kelkkojen istuimia.<\/p>\n","protected":false},"author":1,"featured_media":673,"parent":663,"menu_order":0,"comment_status":"closed","ping_status":"open","template":"","meta":{"site-sidebar-layout":"no-sidebar","site-content-layout":"page-builder","ast-global-header-display":"","ast-main-header-display":"","ast-hfb-above-header-display":"","ast-hfb-below-header-display":"","ast-hfb-mobile-header-display":"","site-post-title":"disabled","ast-breadcrumbs-content":"","ast-featured-img":"disabled","footer-sml-layout":"","theme-transparent-header-meta":"default","adv-header-id-meta":"","stick-header-meta":"default","header-above-stick-meta":"","header-main-stick-meta":"","header-below-stick-meta":"","footnotes":""},"class_list":["post-671","page","type-page","status-publish","has-post-thumbnail","hentry"],"_links":{"self":[{"href":"https:\/\/estelaxe.ee\/fi\/wp-json\/wp\/v2\/pages\/671","targetHints":{"allow":["GET"]}}],"collection":[{"href":"https:\/\/estelaxe.ee\/fi\/wp-json\/wp\/v2\/pages"}],"about":[{"href":"https:\/\/estelaxe.ee\/fi\/wp-json\/wp\/v2\/types\/page"}],"author":[{"embeddable":true,"href":"https:\/\/estelaxe.ee\/fi\/wp-json\/wp\/v2\/users\/1"}],"replies":[{"embeddable":true,"href":"https:\/\/estelaxe.ee\/fi\/wp-json\/wp\/v2\/comments?post=671"}],"version-history":[{"count":2,"href":"https:\/\/estelaxe.ee\/fi\/wp-json\/wp\/v2\/pages\/671\/revisions"}],"predecessor-version":[{"id":1242,"href":"https:\/\/estelaxe.ee\/fi\/wp-json\/wp\/v2\/pages\/671\/revisions\/1242"}],"up":[{"embeddable":true,"href":"https:\/\/estelaxe.ee\/fi\/wp-json\/wp\/v2\/pages\/663"}],"wp:featuredmedia":[{"embeddable":true,"href":"https:\/\/estelaxe.ee\/fi\/wp-json\/wp\/v2\/media\/673"}],"wp:attachment":[{"href":"https:\/\/estelaxe.ee\/fi\/wp-json\/wp\/v2\/media?parent=671"}],"curies":[{"name":"wp","href":"https:\/\/api.w.org\/{rel}","templated":true}]}}