{"id":668,"date":"2021-03-30T15:25:36","date_gmt":"2021-03-30T15:25:36","guid":{"rendered":"https:\/\/estelaxe.ee\/tooted\/elastomeertoodete-valmistamine\/"},"modified":"2021-05-13T10:46:28","modified_gmt":"2021-05-13T10:46:28","slug":"elastomeeripohjaisten-tuotteiden","status":"publish","type":"page","link":"https:\/\/estelaxe.ee\/fi\/tuotteet\/elastomeeripohjaisten-tuotteiden\/","title":{"rendered":"Elastomeeripohjaisten tuotteiden"},"content":{"rendered":"\n<h3>\n\t\tELASTOMEERITUOTTEET\n\t<\/h3>\n\t<p>Valamme PU-elastomeeria. T\u00e4m\u00e4 materiaali s\u00e4ilytt\u00e4\u00e4 tekniset ominaisuutensa l\u00e4mp\u00f6tila-alueella -40 \u2070C &#8230; + 100 \u2070C. Vakiov\u00e4rein\u00e4 k\u00e4yt\u00e4mme luonnonv\u00e4ri\u00e4 (beige), mustaa, harmaa, keltaista ja sinist\u00e4. Tuotteita on mahdollista valmistaa eri vahvuuksilla &#8211; Shore A 55 &#8211; D70.<\/p>\n<h3>\n\t\tESTELAXE VALMISTAA ELASTOMEERISTA SEURAAVIA TUOTTEITA:\n\t<\/h3>\n\t&#8211; Lumiaurat &#8211; kasvava trendi, koska metalliset ter\u00e4t rikkovat asfalttia ja aiheuttavat melua. Lentoasemilla ja -kentill\u00e4 elastomeeriter\u00e4 sulkee pois my\u00f6s kipin\u00f6iden sytytt\u00e4m\u00e4n tulipalon vaaran.<br \/>\n&#8211; Liukupinnat ja -palat kaivoskoneisiin.<br \/>\n&#8211; Aluslavat ja kalvot kuljetinhihnoille.<br \/>\n&#8211; Palat koneisiin, joiden rakenneryhmien t\u00e4ytyy kompensoida t\u00e4r\u00e4hdyksi\u00e4 ja kest\u00e4\u00e4 toistuvia iskuja.<br \/>\n&#8211; Suojukset erilaisille rullille \/ teloille, joita k\u00e4ytet\u00e4\u00e4n puuteollisuudessa ja muualla tuotannossa.\n\n","protected":false},"excerpt":{"rendered":"<p>ELASTOMEERITUOTTEET Valamme PU-elastomeeria. T\u00e4m\u00e4 materiaali s\u00e4ilytt\u00e4\u00e4 tekniset ominaisuutensa l\u00e4mp\u00f6tila-alueella -40 \u2070C &#8230; + 100 \u2070C. Vakiov\u00e4rein\u00e4 k\u00e4yt\u00e4mme luonnonv\u00e4ri\u00e4 (beige), mustaa, harmaa, keltaista ja sinist\u00e4. Tuotteita on mahdollista valmistaa eri vahvuuksilla &#8211; Shore A 55 &#8211; D70. ESTELAXE VALMISTAA ELASTOMEERISTA SEURAAVIA TUOTTEITA: &#8211; Lumiaurat &#8211; kasvava trendi, koska metalliset ter\u00e4t rikkovat asfalttia ja aiheuttavat melua. Lentoasemilla &hellip;<\/p>\n<p class=\"read-more\"> <a class=\"\" href=\"https:\/\/estelaxe.ee\/fi\/tuotteet\/elastomeeripohjaisten-tuotteiden\/\"> <span class=\"screen-reader-text\">Elastomeeripohjaisten tuotteiden<\/span> Lue lis\u00e4\u00e4 &raquo;<\/a><\/p>\n","protected":false},"author":1,"featured_media":670,"parent":663,"menu_order":0,"comment_status":"closed","ping_status":"open","template":"","meta":{"site-sidebar-layout":"no-sidebar","site-content-layout":"page-builder","ast-global-header-display":"","ast-main-header-display":"","ast-hfb-above-header-display":"","ast-hfb-below-header-display":"","ast-hfb-mobile-header-display":"","site-post-title":"disabled","ast-breadcrumbs-content":"","ast-featured-img":"disabled","footer-sml-layout":"","theme-transparent-header-meta":"default","adv-header-id-meta":"","stick-header-meta":"default","header-above-stick-meta":"","header-main-stick-meta":"","header-below-stick-meta":"","footnotes":""},"class_list":["post-668","page","type-page","status-publish","has-post-thumbnail","hentry"],"_links":{"self":[{"href":"https:\/\/estelaxe.ee\/fi\/wp-json\/wp\/v2\/pages\/668","targetHints":{"allow":["GET"]}}],"collection":[{"href":"https:\/\/estelaxe.ee\/fi\/wp-json\/wp\/v2\/pages"}],"about":[{"href":"https:\/\/estelaxe.ee\/fi\/wp-json\/wp\/v2\/types\/page"}],"author":[{"embeddable":true,"href":"https:\/\/estelaxe.ee\/fi\/wp-json\/wp\/v2\/users\/1"}],"replies":[{"embeddable":true,"href":"https:\/\/estelaxe.ee\/fi\/wp-json\/wp\/v2\/comments?post=668"}],"version-history":[{"count":2,"href":"https:\/\/estelaxe.ee\/fi\/wp-json\/wp\/v2\/pages\/668\/revisions"}],"predecessor-version":[{"id":1238,"href":"https:\/\/estelaxe.ee\/fi\/wp-json\/wp\/v2\/pages\/668\/revisions\/1238"}],"up":[{"embeddable":true,"href":"https:\/\/estelaxe.ee\/fi\/wp-json\/wp\/v2\/pages\/663"}],"wp:featuredmedia":[{"embeddable":true,"href":"https:\/\/estelaxe.ee\/fi\/wp-json\/wp\/v2\/media\/670"}],"wp:attachment":[{"href":"https:\/\/estelaxe.ee\/fi\/wp-json\/wp\/v2\/media?parent=668"}],"curies":[{"name":"wp","href":"https:\/\/api.w.org\/{rel}","templated":true}]}}