{"id":665,"date":"2021-04-26T09:57:14","date_gmt":"2021-04-26T09:57:14","guid":{"rendered":"https:\/\/estelaxe.ee\/tooted\/auditooriumite-ja-saalide-istmed\/"},"modified":"2021-05-13T10:46:46","modified_gmt":"2021-05-13T10:46:46","slug":"istuimet-saleihin","status":"publish","type":"page","link":"https:\/\/estelaxe.ee\/fi\/tuotteet\/istuimet-saleihin\/","title":{"rendered":"Istuimet saleihin"},"content":{"rendered":"\n<h3>\n\t\tISTUIMET AUDITORIOIHIN, TEATTEREIHIN JA ELOKUVATEATTEREIHIN \n\t<\/h3>\n\t<p>Valmistamme kangas- ja nahkap\u00e4\u00e4llysteisi\u00e4 istuimia teattereihin, elokuvateattereihin ja auditorioihin &#8211; tarjoamme niin valmiita ratkaisuja kuin peruskorjausta.<\/p>\n\n","protected":false},"excerpt":{"rendered":"<p>ISTUIMET AUDITORIOIHIN, TEATTEREIHIN JA ELOKUVATEATTEREIHIN Valmistamme kangas- ja nahkap\u00e4\u00e4llysteisi\u00e4 istuimia teattereihin, elokuvateattereihin ja auditorioihin &#8211; tarjoamme niin valmiita ratkaisuja kuin peruskorjausta.<\/p>\n","protected":false},"author":1,"featured_media":667,"parent":663,"menu_order":0,"comment_status":"closed","ping_status":"open","template":"","meta":{"site-sidebar-layout":"no-sidebar","site-content-layout":"page-builder","ast-global-header-display":"","ast-main-header-display":"","ast-hfb-above-header-display":"","ast-hfb-below-header-display":"","ast-hfb-mobile-header-display":"","site-post-title":"disabled","ast-breadcrumbs-content":"","ast-featured-img":"disabled","footer-sml-layout":"","theme-transparent-header-meta":"default","adv-header-id-meta":"","stick-header-meta":"default","header-above-stick-meta":"","header-main-stick-meta":"","header-below-stick-meta":"","footnotes":""},"class_list":["post-665","page","type-page","status-publish","has-post-thumbnail","hentry"],"_links":{"self":[{"href":"https:\/\/estelaxe.ee\/fi\/wp-json\/wp\/v2\/pages\/665","targetHints":{"allow":["GET"]}}],"collection":[{"href":"https:\/\/estelaxe.ee\/fi\/wp-json\/wp\/v2\/pages"}],"about":[{"href":"https:\/\/estelaxe.ee\/fi\/wp-json\/wp\/v2\/types\/page"}],"author":[{"embeddable":true,"href":"https:\/\/estelaxe.ee\/fi\/wp-json\/wp\/v2\/users\/1"}],"replies":[{"embeddable":true,"href":"https:\/\/estelaxe.ee\/fi\/wp-json\/wp\/v2\/comments?post=665"}],"version-history":[{"count":2,"href":"https:\/\/estelaxe.ee\/fi\/wp-json\/wp\/v2\/pages\/665\/revisions"}],"predecessor-version":[{"id":1243,"href":"https:\/\/estelaxe.ee\/fi\/wp-json\/wp\/v2\/pages\/665\/revisions\/1243"}],"up":[{"embeddable":true,"href":"https:\/\/estelaxe.ee\/fi\/wp-json\/wp\/v2\/pages\/663"}],"wp:featuredmedia":[{"embeddable":true,"href":"https:\/\/estelaxe.ee\/fi\/wp-json\/wp\/v2\/media\/667"}],"wp:attachment":[{"href":"https:\/\/estelaxe.ee\/fi\/wp-json\/wp\/v2\/media?parent=665"}],"curies":[{"name":"wp","href":"https:\/\/api.w.org\/{rel}","templated":true}]}}