{"id":663,"date":"2021-03-30T14:07:51","date_gmt":"2021-03-30T14:07:51","guid":{"rendered":"https:\/\/estelaxe.ee\/tooted\/"},"modified":"2023-09-28T07:45:18","modified_gmt":"2023-09-28T07:45:18","slug":"tuotteet","status":"publish","type":"page","link":"https:\/\/estelaxe.ee\/fi\/tuotteet\/","title":{"rendered":"Tuotteet"},"content":{"rendered":"\n<h2>\n\t\tEstelaxe\n\t<\/h2>\n\t<p>Estelaxe O\u00dc on polyuretaanituotteita valmistava yritys, joka on perustettu vuonna 2008 ja perustuu virolaiseen yksityiseen p\u00e4\u00e4omaan. Virallisesti aloitti Estelaxe toimintansa vuonna 2008, mutta on samalla alalla toiminut toisella toiminimell\u00e4 vuodesta 1998. Vuonna 2023 yrityksess\u00e4 ty\u00f6skentelee 58 henkil\u00f6\u00e4.<\/p>\n\t\t\t\t<img decoding=\"async\" src=\"https:\/\/estelaxe.ee\/wp-content\/uploads\/2021\/03\/elasto-1.jpg\" alt=\"elasto\"\/>\n\t\t\t<h3>Elastomeerituotteet<\/h3>\n\t\t<a href=\"\/fi\/tuotteet\/elastomeeripohjaisten-tuotteiden\/\" target=\"_self\" rel=\"noopener\"><\/a>\n\t\t\t\t<img decoding=\"async\" src=\"https:\/\/estelaxe.ee\/wp-content\/uploads\/2021\/03\/Rectangle-212.jpg\" alt=\"Rectangle 212\"\/>\n\t\t\t<h3>Polyuretaanivaahto<\/h3>\n\t\t<a href=\"\/fi\/tuotteet\/polyuretaanivaahtopohjaiset-tuotteet\/\" target=\"_self\" rel=\"noopener\"><\/a>\n\t\t\t\t<img decoding=\"async\" src=\"https:\/\/estelaxe.ee\/wp-content\/uploads\/2021\/03\/Rectangle-225.jpg\" alt=\"Rectangle 225\"\/>\n\t\t\t<h3>Muovi<\/h3>\n\t\t<a href=\"\/fi\/tuotteet\/muovituotteet\/\" target=\"_self\" rel=\"noopener\"><\/a>\n\t\t\t\t<img decoding=\"async\" src=\"https:\/\/estelaxe.ee\/wp-content\/uploads\/2021\/03\/Rectangle-222.jpg\" alt=\"Rectangle 222\"\/>\n\t\t\t<h3>Moottorikelkkojen istuimet<\/h3>\n\t\t<a href=\"\/fi\/tuotteet\/moottorikelkkojen-istuimet\/\" target=\"_self\" rel=\"noopener\"><\/a>\n\t\t\t\t<img decoding=\"async\" src=\"https:\/\/estelaxe.ee\/wp-content\/uploads\/2021\/03\/Rectangle-213.jpg\" alt=\"Rectangle 213\"\/>\n\t\t\t<h3>Junatuolit<\/h3>\n\t\t<a href=\"\/fi\/tuotteet\/junatuolit\/\" target=\"_self\" rel=\"noopener\"><\/a>\n\t\t\t\t<img decoding=\"async\" src=\"https:\/\/estelaxe.ee\/wp-content\/uploads\/2021\/04\/main.jpg\" alt=\"main\"\/>\n\t\t\t<h3>Istuimet saleihin<\/h3>\n\t\t<a href=\"\/fi\/tuotteet\/istuimet-saleihin\/\" target=\"_self\" rel=\"noopener\"><\/a>\n\n","protected":false},"excerpt":{"rendered":"<p>Estelaxe Estelaxe O\u00dc on polyuretaanituotteita valmistava yritys, joka on perustettu vuonna 2008 ja perustuu virolaiseen yksityiseen p\u00e4\u00e4omaan. Virallisesti aloitti Estelaxe toimintansa vuonna 2008, mutta on samalla alalla toiminut toisella toiminimell\u00e4 vuodesta 1998. Vuonna 2023 yrityksess\u00e4 ty\u00f6skentelee 58 henkil\u00f6\u00e4. Elastomeerituotteet Polyuretaanivaahto Muovi Moottorikelkkojen istuimet Junatuolit Istuimet saleihin<\/p>\n","protected":false},"author":1,"featured_media":0,"parent":0,"menu_order":0,"comment_status":"closed","ping_status":"closed","template":"","meta":{"site-sidebar-layout":"no-sidebar","site-content-layout":"page-builder","ast-global-header-display":"","ast-main-header-display":"","ast-hfb-above-header-display":"","ast-hfb-below-header-display":"","ast-hfb-mobile-header-display":"","site-post-title":"disabled","ast-breadcrumbs-content":"","ast-featured-img":"disabled","footer-sml-layout":"","theme-transparent-header-meta":"default","adv-header-id-meta":"","stick-header-meta":"","header-above-stick-meta":"","header-main-stick-meta":"","header-below-stick-meta":"","footnotes":""},"class_list":["post-663","page","type-page","status-publish","hentry"],"_links":{"self":[{"href":"https:\/\/estelaxe.ee\/fi\/wp-json\/wp\/v2\/pages\/663","targetHints":{"allow":["GET"]}}],"collection":[{"href":"https:\/\/estelaxe.ee\/fi\/wp-json\/wp\/v2\/pages"}],"about":[{"href":"https:\/\/estelaxe.ee\/fi\/wp-json\/wp\/v2\/types\/page"}],"author":[{"embeddable":true,"href":"https:\/\/estelaxe.ee\/fi\/wp-json\/wp\/v2\/users\/1"}],"replies":[{"embeddable":true,"href":"https:\/\/estelaxe.ee\/fi\/wp-json\/wp\/v2\/comments?post=663"}],"version-history":[{"count":3,"href":"https:\/\/estelaxe.ee\/fi\/wp-json\/wp\/v2\/pages\/663\/revisions"}],"predecessor-version":[{"id":1587,"href":"https:\/\/estelaxe.ee\/fi\/wp-json\/wp\/v2\/pages\/663\/revisions\/1587"}],"wp:attachment":[{"href":"https:\/\/estelaxe.ee\/fi\/wp-json\/wp\/v2\/media?parent=663"}],"curies":[{"name":"wp","href":"https:\/\/api.w.org\/{rel}","templated":true}]}}