{"id":660,"date":"2021-03-30T15:21:59","date_gmt":"2021-03-30T15:21:59","guid":{"rendered":"https:\/\/estelaxe.ee\/projektid\/"},"modified":"2022-07-25T10:50:39","modified_gmt":"2022-07-25T10:50:39","slug":"projektit","status":"publish","type":"page","link":"https:\/\/estelaxe.ee\/fi\/projektit\/","title":{"rendered":"Projektit"},"content":{"rendered":"\n<h3>\n\t\tTUKI\n\t<\/h3>\n\tMatalapainevalun teknologian kehitt\u00e4minen istuintyynyjen valmistamiseksi<br \/>\nesivaahdotetusta palamattomasta silikonivaahdosta<br \/>\n8.5.2019 &#8211; 31.01.2023<br \/>\nT\u00e4m\u00e4n projektin teht\u00e4v\u00e4n\u00e4 on kehitt\u00e4\u00e4 teknologia, joka mahdollistaa matalapainevalun periaatteella teollisesti ja skaalautuvasti valmistaa verhoilumateriaaleja tulenkest\u00e4v\u00e4st\u00e4 silikonivaahdosta. Teknologian on sis\u00e4llett\u00e4v\u00e4 yhteensopivia prosesseja, niiden toteuttamiseen sopivien laitteiden konsepteja sek\u00e4 niin prosessiin kuin laitteisiin sovitettuja materiaaleja. Koska polyuretaanivaahtojen teknologiasta tunnettuja prosesseja ja laitteita ei voida k\u00e4ytt\u00e4\u00e4 suoraan silikonivaahtojen valmistamiseksi, pit\u00e4\u00e4 luoda konseptit innovatiivisiin laitteisiin, valmistaa niiden prototyypit, joiden avulla prosesseja testata sek\u00e4 optimoida.\n<p>Tuen m\u00e4\u00e4r\u00e4: 633 838.80 EUR<\/p>\n\t\t\t\t<img loading=\"lazy\" decoding=\"async\" src=\"https:\/\/estelaxe.ee\/wp-content\/uploads\/2021\/03\/el_regionaalarengu_fond_horisontaalne.jpg\" alt=\"el_regionaalarengu_fond_horisontaalne\" itemprop=\"image\" height=\"579\" width=\"1000\" title=\"el_regionaalarengu_fond_horisontaalne\" onerror=\"this.style.display='none'\"  \/>\n\n","protected":false},"excerpt":{"rendered":"<p>TUKI Matalapainevalun teknologian kehitt\u00e4minen istuintyynyjen valmistamiseksi esivaahdotetusta palamattomasta silikonivaahdosta 8.5.2019 &#8211; 31.01.2023 T\u00e4m\u00e4n projektin teht\u00e4v\u00e4n\u00e4 on kehitt\u00e4\u00e4 teknologia, joka mahdollistaa matalapainevalun periaatteella teollisesti ja skaalautuvasti valmistaa verhoilumateriaaleja tulenkest\u00e4v\u00e4st\u00e4 silikonivaahdosta. Teknologian on sis\u00e4llett\u00e4v\u00e4 yhteensopivia prosesseja, niiden toteuttamiseen sopivien laitteiden konsepteja sek\u00e4 niin prosessiin kuin laitteisiin sovitettuja materiaaleja. Koska polyuretaanivaahtojen teknologiasta tunnettuja prosesseja ja laitteita ei voida &hellip;<\/p>\n<p class=\"read-more\"> <a class=\"\" href=\"https:\/\/estelaxe.ee\/fi\/projektit\/\"> <span class=\"screen-reader-text\">Projektit<\/span> Lue lis\u00e4\u00e4 &raquo;<\/a><\/p>\n","protected":false},"author":1,"featured_media":662,"parent":0,"menu_order":0,"comment_status":"closed","ping_status":"closed","template":"","meta":{"site-sidebar-layout":"no-sidebar","site-content-layout":"page-builder","ast-global-header-display":"","ast-main-header-display":"","ast-hfb-above-header-display":"","ast-hfb-below-header-display":"","ast-hfb-mobile-header-display":"","site-post-title":"disabled","ast-breadcrumbs-content":"","ast-featured-img":"disabled","footer-sml-layout":"","theme-transparent-header-meta":"default","adv-header-id-meta":"","stick-header-meta":"","header-above-stick-meta":"","header-main-stick-meta":"","header-below-stick-meta":"","footnotes":""},"class_list":["post-660","page","type-page","status-publish","has-post-thumbnail","hentry"],"_links":{"self":[{"href":"https:\/\/estelaxe.ee\/fi\/wp-json\/wp\/v2\/pages\/660","targetHints":{"allow":["GET"]}}],"collection":[{"href":"https:\/\/estelaxe.ee\/fi\/wp-json\/wp\/v2\/pages"}],"about":[{"href":"https:\/\/estelaxe.ee\/fi\/wp-json\/wp\/v2\/types\/page"}],"author":[{"embeddable":true,"href":"https:\/\/estelaxe.ee\/fi\/wp-json\/wp\/v2\/users\/1"}],"replies":[{"embeddable":true,"href":"https:\/\/estelaxe.ee\/fi\/wp-json\/wp\/v2\/comments?post=660"}],"version-history":[{"count":3,"href":"https:\/\/estelaxe.ee\/fi\/wp-json\/wp\/v2\/pages\/660\/revisions"}],"predecessor-version":[{"id":1461,"href":"https:\/\/estelaxe.ee\/fi\/wp-json\/wp\/v2\/pages\/660\/revisions\/1461"}],"wp:featuredmedia":[{"embeddable":true,"href":"https:\/\/estelaxe.ee\/fi\/wp-json\/wp\/v2\/media\/662"}],"wp:attachment":[{"href":"https:\/\/estelaxe.ee\/fi\/wp-json\/wp\/v2\/media?parent=660"}],"curies":[{"name":"wp","href":"https:\/\/api.w.org\/{rel}","templated":true}]}}