{"id":659,"date":"2021-03-29T14:49:40","date_gmt":"2021-03-29T14:49:40","guid":{"rendered":"https:\/\/estelaxe.ee\/privaatsustingimused\/"},"modified":"2021-05-07T14:50:27","modified_gmt":"2021-05-07T14:50:27","slug":"tietosuojakaytanto","status":"publish","type":"page","link":"https:\/\/estelaxe.ee\/fi\/tietosuojakaytanto\/","title":{"rendered":"Tietosuojak\u00e4yt\u00e4nt\u00f6"},"content":{"rendered":"\n\n\t<p>Valid from 01.05.2021<\/p>\n<p>This privacy policy regulates the processing of personal data and the use of cookies on the website of Estelaxe O\u00dc (hereinafter <em>Estelaxe<\/em>) https:\/\/Estelaxe.ee (hereinafter\u00a0<em>website<\/em>).<\/p>\n<h4><strong>DEFINITIONS<\/strong><\/h4>\n<p><strong>Processing of personal data<\/strong>\u00a0is any activity perfo<a id=\"aGoBack\"><\/a>rmed with the personal data of the user of the website (hereinafter\u00a0<em>user<\/em>) &#8211; collection, processing, storage, correction, or deletion of data.<\/p>\n<p><strong>Users<\/strong>\u00a0are all persons who visit the website, consume services, or provide information to Estelaxe. For example, reading articles, subscribing to services, or contacting Estelaxe by email.<\/p>\n<p><strong>The services<\/strong>\u00a0are all free and paid products and services offered by Estelaxe.<\/p>\n<h4><strong>PROCESSING OF PERSONAL DATA<\/strong><\/h4>\n<p>By using the website, the user consents to the processing of his\/her data in accordance with these privacy terms.<\/p>\n<p>Estelaxe collects the following personal data of users through the website in the following ways:<\/p>\n<p>\u00b7\u00a0<strong>user email address<\/strong>\u00a0&#8211; When a user joins a mailing list or sends an email.<\/p>\n<p>\u00b7\u00a0<strong>user name and email address<\/strong>\u00a0&#8211; when the user makes an information request;<\/p>\n<p>\u00b7\u00a0<strong>Website traffic statistics<\/strong>\u00a0&#8211; using Google Analytics, Facebook Pixel.<\/p>\n<h4><strong>USE OF PERSONAL DATA<\/strong><\/h4>\n<p>Estelaxe uses personal data:<\/p>\n<p>\u00b7\u00a0<strong>to provide a service to the<\/strong>\u00a0user<u>,<\/u>\u00a0such as concluding and performing a contract, communicating with the user, forwarding invoices;<\/p>\n<p>\u00b7\u00a0<strong>to send notifications<\/strong>\u00a0about new articles, services, and campaigns to the user&#8217;s email address, but only with the user&#8217;s prior consent.<\/p>\n\n<p>The user has the right to prohibit the processing of his\/her personal data at any time, unless it is necessary to fulfill a requirement arising from the contract, including the provision of a service.<\/p>\n<h4><strong>TRANSFER OF PERSONAL DATA TO THIRD PARTIES\u00a0<\/strong><\/h4>\n<p><strong>The third party<\/strong>\u00a0is the contractual partner of Estelaxe, which processes personal data and whose product or service offers services to the user of Estelaxe.<\/p>\n<p>For its daily activities, Estelaxe can use third parties who provide<\/p>\n<p>\u00b7\u00a0email transmission and management system,<\/p>\n<p>\u00b7\u00a0website hosting,<\/p>\n<p>\u00b7\u00a0analysis of website usage statistics,<\/p>\n<p>\u00b7\u00a0use of social media and analysis of social media statistics,<\/p>\n<p>\u00b7\u00a0use of accounting software.<\/p>\n<p>In addition to the third parties mentioned in the previous clause, Estelaxe transmits the user&#8217;s personal data to cooperation partners. This is only to the extent necessary to provide the service to the user.<\/p>\n<h4><strong>STORAGE AND SECURITY OF PERSONAL DATA<\/strong><\/h4>\n<p>Estelaxe retains personal data for as long as it is necessary for the purpose or pursuant to law. For example, accounting data is retained for seven (7) years from the end of the financial year, and the email address on the mailing list is retained until the user wishes to remove it.<\/p>\n<p>Estelaxe takes all reasonable measures to protect the personal data processed. Only authorized persons have access to the modification and processing of personal data, and the personal data of all users are treated as confidential information.<\/p>\n<h4><strong>USER RIGHTS<\/strong><\/h4>\n<p>The user has the right at any time to:<\/p>\n<p>\u00b7\u00a0express a request for access to their data;<\/p>\n<p>\u00b7\u00a0to demand the correction, supplementation, or deletion of personal data under the conditions prescribed by law;<\/p>\n<p>\u00b7\u00a0require restrictions on the processing of personal data;<\/p>\n<p>\u00b7\u00a0require the transfer of personal data.<\/p>\n<p>In order to exercise their rights, the user must send a corresponding request to the email address info@Estelaxe.ee.<\/p>\n<p>If the user belongs to the Estelaxe mailing list, he or she can delete himself or herself from the mailing list and unsubscribe from further messages via the link at the end of the email.<\/p>\n<p>To restrict the use of cookies, the user can make appropriate selections in their browser settings.<\/p>\n<p>If the user believes that his or her rights have been violated during the processing of personal data, he or she has the right to apply to the Data Protection Inspectorate.<\/p>\n<h4><strong>COOKIES<\/strong><\/h4>\n<p>The Estelaxe website uses cookies in order to ensure better user experiences and more efficient marketing activities and to collect usage statistics.<\/p>\n<p>By using the Estelaxe website, the user agrees to the use of cookies in the manner described in this procedure.<\/p>\n<p><strong>A cookie<\/strong>\u00a0is a small text file that a web browser automatically saves to a device used by a user.\u00a0Cookies may be created by different service providers, such as Google and Facebook. Cookies are not dangerous for your computer.<\/p>\n<p>There are two types of cookies:<\/p>\n<p>1st\u00a0<strong>Persistent cookies<\/strong>\u00a0that remain permanently in the cookie file on the user&#8217;s computer. They can be used, for example, to identify the user as a repeat visitor to the website and to adapt the content of the website to the user&#8217;s needs or to collect statistics.<\/p>\n<p>2nd\u00a0<strong>Session cookies<\/strong>\u00a0are temporary and disappear when the user leaves the website or closes their browser. Session cookies may be used to enable certain functions of the website, such as requesting a service or product, etc.<\/p>\n<p>Cookies are used to collect information about how the website is used to make it more personal and user-friendly for users. In addition, cookies help to collect user statistics, which allow us to measure and improve the performance of the website, and provide basic data for effective marketing activities.<\/p>\n<p>The user is considered to have accepted cookies if cookies are enabled in his or her browser settings. Web browsers often allow cookies to be stored on your device by default. The user can disable or delete the use of cookies on their device by changing the corresponding settings in their web browser. If you do not use cookies, the website may not work properly. For instructions on deleting and setting cookies in your browser, see here:\u00a0<u><a href=\"https:\/\/support.google.com\/chrome\/answer\/95647?hl=en\">Chrome<\/a><\/u>,\u00a0<u><a href=\"https:\/\/support.microsoft.com\/en-us\/help\/278835\/how-to-delete-cookie-files-in-internet-explorer\">Internet Explorer<\/a><\/u>.<\/p>\n<p>To collect usage statistics, Estelaxe uses the Google Analytics service to collect data about subpages visited, time of visit, number of visits, devices used, entry channels, and other statistics.<\/p>\n<p>However, Google Analytics may collect data on user activity without the use of cookies. To prevent Google Analytics from using the data, the user can install a Google Analytics blocking application on their device:\u00a0<u><a href=\"https:\/\/tools.google.com\/dlpage\/gaoptout?hl=en\">Google Analytics Opt-out Browser Extension<\/a><\/u>.<\/p>\n<p>Follow the links below to find out more about\u00a0<u><a href=\"https:\/\/www.facebook.com\/ads\/about\/\">Facebook ads<\/a><\/u>\u00a0and\u00a0<u><a href=\"https:\/\/www.facebook.com\/business\/a\/facebook-pixel-tracking-benefits\">Facebook Pixel<\/a><\/u>.<\/p>\n<h4><strong>CHANGES TO THE PRIVACY POLICY<\/strong><\/h4>\n<p>Estelaxe reserves the right to change the privacy policy unilaterally and without prior notice in order to ensure their compliance with the law. The privacy policy is always available on the website in its latest version.<\/p>\n<p>If you have any questions about the privacy policy and data processing, please contact us at info@Estelaxe.ee.<\/p>\n\n","protected":false},"excerpt":{"rendered":"<p>Valid from 01.05.2021 This privacy policy regulates the processing of personal data and the use of cookies on the website of Estelaxe O\u00dc (hereinafter Estelaxe) https:\/\/Estelaxe.ee (hereinafter\u00a0website). DEFINITIONS Processing of personal data\u00a0is any activity performed with the personal data of the user of the website (hereinafter\u00a0user) &#8211; collection, processing, storage, correction, or deletion of data. &hellip;<\/p>\n<p class=\"read-more\"> <a class=\"\" href=\"https:\/\/estelaxe.ee\/fi\/tietosuojakaytanto\/\"> <span class=\"screen-reader-text\">Tietosuojak\u00e4yt\u00e4nt\u00f6<\/span> Lue lis\u00e4\u00e4 &raquo;<\/a><\/p>\n","protected":false},"author":1,"featured_media":0,"parent":0,"menu_order":0,"comment_status":"closed","ping_status":"open","template":"","meta":{"site-sidebar-layout":"default","site-content-layout":"default","ast-global-header-display":"","ast-main-header-display":"","ast-hfb-above-header-display":"","ast-hfb-below-header-display":"","ast-hfb-mobile-header-display":"","site-post-title":"","ast-breadcrumbs-content":"","ast-featured-img":"","footer-sml-layout":"","theme-transparent-header-meta":"default","adv-header-id-meta":"","stick-header-meta":"default","header-above-stick-meta":"","header-main-stick-meta":"","header-below-stick-meta":"","footnotes":""},"class_list":["post-659","page","type-page","status-publish","hentry"],"_links":{"self":[{"href":"https:\/\/estelaxe.ee\/fi\/wp-json\/wp\/v2\/pages\/659","targetHints":{"allow":["GET"]}}],"collection":[{"href":"https:\/\/estelaxe.ee\/fi\/wp-json\/wp\/v2\/pages"}],"about":[{"href":"https:\/\/estelaxe.ee\/fi\/wp-json\/wp\/v2\/types\/page"}],"author":[{"embeddable":true,"href":"https:\/\/estelaxe.ee\/fi\/wp-json\/wp\/v2\/users\/1"}],"replies":[{"embeddable":true,"href":"https:\/\/estelaxe.ee\/fi\/wp-json\/wp\/v2\/comments?post=659"}],"version-history":[{"count":2,"href":"https:\/\/estelaxe.ee\/fi\/wp-json\/wp\/v2\/pages\/659\/revisions"}],"predecessor-version":[{"id":1405,"href":"https:\/\/estelaxe.ee\/fi\/wp-json\/wp\/v2\/pages\/659\/revisions\/1405"}],"wp:attachment":[{"href":"https:\/\/estelaxe.ee\/fi\/wp-json\/wp\/v2\/media?parent=659"}],"curies":[{"name":"wp","href":"https:\/\/api.w.org\/{rel}","templated":true}]}}