{"id":654,"date":"2021-03-30T14:45:53","date_gmt":"2021-03-30T14:45:53","guid":{"rendered":"https:\/\/estelaxe.ee\/juhtimispohimotted\/"},"modified":"2021-05-07T14:18:36","modified_gmt":"2021-05-07T14:18:36","slug":"hallintoperiaatteet","status":"publish","type":"page","link":"https:\/\/estelaxe.ee\/fi\/hallintoperiaatteet\/","title":{"rendered":"Hallintoperiaatteet"},"content":{"rendered":"\n<h2>\n\t\tEstelaxe\n\t<\/h2>\n\t<p>Estelaxen ohjaavat periaatteet &#8211; l\u00f6ytyv\u00e4t my\u00f6s yrityksen toimistossa ja kotisivulla<\/p>\n\t\t\t\t<img loading=\"lazy\" decoding=\"async\" src=\"https:\/\/estelaxe.ee\/wp-content\/uploads\/2021\/03\/Vector-6.png\" alt=\"Vector (6)\" itemprop=\"image\" height=\"96\" width=\"96\" title=\"Vector (6)\" onerror=\"this.style.display='none'\"  \/>\n\t<p>01<\/p>\n\t<p>Toimintamme pohjautuu yrityksen visioon, asetettuihin tavoitteisiin, voimassa oleviin m\u00e4\u00e4r\u00e4yksiin ja s\u00e4\u00e4d\u00f6ksiin, laadunhallintaj\u00e4rjestelm\u00e4\u00e4n ISO 9001:2015 ja ymp\u00e4rist\u00f6j\u00e4rjestelm\u00e4\u00e4n ISO 14001:2015.<\/p>\n\t\t\t\t<img loading=\"lazy\" decoding=\"async\" src=\"https:\/\/estelaxe.ee\/wp-content\/uploads\/2021\/03\/Vector-6.png\" alt=\"Vector (6)\" itemprop=\"image\" height=\"96\" width=\"96\" title=\"Vector (6)\" onerror=\"this.style.display='none'\"  \/>\n\t<p>02<\/p>\n\t<p>Olemme asiakasl\u00e4ht\u00f6isi\u00e4, tarjoamme ammattitaitoisen palvelun, k\u00e4ytt\u00e4m\u00e4ll\u00e4 laadukkaita laitteita ja tuotteita, luotettavia alihankkijoita ja toimittajia, ja noudatamme sovittuja m\u00e4\u00e4r\u00e4aikoja.<\/p>\n\t\t\t\t<img loading=\"lazy\" decoding=\"async\" src=\"https:\/\/estelaxe.ee\/wp-content\/uploads\/2021\/03\/Vector-6.png\" alt=\"Vector (6)\" itemprop=\"image\" height=\"96\" width=\"96\" title=\"Vector (6)\" onerror=\"this.style.display='none'\"  \/>\n\t<p>03<\/p>\n\t<p>Teemme jatkuvaa kehitysty\u00f6t\u00e4 ja tarjoamme asiakkaillemme innovatiivisia, \u00e4lykk\u00e4it\u00e4 sek\u00e4 ymp\u00e4rist\u00f6yst\u00e4v\u00e4llisi\u00e4 ratkaisuja.<\/p>\n\t\t\t\t<img loading=\"lazy\" decoding=\"async\" src=\"https:\/\/estelaxe.ee\/wp-content\/uploads\/2021\/03\/Vector-6.png\" alt=\"Vector (6)\" itemprop=\"image\" height=\"96\" width=\"96\" title=\"Vector (6)\" onerror=\"this.style.display='none'\"  \/>\n\t<p>04<\/p>\n\t<p>Arvioimme jatkuvasti riskej\u00e4 ty\u00f6tapaturmien, terveyshaittojen ja ymp\u00e4rist\u00f6vahinkojen vaaran v\u00e4hent\u00e4miseksi.<\/p>\n\t\t\t\t<img loading=\"lazy\" decoding=\"async\" src=\"https:\/\/estelaxe.ee\/wp-content\/uploads\/2021\/03\/Vector-6.png\" alt=\"Vector (6)\" itemprop=\"image\" height=\"96\" width=\"96\" title=\"Vector (6)\" onerror=\"this.style.display='none'\"  \/>\n\t<p>05<\/p>\n\t<p>Osallistumme koulutuksiin, lis\u00e4\u00e4mme ty\u00f6ntekij\u00f6iden tietoisuutta ammattitaitoisuudesta ja laadusta, ymp\u00e4rist\u00f6- ja ty\u00f6turvallisuudesta.<\/p>\n\n","protected":false},"excerpt":{"rendered":"<p>Estelaxe Estelaxen ohjaavat periaatteet &#8211; l\u00f6ytyv\u00e4t my\u00f6s yrityksen toimistossa ja kotisivulla 01 Toimintamme pohjautuu yrityksen visioon, asetettuihin tavoitteisiin, voimassa oleviin m\u00e4\u00e4r\u00e4yksiin ja s\u00e4\u00e4d\u00f6ksiin, laadunhallintaj\u00e4rjestelm\u00e4\u00e4n ISO 9001:2015 ja ymp\u00e4rist\u00f6j\u00e4rjestelm\u00e4\u00e4n ISO 14001:2015. 02 Olemme asiakasl\u00e4ht\u00f6isi\u00e4, tarjoamme ammattitaitoisen palvelun, k\u00e4ytt\u00e4m\u00e4ll\u00e4 laadukkaita laitteita ja tuotteita, luotettavia alihankkijoita ja toimittajia, ja noudatamme sovittuja m\u00e4\u00e4r\u00e4aikoja. 03 Teemme jatkuvaa kehitysty\u00f6t\u00e4 ja tarjoamme &hellip;<\/p>\n<p class=\"read-more\"> <a class=\"\" href=\"https:\/\/estelaxe.ee\/fi\/hallintoperiaatteet\/\"> <span class=\"screen-reader-text\">Hallintoperiaatteet<\/span> Lue lis\u00e4\u00e4 &raquo;<\/a><\/p>\n","protected":false},"author":1,"featured_media":656,"parent":0,"menu_order":0,"comment_status":"closed","ping_status":"closed","template":"","meta":{"site-sidebar-layout":"no-sidebar","site-content-layout":"page-builder","ast-global-header-display":"","ast-main-header-display":"","ast-hfb-above-header-display":"","ast-hfb-below-header-display":"","ast-hfb-mobile-header-display":"","site-post-title":"disabled","ast-breadcrumbs-content":"","ast-featured-img":"disabled","footer-sml-layout":"","theme-transparent-header-meta":"default","adv-header-id-meta":"","stick-header-meta":"default","header-above-stick-meta":"","header-main-stick-meta":"","header-below-stick-meta":"","footnotes":""},"class_list":["post-654","page","type-page","status-publish","has-post-thumbnail","hentry"],"_links":{"self":[{"href":"https:\/\/estelaxe.ee\/fi\/wp-json\/wp\/v2\/pages\/654","targetHints":{"allow":["GET"]}}],"collection":[{"href":"https:\/\/estelaxe.ee\/fi\/wp-json\/wp\/v2\/pages"}],"about":[{"href":"https:\/\/estelaxe.ee\/fi\/wp-json\/wp\/v2\/types\/page"}],"author":[{"embeddable":true,"href":"https:\/\/estelaxe.ee\/fi\/wp-json\/wp\/v2\/users\/1"}],"replies":[{"embeddable":true,"href":"https:\/\/estelaxe.ee\/fi\/wp-json\/wp\/v2\/comments?post=654"}],"version-history":[{"count":3,"href":"https:\/\/estelaxe.ee\/fi\/wp-json\/wp\/v2\/pages\/654\/revisions"}],"predecessor-version":[{"id":1386,"href":"https:\/\/estelaxe.ee\/fi\/wp-json\/wp\/v2\/pages\/654\/revisions\/1386"}],"wp:featuredmedia":[{"embeddable":true,"href":"https:\/\/estelaxe.ee\/fi\/wp-json\/wp\/v2\/media\/656"}],"wp:attachment":[{"href":"https:\/\/estelaxe.ee\/fi\/wp-json\/wp\/v2\/media?parent=654"}],"curies":[{"name":"wp","href":"https:\/\/api.w.org\/{rel}","templated":true}]}}