{"id":651,"date":"2021-03-30T14:37:44","date_gmt":"2021-03-30T14:37:44","guid":{"rendered":"https:\/\/estelaxe.ee\/ettevottest\/"},"modified":"2022-07-25T07:30:53","modified_gmt":"2022-07-25T07:30:53","slug":"yrityksesta","status":"publish","type":"page","link":"https:\/\/estelaxe.ee\/fi\/yrityksesta\/","title":{"rendered":"Yrityksest\u00e4"},"content":{"rendered":"\n<h2>\n\t\tEstelaxe\n\t<\/h2>\n\t<p>Estelaxe O\u00dc on polyuretaanituotteita valmistava yritys, joka on perustettu vuonna 2008 ja perustuu virolaiseen yksityiseen p\u00e4\u00e4omaan. Virallisesti aloitti Estelaxe toimintansa vuonna 2008, mutta on samalla alalla toiminut toisella toiminimell\u00e4 vuodesta 1998. Vuonna 2021 yrityksess\u00e4 ty\u00f6skentelee 53 henkil\u00f6\u00e4.<\/p>\n<h2>\n\t\tTarjoamamme palvelut\n\t<\/h2>\n\t\t\t\t<img loading=\"lazy\" decoding=\"async\" src=\"https:\/\/estelaxe.ee\/wp-content\/uploads\/2021\/03\/Vector-2.png\" alt=\"Vector (2)\" itemprop=\"image\" height=\"76\" width=\"113\" title=\"Vector (2)\" onerror=\"this.style.display='none'\"  \/>\n\t<h3>ELASTOMEERITUOTTEIDEN VALMISTUS<\/h3>\n<p>Lumiauran ter\u00e4t, palat liuku- ja kitkapinnoille yms.<\/p>\n\t\t\t\t<img loading=\"lazy\" decoding=\"async\" src=\"https:\/\/estelaxe.ee\/wp-content\/uploads\/2021\/03\/Vector-3.png\" alt=\"Vector (3)\" itemprop=\"image\" height=\"73\" width=\"104\" title=\"Vector (3)\" onerror=\"this.style.display='none'\"  \/>\n\t<h3>PEHME\u00c4VAAHTOTUOTTEIDEN VALMISTUS<\/h3>\n<p>Istuimet, selk\u00e4nojat, niskatuet, venetuolit, tyynyt, patjat jne.<\/p>\n\t\t\t\t<img loading=\"lazy\" decoding=\"async\" src=\"https:\/\/estelaxe.ee\/wp-content\/uploads\/2021\/03\/Vector-4.png\" alt=\"Vector (4)\" itemprop=\"image\" height=\"110\" width=\"111\" title=\"Vector (4)\" onerror=\"this.style.display='none'\"  \/>\n\t<h3>MUOVITUOTTEET ABS:st\u00e4 JA HDPE:st\u00e4<\/h3>\n<p>Istuinten ja selk\u00e4nojien muoviset osat, erilaiset peiteosat, moottorinsuojukset yms.<\/p>\n<p>&nbsp;<\/p>\n\t\t\t\t<img loading=\"lazy\" decoding=\"async\" src=\"https:\/\/estelaxe.ee\/wp-content\/uploads\/2021\/03\/Vector-5.png\" alt=\"Vector (5)\" itemprop=\"image\" height=\"113\" width=\"104\" title=\"Vector (5)\" onerror=\"this.style.display='none'\"  \/>\n\t<h3>ISTUIMET<\/h3>\n<p>Moottorikelkkojen istuinten ja junaistuinten valmistus<\/p>\n\n","protected":false},"excerpt":{"rendered":"<p>Estelaxe Estelaxe O\u00dc on polyuretaanituotteita valmistava yritys, joka on perustettu vuonna 2008 ja perustuu virolaiseen yksityiseen p\u00e4\u00e4omaan. Virallisesti aloitti Estelaxe toimintansa vuonna 2008, mutta on samalla alalla toiminut toisella toiminimell\u00e4 vuodesta 1998. Vuonna 2021 yrityksess\u00e4 ty\u00f6skentelee 53 henkil\u00f6\u00e4. Tarjoamamme palvelut ELASTOMEERITUOTTEIDEN VALMISTUS Lumiauran ter\u00e4t, palat liuku- ja kitkapinnoille yms. PEHME\u00c4VAAHTOTUOTTEIDEN VALMISTUS Istuimet, selk\u00e4nojat, niskatuet, venetuolit, &hellip;<\/p>\n<p class=\"read-more\"> <a class=\"\" href=\"https:\/\/estelaxe.ee\/fi\/yrityksesta\/\"> <span class=\"screen-reader-text\">Yrityksest\u00e4<\/span> Lue lis\u00e4\u00e4 &raquo;<\/a><\/p>\n","protected":false},"author":1,"featured_media":653,"parent":0,"menu_order":0,"comment_status":"closed","ping_status":"open","template":"","meta":{"site-sidebar-layout":"no-sidebar","site-content-layout":"page-builder","ast-global-header-display":"","ast-main-header-display":"","ast-hfb-above-header-display":"","ast-hfb-below-header-display":"","ast-hfb-mobile-header-display":"","site-post-title":"disabled","ast-breadcrumbs-content":"","ast-featured-img":"disabled","footer-sml-layout":"","theme-transparent-header-meta":"default","adv-header-id-meta":"","stick-header-meta":"default","header-above-stick-meta":"","header-main-stick-meta":"","header-below-stick-meta":"","footnotes":""},"class_list":["post-651","page","type-page","status-publish","has-post-thumbnail","hentry"],"_links":{"self":[{"href":"https:\/\/estelaxe.ee\/fi\/wp-json\/wp\/v2\/pages\/651","targetHints":{"allow":["GET"]}}],"collection":[{"href":"https:\/\/estelaxe.ee\/fi\/wp-json\/wp\/v2\/pages"}],"about":[{"href":"https:\/\/estelaxe.ee\/fi\/wp-json\/wp\/v2\/types\/page"}],"author":[{"embeddable":true,"href":"https:\/\/estelaxe.ee\/fi\/wp-json\/wp\/v2\/users\/1"}],"replies":[{"embeddable":true,"href":"https:\/\/estelaxe.ee\/fi\/wp-json\/wp\/v2\/comments?post=651"}],"version-history":[{"count":2,"href":"https:\/\/estelaxe.ee\/fi\/wp-json\/wp\/v2\/pages\/651\/revisions"}],"predecessor-version":[{"id":1245,"href":"https:\/\/estelaxe.ee\/fi\/wp-json\/wp\/v2\/pages\/651\/revisions\/1245"}],"wp:featuredmedia":[{"embeddable":true,"href":"https:\/\/estelaxe.ee\/fi\/wp-json\/wp\/v2\/media\/653"}],"wp:attachment":[{"href":"https:\/\/estelaxe.ee\/fi\/wp-json\/wp\/v2\/media?parent=651"}],"curies":[{"name":"wp","href":"https:\/\/api.w.org\/{rel}","templated":true}]}}