{"id":649,"date":"2017-09-15T09:32:51","date_gmt":"2017-09-15T09:32:51","guid":{"rendered":"https:\/\/estelaxe.ee\/home\/"},"modified":"2021-05-13T10:46:22","modified_gmt":"2021-05-13T10:46:22","slug":"home","status":"publish","type":"page","link":"https:\/\/estelaxe.ee\/fi\/","title":{"rendered":"Etusivu"},"content":{"rendered":"\n<h1>\n\t\tValmistamme istuimia juniin, moottorikelkkoihin, vesikulkuneuvoihin, erilaisiin saleihin sek\u00e4 huonekalujen valmistajille.\n\t<\/h1>\n\t\t\t<a href=\"\/TUOTTEET\" target=\"_self\" role=\"button\" rel=\"noopener\">\n\t\t\t\t\t\t\tKATSO LIS\u00c4\u00c4\n\t\t<\/a>\n\t<ul>\n\t\t<li>\t\t\n\t\t\t\t<img decoding=\"async\" src=\"https:\/\/estelaxe.ee\/wp-content\/uploads\/2021\/03\/image-45.png\" alt=\"image 45\" title=\"image 45\" itemprop=\"image\"\/>\n\t\t<h3>ELASTOMEERIPOHJAISTEN TUOTTEIDEN VALMISTUS<\/h3><p>Lumiauran ter\u00e4t, palat liuku- ja kitkapinnoille yms.<\/p><\/li><li>\t\t\n\t\t\t\t<img decoding=\"async\" src=\"https:\/\/estelaxe.ee\/wp-content\/uploads\/2021\/03\/image-49.png\" alt=\"image 49\" title=\"image 49\" itemprop=\"image\"\/>\n\t\t<h3>LUMIAURAN TER\u00c4T, PALAT LIUKU- JA KITKAPINNOILLE YMS.<\/h3><p>Lumiauran ter\u00e4t, palat liuku- ja kitkapinnoille yms.<\/p><\/li><li>\t\t\n\t\t\t\t<img decoding=\"async\" src=\"https:\/\/estelaxe.ee\/wp-content\/uploads\/2021\/03\/image-47.png\" alt=\"image 47\" title=\"image 47\" itemprop=\"image\"\/>\n\t\t<h3>MUOVITUOTTEET ABS:st\u00e4 ja HDPE:st\u00e4<\/h3><p>Istuinten ja selk\u00e4nojien muoviset osat, erilaiset peiteosat, moottorinsuojukset yms.<\/p><\/li><li>\t\t\n\t\t\t\t<img decoding=\"async\" src=\"https:\/\/estelaxe.ee\/wp-content\/uploads\/2021\/03\/image-48.png\" alt=\"image 48\" title=\"image 48\" itemprop=\"image\"\/>\n\t\t<h3>ISTUIMET<\/h3><p>Lumikelkkojen istuinten ja junaistuinten valmistus<\/p><\/li>\t<\/ul>\n<h2>\n\t\tTOOTEDTUOTTEET\n\t<\/h2>\n\t\t\t\t<img decoding=\"async\" src=\"https:\/\/estelaxe.ee\/wp-content\/uploads\/2021\/03\/elasto-1.jpg\" alt=\"elasto\"\/>\n\t\t\t<h3>Elastomeerituotteet<\/h3>\n\t\t<a href=\"\/fi\/tuotteet\/elastomeeripohjaisten-tuotteiden\/\" target=\"_self\" rel=\"noopener\"><\/a>\n\t\t\t\t<img decoding=\"async\" src=\"https:\/\/estelaxe.ee\/wp-content\/uploads\/2021\/03\/Rectangle-212.jpg\" alt=\"Rectangle 212\"\/>\n\t\t\t<h3>Polyuretaanivaahto<\/h3>\n\t\t<a href=\"\/fi\/tuotteet\/polyuretaanivaahtopohjaiset-tuotteet\/\" target=\"_self\" rel=\"noopener\"><\/a>\n\t\t\t\t<img decoding=\"async\" src=\"https:\/\/estelaxe.ee\/wp-content\/uploads\/2021\/03\/Rectangle-225.jpg\" alt=\"Rectangle 225\"\/>\n\t\t\t<h3>Muovi<\/h3>\n\t\t<a href=\"\/fi\/tuotteet\/muovituotteet\/\" target=\"_self\" rel=\"noopener\"><\/a>\n\t\t\t\t<img decoding=\"async\" src=\"https:\/\/estelaxe.ee\/wp-content\/uploads\/2021\/03\/Rectangle-222.jpg\" alt=\"Rectangle 222\"\/>\n\t\t\t<h3>Moottorikelkkojen istuimet<\/h3>\n\t\t<a href=\"\/fi\/tuotteet\/moottorikelkkojen-istuimet\/\" target=\"_self\" rel=\"noopener\"><\/a>\n\t\t\t\t<img decoding=\"async\" src=\"https:\/\/estelaxe.ee\/wp-content\/uploads\/2021\/03\/Rectangle-213.jpg\" alt=\"Rectangle 213\"\/>\n\t\t\t<h3>Junatuolit<\/h3>\n\t\t<a href=\"\/fi\/tuotteet\/junatuolit\/\" target=\"_self\" rel=\"noopener\"><\/a>\n\t\t\t\t<img decoding=\"async\" src=\"https:\/\/estelaxe.ee\/wp-content\/uploads\/2021\/04\/main.jpg\" alt=\"main\"\/>\n\t\t\t<h3>Istuimet saleihin<\/h3>\n\t\t<a href=\"\/fi\/tuotteet\/istuimet-saleihin\/\" target=\"_self\" rel=\"noopener\"><\/a>\n\n","protected":false},"excerpt":{"rendered":"<p>Valmistamme istuimia juniin, moottorikelkkoihin, vesikulkuneuvoihin, erilaisiin saleihin sek\u00e4 huonekalujen valmistajille. KATSO LIS\u00c4\u00c4 ELASTOMEERIPOHJAISTEN TUOTTEIDEN VALMISTUS Lumiauran ter\u00e4t, palat liuku- ja kitkapinnoille yms. LUMIAURAN TER\u00c4T, PALAT LIUKU- JA KITKAPINNOILLE YMS. Lumiauran ter\u00e4t, palat liuku- ja kitkapinnoille yms. MUOVITUOTTEET ABS:st\u00e4 ja HDPE:st\u00e4 Istuinten ja selk\u00e4nojien muoviset osat, erilaiset peiteosat, moottorinsuojukset yms. ISTUIMET Lumikelkkojen istuinten ja junaistuinten valmistus &hellip;<\/p>\n<p class=\"read-more\"> <a class=\"\" href=\"https:\/\/estelaxe.ee\/fi\/\"> <span class=\"screen-reader-text\">Etusivu<\/span> Lue lis\u00e4\u00e4 &raquo;<\/a><\/p>\n","protected":false},"author":1,"featured_media":0,"parent":0,"menu_order":0,"comment_status":"closed","ping_status":"closed","template":"","meta":{"site-sidebar-layout":"no-sidebar","site-content-layout":"page-builder","ast-global-header-display":"","ast-main-header-display":"","ast-hfb-above-header-display":"","ast-hfb-below-header-display":"","ast-hfb-mobile-header-display":"","site-post-title":"disabled","ast-breadcrumbs-content":"","ast-featured-img":"disabled","footer-sml-layout":"","theme-transparent-header-meta":"default","adv-header-id-meta":"","stick-header-meta":"","header-above-stick-meta":"","header-main-stick-meta":"","header-below-stick-meta":"","footnotes":""},"class_list":["post-649","page","type-page","status-publish","hentry"],"_links":{"self":[{"href":"https:\/\/estelaxe.ee\/fi\/wp-json\/wp\/v2\/pages\/649","targetHints":{"allow":["GET"]}}],"collection":[{"href":"https:\/\/estelaxe.ee\/fi\/wp-json\/wp\/v2\/pages"}],"about":[{"href":"https:\/\/estelaxe.ee\/fi\/wp-json\/wp\/v2\/types\/page"}],"author":[{"embeddable":true,"href":"https:\/\/estelaxe.ee\/fi\/wp-json\/wp\/v2\/users\/1"}],"replies":[{"embeddable":true,"href":"https:\/\/estelaxe.ee\/fi\/wp-json\/wp\/v2\/comments?post=649"}],"version-history":[{"count":2,"href":"https:\/\/estelaxe.ee\/fi\/wp-json\/wp\/v2\/pages\/649\/revisions"}],"predecessor-version":[{"id":1236,"href":"https:\/\/estelaxe.ee\/fi\/wp-json\/wp\/v2\/pages\/649\/revisions\/1236"}],"wp:attachment":[{"href":"https:\/\/estelaxe.ee\/fi\/wp-json\/wp\/v2\/media?parent=649"}],"curies":[{"name":"wp","href":"https:\/\/api.w.org\/{rel}","templated":true}]}}