{"id":806,"date":"2021-04-23T08:43:55","date_gmt":"2021-04-23T08:43:55","guid":{"rendered":"https:\/\/estelaxe.ee\/tooted\/rongiistmed\/"},"modified":"2021-05-13T10:47:47","modified_gmt":"2021-05-13T10:47:47","slug":"zugsitze","status":"publish","type":"page","link":"https:\/\/estelaxe.ee\/de\/produkte\/zugsitze\/","title":{"rendered":"Zugsitze"},"content":{"rendered":"\n<h3>\n\t\tZUGSITZE\n\t<\/h3>\n\t<p>Wir fertigen Zugsitze f\u00fcr die finnische Staatseisenbahn, \u0160koda Transtech und die norwegische Staatseisenbahn. Die Produktion umfasst die Herstellung neuer Sitze sowie die Renovierung alter Sitze und Schlafwagen. Wir fertigen auch Innendetails f\u00fcr Z\u00fcge, wie Restaurantwagentische, Sofas, Gel\u00e4nder, Gl\u00e4ser usw.<\/p>\n\n","protected":false},"excerpt":{"rendered":"<p>ZUGSITZE Wir fertigen Zugsitze f\u00fcr die finnische Staatseisenbahn, \u0160koda Transtech und die norwegische Staatseisenbahn. Die Produktion umfasst die Herstellung neuer Sitze sowie die Renovierung alter Sitze und Schlafwagen. Wir fertigen auch Innendetails f\u00fcr Z\u00fcge, wie Restaurantwagentische, Sofas, Gel\u00e4nder, Gl\u00e4ser usw.<\/p>\n","protected":false},"author":1,"featured_media":795,"parent":789,"menu_order":0,"comment_status":"closed","ping_status":"open","template":"","meta":{"site-sidebar-layout":"no-sidebar","site-content-layout":"page-builder","ast-global-header-display":"","ast-main-header-display":"","ast-hfb-above-header-display":"","ast-hfb-below-header-display":"","ast-hfb-mobile-header-display":"","site-post-title":"disabled","ast-breadcrumbs-content":"","ast-featured-img":"disabled","footer-sml-layout":"","theme-transparent-header-meta":"default","adv-header-id-meta":"","stick-header-meta":"default","header-above-stick-meta":"","header-main-stick-meta":"","header-below-stick-meta":"","footnotes":""},"class_list":["post-806","page","type-page","status-publish","has-post-thumbnail","hentry"],"_links":{"self":[{"href":"https:\/\/estelaxe.ee\/de\/wp-json\/wp\/v2\/pages\/806","targetHints":{"allow":["GET"]}}],"collection":[{"href":"https:\/\/estelaxe.ee\/de\/wp-json\/wp\/v2\/pages"}],"about":[{"href":"https:\/\/estelaxe.ee\/de\/wp-json\/wp\/v2\/types\/page"}],"author":[{"embeddable":true,"href":"https:\/\/estelaxe.ee\/de\/wp-json\/wp\/v2\/users\/1"}],"replies":[{"embeddable":true,"href":"https:\/\/estelaxe.ee\/de\/wp-json\/wp\/v2\/comments?post=806"}],"version-history":[{"count":2,"href":"https:\/\/estelaxe.ee\/de\/wp-json\/wp\/v2\/pages\/806\/revisions"}],"predecessor-version":[{"id":1381,"href":"https:\/\/estelaxe.ee\/de\/wp-json\/wp\/v2\/pages\/806\/revisions\/1381"}],"up":[{"embeddable":true,"href":"https:\/\/estelaxe.ee\/de\/wp-json\/wp\/v2\/pages\/789"}],"wp:featuredmedia":[{"embeddable":true,"href":"https:\/\/estelaxe.ee\/de\/wp-json\/wp\/v2\/media\/795"}],"wp:attachment":[{"href":"https:\/\/estelaxe.ee\/de\/wp-json\/wp\/v2\/media?parent=806"}],"curies":[{"name":"wp","href":"https:\/\/api.w.org\/{rel}","templated":true}]}}