{"id":803,"date":"2021-04-23T08:27:58","date_gmt":"2021-04-23T08:27:58","guid":{"rendered":"https:\/\/estelaxe.ee\/tooted\/poluretaanvahu-tooted\/"},"modified":"2023-09-28T07:44:11","modified_gmt":"2023-09-28T07:44:11","slug":"polyurethanschaumprodukte","status":"publish","type":"page","link":"https:\/\/estelaxe.ee\/de\/produkte\/polyurethanschaumprodukte\/","title":{"rendered":"Polyurethanschaumprodukte"},"content":{"rendered":"\n<h3>\n\t\tPOLYURETHANSCHAUM\n\t<\/h3>\n\t<p>Wir haben bereits 25 Jahre Erfahrung in der Herstellung von weichen Polyurethanschaumprodukten. Um sowohl die Entwicklung und Modernit\u00e4t des Unternehmens als auch die Qualit\u00e4t der Produkte sicherzustellen, setzen wir erstklassige Gie\u00dfmaschinen von Hennecke und moderne Aluminiumformen ein.<\/p>\n\n<ul>\n<li>Sitze<\/li>\n<li>R\u00fcckenlehnen<\/li>\n<li>St\u00fctzkissen f\u00fcr den R\u00fccken<\/li>\n<li>verschiedene Matten\/Matratzen<\/li>\n<li>verschiedene Kissen f\u00fcr Sofas und Sesseln<\/li>\n<li>Sitz- und R\u00fcckenpolster f\u00fcr Designprodukte<\/li>\n<li>Sitzb\u00e4nke f\u00fcr Barkassen und ihre Hand- und Kopfst\u00fctzen<\/li>\n<li>Im Zusammenarbeit mit den Kunden k\u00f6nnen verschiedene L\u00f6sungen gefunden<\/li>\n<li>werden und bei Bedarf wird eine eigene Form gefertigt, womit die Produkte nach ihrem Wunsch hergestellt werden k\u00f6nnen<\/li>\n<\/ul>\n\n","protected":false},"excerpt":{"rendered":"<p>POLYURETHANSCHAUM Wir haben bereits 25 Jahre Erfahrung in der Herstellung von weichen Polyurethanschaumprodukten. Um sowohl die Entwicklung und Modernit\u00e4t des Unternehmens als auch die Qualit\u00e4t der Produkte sicherzustellen, setzen wir erstklassige Gie\u00dfmaschinen von Hennecke und moderne Aluminiumformen ein. Sitze R\u00fcckenlehnen St\u00fctzkissen f\u00fcr den R\u00fccken verschiedene Matten\/Matratzen verschiedene Kissen f\u00fcr Sofas und Sesseln Sitz- und R\u00fcckenpolster &hellip;<\/p>\n<p class=\"read-more\"> <a class=\"\" href=\"https:\/\/estelaxe.ee\/de\/produkte\/polyurethanschaumprodukte\/\"> <span class=\"screen-reader-text\">Polyurethanschaumprodukte<\/span> Weiterlesen &raquo;<\/a><\/p>\n","protected":false},"author":1,"featured_media":795,"parent":789,"menu_order":0,"comment_status":"closed","ping_status":"closed","template":"","meta":{"site-sidebar-layout":"no-sidebar","site-content-layout":"page-builder","ast-global-header-display":"","ast-main-header-display":"","ast-hfb-above-header-display":"","ast-hfb-below-header-display":"","ast-hfb-mobile-header-display":"","site-post-title":"disabled","ast-breadcrumbs-content":"","ast-featured-img":"disabled","footer-sml-layout":"","theme-transparent-header-meta":"default","adv-header-id-meta":"","stick-header-meta":"default","header-above-stick-meta":"","header-main-stick-meta":"","header-below-stick-meta":"","footnotes":""},"class_list":["post-803","page","type-page","status-publish","has-post-thumbnail","hentry"],"_links":{"self":[{"href":"https:\/\/estelaxe.ee\/de\/wp-json\/wp\/v2\/pages\/803","targetHints":{"allow":["GET"]}}],"collection":[{"href":"https:\/\/estelaxe.ee\/de\/wp-json\/wp\/v2\/pages"}],"about":[{"href":"https:\/\/estelaxe.ee\/de\/wp-json\/wp\/v2\/types\/page"}],"author":[{"embeddable":true,"href":"https:\/\/estelaxe.ee\/de\/wp-json\/wp\/v2\/users\/1"}],"replies":[{"embeddable":true,"href":"https:\/\/estelaxe.ee\/de\/wp-json\/wp\/v2\/comments?post=803"}],"version-history":[{"count":3,"href":"https:\/\/estelaxe.ee\/de\/wp-json\/wp\/v2\/pages\/803\/revisions"}],"predecessor-version":[{"id":1582,"href":"https:\/\/estelaxe.ee\/de\/wp-json\/wp\/v2\/pages\/803\/revisions\/1582"}],"up":[{"embeddable":true,"href":"https:\/\/estelaxe.ee\/de\/wp-json\/wp\/v2\/pages\/789"}],"wp:featuredmedia":[{"embeddable":true,"href":"https:\/\/estelaxe.ee\/de\/wp-json\/wp\/v2\/media\/795"}],"wp:attachment":[{"href":"https:\/\/estelaxe.ee\/de\/wp-json\/wp\/v2\/media?parent=803"}],"curies":[{"name":"wp","href":"https:\/\/api.w.org\/{rel}","templated":true}]}}