{"id":800,"date":"2021-04-21T13:36:18","date_gmt":"2021-04-21T13:36:18","guid":{"rendered":"https:\/\/estelaxe.ee\/tooted\/plastmassist-tooted\/"},"modified":"2021-05-13T10:47:40","modified_gmt":"2021-05-13T10:47:40","slug":"kunststoffprodukte","status":"publish","type":"page","link":"https:\/\/estelaxe.ee\/de\/produkte\/kunststoffprodukte\/","title":{"rendered":"Kunststoffprodukte"},"content":{"rendered":"\n<h3>\n\t\tKUNSTSTOFF\n\t<\/h3>\n\t<p>Wir fertigen Kunststoffprodukte im Vakuumverfahren mit den Maschinen von Illig. Wir verwenden haupts\u00e4chlich Materialien aus ABS und HDPE. Vakumgeformete Teile werden mit verschiedenen CNCs geschnitten und bearbeitet<\/p>\n\nKunststoffdetails f\u00fcr Sitze und R\u00fcckenlehnen<br \/>\nHinterseiten von R\u00fcckenlehnen<br \/>\nunterschiedliche Abdeckdetails<br \/>\nMotorabdeckungen<br \/>\nVerschiedene L\u00f6sungen in Zusammenarbeit mit dem Kunden\n\n","protected":false},"excerpt":{"rendered":"<p>KUNSTSTOFF Wir fertigen Kunststoffprodukte im Vakuumverfahren mit den Maschinen von Illig. Wir verwenden haupts\u00e4chlich Materialien aus ABS und HDPE. Vakumgeformete Teile werden mit verschiedenen CNCs geschnitten und bearbeitet Kunststoffdetails f\u00fcr Sitze und R\u00fcckenlehnen Hinterseiten von R\u00fcckenlehnen unterschiedliche Abdeckdetails Motorabdeckungen Verschiedene L\u00f6sungen in Zusammenarbeit mit dem Kunden<\/p>\n","protected":false},"author":1,"featured_media":795,"parent":789,"menu_order":0,"comment_status":"closed","ping_status":"open","template":"","meta":{"site-sidebar-layout":"no-sidebar","site-content-layout":"page-builder","ast-global-header-display":"","ast-main-header-display":"","ast-hfb-above-header-display":"","ast-hfb-below-header-display":"","ast-hfb-mobile-header-display":"","site-post-title":"disabled","ast-breadcrumbs-content":"","ast-featured-img":"disabled","footer-sml-layout":"","theme-transparent-header-meta":"default","adv-header-id-meta":"","stick-header-meta":"default","header-above-stick-meta":"","header-main-stick-meta":"","header-below-stick-meta":"","footnotes":""},"class_list":["post-800","page","type-page","status-publish","has-post-thumbnail","hentry"],"_links":{"self":[{"href":"https:\/\/estelaxe.ee\/de\/wp-json\/wp\/v2\/pages\/800","targetHints":{"allow":["GET"]}}],"collection":[{"href":"https:\/\/estelaxe.ee\/de\/wp-json\/wp\/v2\/pages"}],"about":[{"href":"https:\/\/estelaxe.ee\/de\/wp-json\/wp\/v2\/types\/page"}],"author":[{"embeddable":true,"href":"https:\/\/estelaxe.ee\/de\/wp-json\/wp\/v2\/users\/1"}],"replies":[{"embeddable":true,"href":"https:\/\/estelaxe.ee\/de\/wp-json\/wp\/v2\/comments?post=800"}],"version-history":[{"count":2,"href":"https:\/\/estelaxe.ee\/de\/wp-json\/wp\/v2\/pages\/800\/revisions"}],"predecessor-version":[{"id":1379,"href":"https:\/\/estelaxe.ee\/de\/wp-json\/wp\/v2\/pages\/800\/revisions\/1379"}],"up":[{"embeddable":true,"href":"https:\/\/estelaxe.ee\/de\/wp-json\/wp\/v2\/pages\/789"}],"wp:featuredmedia":[{"embeddable":true,"href":"https:\/\/estelaxe.ee\/de\/wp-json\/wp\/v2\/media\/795"}],"wp:attachment":[{"href":"https:\/\/estelaxe.ee\/de\/wp-json\/wp\/v2\/media?parent=800"}],"curies":[{"name":"wp","href":"https:\/\/api.w.org\/{rel}","templated":true}]}}