{"id":799,"date":"2021-04-23T08:38:47","date_gmt":"2021-04-23T08:38:47","guid":{"rendered":"https:\/\/estelaxe.ee\/tooted\/mootorsaanide-istmed\/"},"modified":"2021-05-13T10:47:44","modified_gmt":"2021-05-13T10:47:44","slug":"schneemobilsitze","status":"publish","type":"page","link":"https:\/\/estelaxe.ee\/de\/produkte\/schneemobilsitze\/","title":{"rendered":"Schneemobilsitze"},"content":{"rendered":"\n<h3>\n\t\tSCHNEEMOBILITZE\n\t<\/h3>\n\t<p>Die Produktionseinheit f\u00fcr Schneemobilsitze von Estelaxe stellt Sitze f\u00fcr den bekannten Top-Hersteller Bombardier, f\u00fcr Sport-, Touring,- und Arbeitsschlitten, als Fertigl\u00f6sung her.<\/p>\n\n","protected":false},"excerpt":{"rendered":"<p>SCHNEEMOBILITZE Die Produktionseinheit f\u00fcr Schneemobilsitze von Estelaxe stellt Sitze f\u00fcr den bekannten Top-Hersteller Bombardier, f\u00fcr Sport-, Touring,- und Arbeitsschlitten, als Fertigl\u00f6sung her.<\/p>\n","protected":false},"author":1,"featured_media":802,"parent":789,"menu_order":0,"comment_status":"closed","ping_status":"open","template":"","meta":{"site-sidebar-layout":"no-sidebar","site-content-layout":"page-builder","ast-global-header-display":"","ast-main-header-display":"","ast-hfb-above-header-display":"","ast-hfb-below-header-display":"","ast-hfb-mobile-header-display":"","site-post-title":"disabled","ast-breadcrumbs-content":"","ast-featured-img":"disabled","footer-sml-layout":"","theme-transparent-header-meta":"default","adv-header-id-meta":"","stick-header-meta":"default","header-above-stick-meta":"","header-main-stick-meta":"","header-below-stick-meta":"","footnotes":""},"class_list":["post-799","page","type-page","status-publish","has-post-thumbnail","hentry"],"_links":{"self":[{"href":"https:\/\/estelaxe.ee\/de\/wp-json\/wp\/v2\/pages\/799","targetHints":{"allow":["GET"]}}],"collection":[{"href":"https:\/\/estelaxe.ee\/de\/wp-json\/wp\/v2\/pages"}],"about":[{"href":"https:\/\/estelaxe.ee\/de\/wp-json\/wp\/v2\/types\/page"}],"author":[{"embeddable":true,"href":"https:\/\/estelaxe.ee\/de\/wp-json\/wp\/v2\/users\/1"}],"replies":[{"embeddable":true,"href":"https:\/\/estelaxe.ee\/de\/wp-json\/wp\/v2\/comments?post=799"}],"version-history":[{"count":2,"href":"https:\/\/estelaxe.ee\/de\/wp-json\/wp\/v2\/pages\/799\/revisions"}],"predecessor-version":[{"id":1380,"href":"https:\/\/estelaxe.ee\/de\/wp-json\/wp\/v2\/pages\/799\/revisions\/1380"}],"up":[{"embeddable":true,"href":"https:\/\/estelaxe.ee\/de\/wp-json\/wp\/v2\/pages\/789"}],"wp:featuredmedia":[{"embeddable":true,"href":"https:\/\/estelaxe.ee\/de\/wp-json\/wp\/v2\/media\/802"}],"wp:attachment":[{"href":"https:\/\/estelaxe.ee\/de\/wp-json\/wp\/v2\/media?parent=799"}],"curies":[{"name":"wp","href":"https:\/\/api.w.org\/{rel}","templated":true}]}}