{"id":793,"date":"2021-04-26T09:57:14","date_gmt":"2021-04-26T09:57:14","guid":{"rendered":"https:\/\/estelaxe.ee\/tooted\/auditooriumite-ja-saalide-istmed\/"},"modified":"2021-05-13T10:47:52","modified_gmt":"2021-05-13T10:47:52","slug":"sitze-fuer-saele","status":"publish","type":"page","link":"https:\/\/estelaxe.ee\/de\/produkte\/sitze-fuer-saele\/","title":{"rendered":"Sitze f\u00fcr s\u00e4le"},"content":{"rendered":"\n<h3>\n\t\tSITZB\u00c4NKE F\u00dcR AUDITORIEN, THEATER- UND KINOS\u00c4LE\n\t<\/h3>\n\t<p>Wir fertigen Sitzb\u00e4nke aus Stoff und Leder f\u00fcr Theater- und Kinos\u00e4le sowie f\u00fcr Auditorien &#8211; wir bieten sowie Fertigl\u00f6sungen als auch Renovierung an.<\/p>\n\n","protected":false},"excerpt":{"rendered":"<p>SITZB\u00c4NKE F\u00dcR AUDITORIEN, THEATER- UND KINOS\u00c4LE Wir fertigen Sitzb\u00e4nke aus Stoff und Leder f\u00fcr Theater- und Kinos\u00e4le sowie f\u00fcr Auditorien &#8211; wir bieten sowie Fertigl\u00f6sungen als auch Renovierung an.<\/p>\n","protected":false},"author":1,"featured_media":795,"parent":789,"menu_order":0,"comment_status":"closed","ping_status":"open","template":"","meta":{"site-sidebar-layout":"no-sidebar","site-content-layout":"page-builder","ast-global-header-display":"","ast-main-header-display":"","ast-hfb-above-header-display":"","ast-hfb-below-header-display":"","ast-hfb-mobile-header-display":"","site-post-title":"disabled","ast-breadcrumbs-content":"","ast-featured-img":"disabled","footer-sml-layout":"","theme-transparent-header-meta":"default","adv-header-id-meta":"","stick-header-meta":"default","header-above-stick-meta":"","header-main-stick-meta":"","header-below-stick-meta":"","footnotes":""},"class_list":["post-793","page","type-page","status-publish","has-post-thumbnail","hentry"],"_links":{"self":[{"href":"https:\/\/estelaxe.ee\/de\/wp-json\/wp\/v2\/pages\/793","targetHints":{"allow":["GET"]}}],"collection":[{"href":"https:\/\/estelaxe.ee\/de\/wp-json\/wp\/v2\/pages"}],"about":[{"href":"https:\/\/estelaxe.ee\/de\/wp-json\/wp\/v2\/types\/page"}],"author":[{"embeddable":true,"href":"https:\/\/estelaxe.ee\/de\/wp-json\/wp\/v2\/users\/1"}],"replies":[{"embeddable":true,"href":"https:\/\/estelaxe.ee\/de\/wp-json\/wp\/v2\/comments?post=793"}],"version-history":[{"count":2,"href":"https:\/\/estelaxe.ee\/de\/wp-json\/wp\/v2\/pages\/793\/revisions"}],"predecessor-version":[{"id":1382,"href":"https:\/\/estelaxe.ee\/de\/wp-json\/wp\/v2\/pages\/793\/revisions\/1382"}],"up":[{"embeddable":true,"href":"https:\/\/estelaxe.ee\/de\/wp-json\/wp\/v2\/pages\/789"}],"wp:featuredmedia":[{"embeddable":true,"href":"https:\/\/estelaxe.ee\/de\/wp-json\/wp\/v2\/media\/795"}],"wp:attachment":[{"href":"https:\/\/estelaxe.ee\/de\/wp-json\/wp\/v2\/media?parent=793"}],"curies":[{"name":"wp","href":"https:\/\/api.w.org\/{rel}","templated":true}]}}