{"id":789,"date":"2021-03-30T14:07:51","date_gmt":"2021-03-30T14:07:51","guid":{"rendered":"https:\/\/estelaxe.ee\/tooted\/"},"modified":"2023-09-28T07:45:25","modified_gmt":"2023-09-28T07:45:25","slug":"produkte","status":"publish","type":"page","link":"https:\/\/estelaxe.ee\/de\/produkte\/","title":{"rendered":"Produkte"},"content":{"rendered":"\n<h2>\n\t\tEstelaxe\n\t<\/h2>\n\t<p>Estelaxe O\u00dc ist ein auf estnischem Privatkapital basierendes Unternehmen, das im Jahr 2008 gegr\u00fcndet wurde und seitdem Produkte aus Polyurethan herstellt. Formell wurde Estelaxe im Jahr 2008 gegr\u00fcndet, ist aber seit 1998 im gleichen T\u00e4tigkeitsbereich unter einem anderen Namen t\u00e4tig. In 2023 besch\u00e4ftigt das Unternehmen 58 Mitarbeiter.<\/p>\n\t\t\t\t<img decoding=\"async\" src=\"https:\/\/estelaxe.ee\/wp-content\/uploads\/2021\/03\/elasto-1.jpg\" alt=\"elasto\"\/>\n\t\t\t<h3>Elastomerprodukte<\/h3>\n\t\t<a href=\"\/de\/produkte\/herstellung-von-elastomerprodukten\/\" target=\"_self\" rel=\"noopener\"><\/a>\n\t\t\t\t<img decoding=\"async\" src=\"https:\/\/estelaxe.ee\/wp-content\/uploads\/2021\/03\/Rectangle-212.jpg\" alt=\"Rectangle 212\"\/>\n\t\t\t<h3>Polyurethanschaum<\/h3>\n\t\t<a href=\"\/de\/produkte\/polyurethanschaumprodukte\/\" target=\"_self\" rel=\"noopener\"><\/a>\n\t\t\t\t<img decoding=\"async\" src=\"https:\/\/estelaxe.ee\/wp-content\/uploads\/2021\/03\/Rectangle-225.jpg\" alt=\"Rectangle 225\"\/>\n\t\t\t<h3>Kunststoff<\/h3>\n\t\t<a href=\"\/de\/produkte\/kunststoffprodukte\/\" target=\"_self\" rel=\"noopener\"><\/a>\n\t\t\t\t<img decoding=\"async\" src=\"https:\/\/estelaxe.ee\/wp-content\/uploads\/2021\/03\/Rectangle-222.jpg\" alt=\"Rectangle 222\"\/>\n\t\t\t<h3>Schneemobilsitze<\/h3>\n\t\t<a href=\"\/de\/produkte\/schneemobilsitze\/\" target=\"_self\" rel=\"noopener\"><\/a>\n\t\t\t\t<img decoding=\"async\" src=\"https:\/\/estelaxe.ee\/wp-content\/uploads\/2021\/03\/Rectangle-213.jpg\" alt=\"Rectangle 213\"\/>\n\t\t\t<h3>Zugsitze<\/h3>\n\t\t<a href=\"\/de\/produkte\/zugsitze\/\" target=\"_self\" rel=\"noopener\"><\/a>\n\t\t\t\t<img decoding=\"async\" src=\"https:\/\/estelaxe.ee\/wp-content\/uploads\/2021\/04\/main.jpg\" alt=\"main\"\/>\n\t\t\t<h3>Sitze f\u00fcr S\u00e4le<\/h3>\n\t\t<a href=\"\/de\/produkte\/sitze-fuer-saele\/\" target=\"_self\" rel=\"noopener\"><\/a>\n\n","protected":false},"excerpt":{"rendered":"<p>Estelaxe Estelaxe O\u00dc ist ein auf estnischem Privatkapital basierendes Unternehmen, das im Jahr 2008 gegr\u00fcndet wurde und seitdem Produkte aus Polyurethan herstellt. Formell wurde Estelaxe im Jahr 2008 gegr\u00fcndet, ist aber seit 1998 im gleichen T\u00e4tigkeitsbereich unter einem anderen Namen t\u00e4tig. In 2023 besch\u00e4ftigt das Unternehmen 58 Mitarbeiter. Elastomerprodukte Polyurethanschaum Kunststoff Schneemobilsitze Zugsitze Sitze f\u00fcr &hellip;<\/p>\n<p class=\"read-more\"> <a class=\"\" href=\"https:\/\/estelaxe.ee\/de\/produkte\/\"> <span class=\"screen-reader-text\">Produkte<\/span> Weiterlesen &raquo;<\/a><\/p>\n","protected":false},"author":1,"featured_media":0,"parent":0,"menu_order":0,"comment_status":"closed","ping_status":"closed","template":"","meta":{"site-sidebar-layout":"no-sidebar","site-content-layout":"page-builder","ast-global-header-display":"","ast-main-header-display":"","ast-hfb-above-header-display":"","ast-hfb-below-header-display":"","ast-hfb-mobile-header-display":"","site-post-title":"disabled","ast-breadcrumbs-content":"","ast-featured-img":"disabled","footer-sml-layout":"","theme-transparent-header-meta":"default","adv-header-id-meta":"","stick-header-meta":"","header-above-stick-meta":"","header-main-stick-meta":"","header-below-stick-meta":"","footnotes":""},"class_list":["post-789","page","type-page","status-publish","hentry"],"_links":{"self":[{"href":"https:\/\/estelaxe.ee\/de\/wp-json\/wp\/v2\/pages\/789","targetHints":{"allow":["GET"]}}],"collection":[{"href":"https:\/\/estelaxe.ee\/de\/wp-json\/wp\/v2\/pages"}],"about":[{"href":"https:\/\/estelaxe.ee\/de\/wp-json\/wp\/v2\/types\/page"}],"author":[{"embeddable":true,"href":"https:\/\/estelaxe.ee\/de\/wp-json\/wp\/v2\/users\/1"}],"replies":[{"embeddable":true,"href":"https:\/\/estelaxe.ee\/de\/wp-json\/wp\/v2\/comments?post=789"}],"version-history":[{"count":3,"href":"https:\/\/estelaxe.ee\/de\/wp-json\/wp\/v2\/pages\/789\/revisions"}],"predecessor-version":[{"id":1588,"href":"https:\/\/estelaxe.ee\/de\/wp-json\/wp\/v2\/pages\/789\/revisions\/1588"}],"wp:attachment":[{"href":"https:\/\/estelaxe.ee\/de\/wp-json\/wp\/v2\/media?parent=789"}],"curies":[{"name":"wp","href":"https:\/\/api.w.org\/{rel}","templated":true}]}}