{"id":788,"date":"2021-03-30T15:21:59","date_gmt":"2021-03-30T15:21:59","guid":{"rendered":"https:\/\/estelaxe.ee\/projektid\/"},"modified":"2022-07-25T10:50:43","modified_gmt":"2022-07-25T10:50:43","slug":"projekte","status":"publish","type":"page","link":"https:\/\/estelaxe.ee\/de\/projekte\/","title":{"rendered":"Projekte"},"content":{"rendered":"\n<h3>\n\t\tUNTERST\u00dcTZUNG\n\t<\/h3>\n\tEntwicklung der Niederdruckguss-TechNologie zur Herstellung von Sitzkissen aus vorgesch\u00e4umten nicht brennbaren Silikonschaum<br \/>\n08.05.2019 &#8211; 31.01.2023<br \/>\nZiel dieses Projekts ist es, eine Technologie zu entwickeln, die die industrielle und skalierbare Herstellung von feuerfesten Silikonschaum-Polstermaterialien durch Niederdruckguss erm\u00f6glicht. Die Technologie muss kompatible Prozesse, Konzepte der f\u00fcr ihre Durchf\u00fchrung geeigneten Ger\u00e4te und Materialien, die sowohl mit dem Prozess als auch mit den Ger\u00e4ten kompatibel sind, umfassen. Da Verfahren und Ger\u00e4te zur Herstellung von Silikonsch\u00e4umen, die aus der Polyurethanschaumtechnologie bekannt sind, nicht direkt anwendbar sind, m\u00fcssen Konzepte f\u00fcr neuartige Ger\u00e4te entwickelt, prototypisiert und Verfahren an ihnen getestet und optimiert werden.\n<p>Die Unterst\u00fctzung betr\u00e4gt 633 838,80 EUR<\/p>\n\t\t\t\t<img loading=\"lazy\" decoding=\"async\" src=\"https:\/\/estelaxe.ee\/wp-content\/uploads\/2021\/03\/el_regionaalarengu_fond_horisontaalne.jpg\" alt=\"el_regionaalarengu_fond_horisontaalne\" itemprop=\"image\" height=\"579\" width=\"1000\" title=\"el_regionaalarengu_fond_horisontaalne\" onerror=\"this.style.display='none'\"  \/>\n\n","protected":false},"excerpt":{"rendered":"<p>UNTERST\u00dcTZUNG Entwicklung der Niederdruckguss-TechNologie zur Herstellung von Sitzkissen aus vorgesch\u00e4umten nicht brennbaren Silikonschaum 08.05.2019 &#8211; 31.01.2023 Ziel dieses Projekts ist es, eine Technologie zu entwickeln, die die industrielle und skalierbare Herstellung von feuerfesten Silikonschaum-Polstermaterialien durch Niederdruckguss erm\u00f6glicht. Die Technologie muss kompatible Prozesse, Konzepte der f\u00fcr ihre Durchf\u00fchrung geeigneten Ger\u00e4te und Materialien, die sowohl mit dem &hellip;<\/p>\n<p class=\"read-more\"> <a class=\"\" href=\"https:\/\/estelaxe.ee\/de\/projekte\/\"> <span class=\"screen-reader-text\">Projekte<\/span> Weiterlesen &raquo;<\/a><\/p>\n","protected":false},"author":1,"featured_media":791,"parent":0,"menu_order":0,"comment_status":"closed","ping_status":"closed","template":"","meta":{"site-sidebar-layout":"no-sidebar","site-content-layout":"page-builder","ast-global-header-display":"","ast-main-header-display":"","ast-hfb-above-header-display":"","ast-hfb-below-header-display":"","ast-hfb-mobile-header-display":"","site-post-title":"disabled","ast-breadcrumbs-content":"","ast-featured-img":"disabled","footer-sml-layout":"","theme-transparent-header-meta":"default","adv-header-id-meta":"","stick-header-meta":"","header-above-stick-meta":"","header-main-stick-meta":"","header-below-stick-meta":"","footnotes":""},"class_list":["post-788","page","type-page","status-publish","has-post-thumbnail","hentry"],"_links":{"self":[{"href":"https:\/\/estelaxe.ee\/de\/wp-json\/wp\/v2\/pages\/788","targetHints":{"allow":["GET"]}}],"collection":[{"href":"https:\/\/estelaxe.ee\/de\/wp-json\/wp\/v2\/pages"}],"about":[{"href":"https:\/\/estelaxe.ee\/de\/wp-json\/wp\/v2\/types\/page"}],"author":[{"embeddable":true,"href":"https:\/\/estelaxe.ee\/de\/wp-json\/wp\/v2\/users\/1"}],"replies":[{"embeddable":true,"href":"https:\/\/estelaxe.ee\/de\/wp-json\/wp\/v2\/comments?post=788"}],"version-history":[{"count":3,"href":"https:\/\/estelaxe.ee\/de\/wp-json\/wp\/v2\/pages\/788\/revisions"}],"predecessor-version":[{"id":1462,"href":"https:\/\/estelaxe.ee\/de\/wp-json\/wp\/v2\/pages\/788\/revisions\/1462"}],"wp:featuredmedia":[{"embeddable":true,"href":"https:\/\/estelaxe.ee\/de\/wp-json\/wp\/v2\/media\/791"}],"wp:attachment":[{"href":"https:\/\/estelaxe.ee\/de\/wp-json\/wp\/v2\/media?parent=788"}],"curies":[{"name":"wp","href":"https:\/\/api.w.org\/{rel}","templated":true}]}}