{"id":785,"date":"2021-03-30T15:27:54","date_gmt":"2021-03-30T15:27:54","guid":{"rendered":"https:\/\/estelaxe.ee\/kontakt\/"},"modified":"2023-06-14T10:57:16","modified_gmt":"2023-06-14T10:57:16","slug":"kontakt","status":"publish","type":"page","link":"https:\/\/estelaxe.ee\/de\/kontakt\/","title":{"rendered":"Kontakt"},"content":{"rendered":"\n\n\t<iframe src=\"https:\/\/www.google.com\/maps\/embed?pb=!1m18!1m12!1m3!1d2122.697020265938!2d26.98363021626045!3d57.85738548116821!2m3!1f0!2f0!3f0!3m2!1i1024!2i768!4f13.1!3m3!1m2!1s0x46eafb250bbfd66d%3A0x7b2d41a3aa74fc8d!2sKivimurru%202%2C%20V%C3%B5ru%2C%2065605%20V%C3%B5ru%20maakond!5e0!3m2!1sen!2see!4v1619611051843!5m2!1sen!2see\" width=\"100%\" height=\"350\" allowfullscreen=\"\" loading=\"lazy\"><\/iframe>\n<h4>\n\t\tLagerhaus und Warenempfang\n\t<\/h4>\n\tLea +372 5322 5658<br \/>\nArvi +372 523 9570\n<h2>\n\t\tKontakte von Mitarbeitern\n\t<\/h2>\n<h4>\n\t\tLea Jalajas\n\t<\/h4>\n\t<p>Warehouse Manager<\/p>\n\t<ul>\n\t\t<li>\t\t\t\t\n\t\t+372 5322 5658<\/li><li>\t\t\t\t\n\t\tinfo@estelaxe.ee<\/li>\t<\/ul>\n<h4>\n\t\t\u00dclari Palm\n\t<\/h4>\n\t<p>Production Manager for Elastomer Products<\/p>\n\t<ul>\n\t\t<li>\t\t\t\t\n\t\t+372 5308 4950<\/li><li>\t\t\t\t\n\t\tylari@estelaxe.ee<\/li>\t<\/ul>\n<h4>\n\t\tAn\u017eelika M\u00e4ndmaa\n\t<\/h4>\n\t<p>Production Manager for Snowmobile Seats<\/p>\n\t<ul>\n\t\t<li>\t\t\t\t\n\t\t+372 528 3063<\/li><li>\t\t\t\t\n\t\tanzelika@estelaxe.ee<\/li>\t<\/ul>\n<h4>\n\t\tSten Tasso\n\t<\/h4>\n\t<p>Production Manager for Train Seats<\/p>\n\t<ul>\n\t\t<li>\t\t\t\t\n\t\t+372 5373 0450<\/li><li>\t\t\t\t\n\t\tsten@estelaxe.ee<\/li>\t<\/ul>\n<h4>\n\t\tUrmet Lain\n\t<\/h4>\n\t<p>Development Manager<\/p>\n\t<ul>\n\t\t<li>\t\t\t\t\n\t\t+372 5322 5395<\/li><li>\t\t\t\t\n\t\turmet@estelaxe.ee<\/li>\t<\/ul>\n<h4>\n\t\t Virgo Oeselg\n\t<\/h4>\n\t<p>Quality and Technology Park Manager<\/p>\n\t<ul>\n\t\t<li>\t\t\t\t\n\t\t+372 523 8624 <\/li><li>\t\t\t\t\n\t\tvirgo@estelaxe.ee<\/li>\t<\/ul>\n<h4>\n\t\tMonika Lehiste\n\t<\/h4>\n\t<p>Quality specialist<\/p>\n\t<ul>\n\t\t<li>\t\t\t\t\n\t\t+372 5668 7226<\/li><li>\t\t\t\t\n\t\tmonika@estelaxe.ee<\/li>\t<\/ul>\n<h4>\n\t\tSiim Anderson\n\t<\/h4>\n\t<p>Designer<\/p>\n\t<ul>\n\t\t<li>\t\t\t\t\n\t\t+372 5696 1909<\/li><li>\t\t\t\t\n\t\tsiim@estelaxe.ee<\/li>\t<\/ul>\n<h4>\n\t\tAinar Raat\n\t<\/h4>\n\t<p>CNC Cutting<\/p>\n\t<ul>\n\t\t<li>\t\t\t\t\n\t\t+372 5825 2634<\/li><li>\t\t\t\t\n\t\tainar@estelaxe.ee<\/li>\t<\/ul>\n<h4>\n\t\tJuku Saar\n\t<\/h4>\n\t<p>Equipment Manager<\/p>\n\t<ul>\n\t\t<li>\t\t\t\t\n\t\t+372 513 4503<\/li><li>\t\t\t\t\n\t\tjuku@estelaxe.ee<\/li>\t<\/ul>\n<h4>\n\t\tPiret K\u00fcttis\n\t<\/h4>\n\t<p>Personnel Manager<\/p>\n\t<ul>\n\t\t<li>\t\t\t\t\n\t\t+372 5190 1913<\/li><li>\t\t\t\t\n\t\tpiret@estelaxe.ee<\/li>\t<\/ul>\n<h4>\n\t\tKalev Piirim\u00e4gi\n\t<\/h4>\n\t<p>Member of the Board<\/p>\n\t<ul>\n\t\t<li>\t\t\t\t\n\t\t+372 505 2877<\/li><li>\t\t\t\t\n\t\tkalev@estelaxe.ee<\/li>\t<\/ul>\n<h4>\n\t\tPriit Koido\n\t<\/h4>\n\t<p>Member of the Board<\/p>\n\t<ul>\n\t\t<li>\t\t\t\t\n\t\t+372 506 3294<\/li><li>\t\t\t\t\n\t\tpriit@estelaxe.ee<\/li>\t<\/ul>\n<h4>\n\t\tPeeter Piirim\u00e4gi\n\t<\/h4>\n\t<p>Member of the Board<\/p>\n\t<ul>\n\t\t<li>\t\t\t\t\n\t\t+372 523 6624<\/li><li>\t\t\t\t\n\t\tpeeter@estelaxe.ee<\/li>\t<\/ul>\n\n","protected":false},"excerpt":{"rendered":"<p>Lagerhaus und Warenempfang Lea +372 5322 5658 Arvi +372 523 9570 Kontakte von Mitarbeitern Lea Jalajas Warehouse Manager +372 5322 5658 info@estelaxe.ee \u00dclari Palm Production Manager for Elastomer Products +372 5308 4950 ylari@estelaxe.ee An\u017eelika M\u00e4ndmaa Production Manager for Snowmobile Seats +372 528 3063 anzelika@estelaxe.ee Sten Tasso Production Manager for Train Seats +372 5373 0450 sten@estelaxe.ee &hellip;<\/p>\n<p class=\"read-more\"> <a class=\"\" href=\"https:\/\/estelaxe.ee\/de\/kontakt\/\"> <span class=\"screen-reader-text\">Kontakt<\/span> Weiterlesen &raquo;<\/a><\/p>\n","protected":false},"author":1,"featured_media":786,"parent":0,"menu_order":0,"comment_status":"closed","ping_status":"closed","template":"","meta":{"site-sidebar-layout":"no-sidebar","site-content-layout":"page-builder","ast-global-header-display":"","ast-main-header-display":"","ast-hfb-above-header-display":"","ast-hfb-below-header-display":"","ast-hfb-mobile-header-display":"","site-post-title":"disabled","ast-breadcrumbs-content":"","ast-featured-img":"disabled","footer-sml-layout":"","theme-transparent-header-meta":"default","adv-header-id-meta":"","stick-header-meta":"","header-above-stick-meta":"","header-main-stick-meta":"","header-below-stick-meta":"","footnotes":""},"class_list":["post-785","page","type-page","status-publish","has-post-thumbnail","hentry"],"_links":{"self":[{"href":"https:\/\/estelaxe.ee\/de\/wp-json\/wp\/v2\/pages\/785","targetHints":{"allow":["GET"]}}],"collection":[{"href":"https:\/\/estelaxe.ee\/de\/wp-json\/wp\/v2\/pages"}],"about":[{"href":"https:\/\/estelaxe.ee\/de\/wp-json\/wp\/v2\/types\/page"}],"author":[{"embeddable":true,"href":"https:\/\/estelaxe.ee\/de\/wp-json\/wp\/v2\/users\/1"}],"replies":[{"embeddable":true,"href":"https:\/\/estelaxe.ee\/de\/wp-json\/wp\/v2\/comments?post=785"}],"version-history":[{"count":6,"href":"https:\/\/estelaxe.ee\/de\/wp-json\/wp\/v2\/pages\/785\/revisions"}],"predecessor-version":[{"id":1532,"href":"https:\/\/estelaxe.ee\/de\/wp-json\/wp\/v2\/pages\/785\/revisions\/1532"}],"wp:featuredmedia":[{"embeddable":true,"href":"https:\/\/estelaxe.ee\/de\/wp-json\/wp\/v2\/media\/786"}],"wp:attachment":[{"href":"https:\/\/estelaxe.ee\/de\/wp-json\/wp\/v2\/media?parent=785"}],"curies":[{"name":"wp","href":"https:\/\/api.w.org\/{rel}","templated":true}]}}