{"id":782,"date":"2021-03-30T14:45:53","date_gmt":"2021-03-30T14:45:53","guid":{"rendered":"https:\/\/estelaxe.ee\/juhtimispohimotted\/"},"modified":"2021-05-13T10:47:55","modified_gmt":"2021-05-13T10:47:55","slug":"leitprinzipien","status":"publish","type":"page","link":"https:\/\/estelaxe.ee\/de\/leitprinzipien\/","title":{"rendered":"Leitprinzipien"},"content":{"rendered":"\n<h2>\n\t\tEstelaxe\n\t<\/h2>\n\t<p>Die Leitprinzipien von Estelaxe &#8211; verf\u00fcgbar auch im B\u00fcro des Unternehmens und auf der Website<\/p>\n\t\t\t\t<img loading=\"lazy\" decoding=\"async\" src=\"https:\/\/estelaxe.ee\/wp-content\/uploads\/2021\/03\/Vector-6.png\" alt=\"Vector (6)\" itemprop=\"image\" height=\"96\" width=\"96\" title=\"Vector (6)\" onerror=\"this.style.display='none'\"  \/>\n\t<p>01<\/p>\n\t<p>Bei unseren Aktivit\u00e4ten gehen wir von der Vision des Unternehmens, den gesetzten Zielen, den geltenden Gesetzen und normativen Dokumenten, dem Qualit\u00e4tsmanagementsystem ISO 9001:2015 und dem Umweltmanagementsystem ISO 14001:2015 aus.<\/p>\n\t\t\t\t<img loading=\"lazy\" decoding=\"async\" src=\"https:\/\/estelaxe.ee\/wp-content\/uploads\/2021\/03\/Vector-6.png\" alt=\"Vector (6)\" itemprop=\"image\" height=\"96\" width=\"96\" title=\"Vector (6)\" onerror=\"this.style.display='none'\"  \/>\n\t<p>02<\/p>\n\t<p>Wir sind kundenorientiert, bieten einen professionellen Service mit hochwertigen Ger\u00e4ten und Produkten, zuverl\u00e4ssigen Unterauftragnehmern und Lieferanten und halten vereinbarte Fristen ein.<\/p>\n\t\t\t\t<img loading=\"lazy\" decoding=\"async\" src=\"https:\/\/estelaxe.ee\/wp-content\/uploads\/2021\/03\/Vector-6.png\" alt=\"Vector (6)\" itemprop=\"image\" height=\"96\" width=\"96\" title=\"Vector (6)\" onerror=\"this.style.display='none'\"  \/>\n\t<p>03<\/p>\n\t<p>Wir sind st\u00e4ndig in der Entwicklungsarbeit t\u00e4tig und bieten unseren Kunden innovative, intelligente und umweltfreundliche L\u00f6sungen.<\/p>\n\t\t\t\t<img loading=\"lazy\" decoding=\"async\" src=\"https:\/\/estelaxe.ee\/wp-content\/uploads\/2021\/03\/Vector-6.png\" alt=\"Vector (6)\" itemprop=\"image\" height=\"96\" width=\"96\" title=\"Vector (6)\" onerror=\"this.style.display='none'\"  \/>\n\t<p>04<\/p>\n\t<p>Wir bewerten st\u00e4ndig die Risiken, um die Wahrscheinlichkeit von Arbeitsunf\u00e4llen, Gesundheitssch\u00e4den und Umweltsch\u00e4den zu verringern.<\/p>\n\t\t\t\t<img loading=\"lazy\" decoding=\"async\" src=\"https:\/\/estelaxe.ee\/wp-content\/uploads\/2021\/03\/Vector-6.png\" alt=\"Vector (6)\" itemprop=\"image\" height=\"96\" width=\"96\" title=\"Vector (6)\" onerror=\"this.style.display='none'\"  \/>\n\t<p>05<\/p>\n\t<p>Wir nehmen an Schulungen teil, sch\u00e4rfen die Qualifikation und das Bewusstsein der Mitarbeiter im Bereich Qualit\u00e4t, Umwelt und Arbeitssicherheit.<\/p>\n\n","protected":false},"excerpt":{"rendered":"<p>Estelaxe Die Leitprinzipien von Estelaxe &#8211; verf\u00fcgbar auch im B\u00fcro des Unternehmens und auf der Website 01 Bei unseren Aktivit\u00e4ten gehen wir von der Vision des Unternehmens, den gesetzten Zielen, den geltenden Gesetzen und normativen Dokumenten, dem Qualit\u00e4tsmanagementsystem ISO 9001:2015 und dem Umweltmanagementsystem ISO 14001:2015 aus. 02 Wir sind kundenorientiert, bieten einen professionellen Service mit &hellip;<\/p>\n<p class=\"read-more\"> <a class=\"\" href=\"https:\/\/estelaxe.ee\/de\/leitprinzipien\/\"> <span class=\"screen-reader-text\">Leitprinzipien<\/span> Weiterlesen &raquo;<\/a><\/p>\n","protected":false},"author":1,"featured_media":784,"parent":0,"menu_order":0,"comment_status":"closed","ping_status":"closed","template":"","meta":{"site-sidebar-layout":"no-sidebar","site-content-layout":"page-builder","ast-global-header-display":"","ast-main-header-display":"","ast-hfb-above-header-display":"","ast-hfb-below-header-display":"","ast-hfb-mobile-header-display":"","site-post-title":"disabled","ast-breadcrumbs-content":"","ast-featured-img":"disabled","footer-sml-layout":"","theme-transparent-header-meta":"default","adv-header-id-meta":"","stick-header-meta":"default","header-above-stick-meta":"","header-main-stick-meta":"","header-below-stick-meta":"","footnotes":""},"class_list":["post-782","page","type-page","status-publish","has-post-thumbnail","hentry"],"_links":{"self":[{"href":"https:\/\/estelaxe.ee\/de\/wp-json\/wp\/v2\/pages\/782","targetHints":{"allow":["GET"]}}],"collection":[{"href":"https:\/\/estelaxe.ee\/de\/wp-json\/wp\/v2\/pages"}],"about":[{"href":"https:\/\/estelaxe.ee\/de\/wp-json\/wp\/v2\/types\/page"}],"author":[{"embeddable":true,"href":"https:\/\/estelaxe.ee\/de\/wp-json\/wp\/v2\/users\/1"}],"replies":[{"embeddable":true,"href":"https:\/\/estelaxe.ee\/de\/wp-json\/wp\/v2\/comments?post=782"}],"version-history":[{"count":2,"href":"https:\/\/estelaxe.ee\/de\/wp-json\/wp\/v2\/pages\/782\/revisions"}],"predecessor-version":[{"id":1383,"href":"https:\/\/estelaxe.ee\/de\/wp-json\/wp\/v2\/pages\/782\/revisions\/1383"}],"wp:featuredmedia":[{"embeddable":true,"href":"https:\/\/estelaxe.ee\/de\/wp-json\/wp\/v2\/media\/784"}],"wp:attachment":[{"href":"https:\/\/estelaxe.ee\/de\/wp-json\/wp\/v2\/media?parent=782"}],"curies":[{"name":"wp","href":"https:\/\/api.w.org\/{rel}","templated":true}]}}