{"id":779,"date":"2021-03-30T14:37:44","date_gmt":"2021-03-30T14:37:44","guid":{"rendered":"https:\/\/estelaxe.ee\/ettevottest\/"},"modified":"2021-05-13T10:47:59","modified_gmt":"2021-05-13T10:47:59","slug":"ueber-das-unternehmen","status":"publish","type":"page","link":"https:\/\/estelaxe.ee\/de\/ueber-das-unternehmen\/","title":{"rendered":"\u00dcber das unternehmen"},"content":{"rendered":"\n<h2>\n\t\tEstelaxe\n\t<\/h2>\n\t<p>Estelaxe O\u00dc ist ein auf estnischem Privatkapital basierendes Unternehmen, das im Jahr 2008 gegr\u00fcndet wurde und seitdem Produkte aus Polyurethan herstellt. Formell wurde Estelaxe im Jahr 2008 gegr\u00fcndet, ist aber seit 1998 im gleichen T\u00e4tigkeitsbereich unter einem anderen Namen t\u00e4tig. In 2021 besch\u00e4ftigt das Unternehmen 53 Mitarbeiter.<\/p>\n<h2>\n\t\tUnsere Dienstleistungen\n\t<\/h2>\n\t\t\t\t<img loading=\"lazy\" decoding=\"async\" src=\"https:\/\/estelaxe.ee\/wp-content\/uploads\/2021\/03\/Vector-2.png\" alt=\"Vector (2)\" itemprop=\"image\" height=\"76\" width=\"113\" title=\"Vector (2)\" onerror=\"this.style.display='none'\"  \/>\n\t<h3>HERSTELLUNG VON PRODUKTEN AUS ELASTOMER<\/h3>\n<p>Schneepflugbl\u00e4tter, Kl\u00f6tze f\u00fcr Gleit- und Reibungsfl\u00e4chen usw.<\/p>\n\t\t\t\t<img loading=\"lazy\" decoding=\"async\" src=\"https:\/\/estelaxe.ee\/wp-content\/uploads\/2021\/03\/Vector-3.png\" alt=\"Vector (3)\" itemprop=\"image\" height=\"73\" width=\"104\" title=\"Vector (3)\" onerror=\"this.style.display='none'\"  \/>\n\t<h3>HERSTELLUNG VON PRODUKTEN AUS WEICHSCHAUM<\/h3>\n<p>Sitze, R\u00fcckenlehnen, Kopfst\u00fctzen, Sitzb\u00e4nke f\u00fcr Barkassen, Kissen, Matratzen usw.<\/p>\n\t\t\t\t<img loading=\"lazy\" decoding=\"async\" src=\"https:\/\/estelaxe.ee\/wp-content\/uploads\/2021\/03\/Vector-4.png\" alt=\"Vector (4)\" itemprop=\"image\" height=\"110\" width=\"111\" title=\"Vector (4)\" onerror=\"this.style.display='none'\"  \/>\n\t<h3>KUNSTSTOFFPRODUKTE AUS ABS UND HDPE<\/h3>\n<p>Kunststoffteile f\u00fcr Sitze und R\u00fcckenlehnen, verschiedene Abdeckungen, Motorabdeckungen usw.<\/p>\n<p>&nbsp;<\/p>\n\t\t\t\t<img loading=\"lazy\" decoding=\"async\" src=\"https:\/\/estelaxe.ee\/wp-content\/uploads\/2021\/03\/Vector-5.png\" alt=\"Vector (5)\" itemprop=\"image\" height=\"113\" width=\"104\" title=\"Vector (5)\" onerror=\"this.style.display='none'\"  \/>\n\t<h3>SITZE<\/h3>\n<p>Herstellung von Schneemobilsitzen und Zugsitzen<\/p>\n\n","protected":false},"excerpt":{"rendered":"<p>Estelaxe Estelaxe O\u00dc ist ein auf estnischem Privatkapital basierendes Unternehmen, das im Jahr 2008 gegr\u00fcndet wurde und seitdem Produkte aus Polyurethan herstellt. Formell wurde Estelaxe im Jahr 2008 gegr\u00fcndet, ist aber seit 1998 im gleichen T\u00e4tigkeitsbereich unter einem anderen Namen t\u00e4tig. In 2021 besch\u00e4ftigt das Unternehmen 53 Mitarbeiter. Unsere Dienstleistungen HERSTELLUNG VON PRODUKTEN AUS ELASTOMER &hellip;<\/p>\n<p class=\"read-more\"> <a class=\"\" href=\"https:\/\/estelaxe.ee\/de\/ueber-das-unternehmen\/\"> <span class=\"screen-reader-text\">\u00dcber das unternehmen<\/span> Weiterlesen &raquo;<\/a><\/p>\n","protected":false},"author":1,"featured_media":781,"parent":0,"menu_order":0,"comment_status":"closed","ping_status":"open","template":"","meta":{"site-sidebar-layout":"no-sidebar","site-content-layout":"page-builder","ast-global-header-display":"","ast-main-header-display":"","ast-hfb-above-header-display":"","ast-hfb-below-header-display":"","ast-hfb-mobile-header-display":"","site-post-title":"disabled","ast-breadcrumbs-content":"","ast-featured-img":"disabled","footer-sml-layout":"","theme-transparent-header-meta":"default","adv-header-id-meta":"","stick-header-meta":"default","header-above-stick-meta":"","header-main-stick-meta":"","header-below-stick-meta":"","footnotes":""},"class_list":["post-779","page","type-page","status-publish","has-post-thumbnail","hentry"],"_links":{"self":[{"href":"https:\/\/estelaxe.ee\/de\/wp-json\/wp\/v2\/pages\/779","targetHints":{"allow":["GET"]}}],"collection":[{"href":"https:\/\/estelaxe.ee\/de\/wp-json\/wp\/v2\/pages"}],"about":[{"href":"https:\/\/estelaxe.ee\/de\/wp-json\/wp\/v2\/types\/page"}],"author":[{"embeddable":true,"href":"https:\/\/estelaxe.ee\/de\/wp-json\/wp\/v2\/users\/1"}],"replies":[{"embeddable":true,"href":"https:\/\/estelaxe.ee\/de\/wp-json\/wp\/v2\/comments?post=779"}],"version-history":[{"count":2,"href":"https:\/\/estelaxe.ee\/de\/wp-json\/wp\/v2\/pages\/779\/revisions"}],"predecessor-version":[{"id":1389,"href":"https:\/\/estelaxe.ee\/de\/wp-json\/wp\/v2\/pages\/779\/revisions\/1389"}],"wp:featuredmedia":[{"embeddable":true,"href":"https:\/\/estelaxe.ee\/de\/wp-json\/wp\/v2\/media\/781"}],"wp:attachment":[{"href":"https:\/\/estelaxe.ee\/de\/wp-json\/wp\/v2\/media?parent=779"}],"curies":[{"name":"wp","href":"https:\/\/api.w.org\/{rel}","templated":true}]}}