{"id":777,"date":"2017-09-15T09:32:51","date_gmt":"2017-09-15T09:32:51","guid":{"rendered":"https:\/\/estelaxe.ee\/home\/"},"modified":"2021-05-13T10:47:26","modified_gmt":"2021-05-13T10:47:26","slug":"home","status":"publish","type":"page","link":"https:\/\/estelaxe.ee\/de\/","title":{"rendered":"Startseite"},"content":{"rendered":"\n<h1>\n\t\tWir produzieren Sitze f\u00fcr Z\u00fcge, Schneemobile, Wasserfahrzeuge, verschiedene S\u00e4le und M\u00f6belhersteller.\n\t<\/h1>\n\t\t\t<a href=\"\/de\/produkte\/\" target=\"_self\" role=\"button\" rel=\"noopener\">\n\t\t\t\t\t\t\tN\u00c4HER ANSEHEN\n\t\t<\/a>\n\t<ul>\n\t\t<li>\t\t\n\t\t\t\t<img decoding=\"async\" src=\"https:\/\/estelaxe.ee\/wp-content\/uploads\/2021\/03\/image-45.png\" alt=\"image 45\" title=\"image 45\" itemprop=\"image\"\/>\n\t\t<h3>HERSTELLUNG VON PRODUKTEN AUS ELASTOMER<\/h3><p>Schneepflugbl\u00e4tter, Kl\u00f6tze f\u00fcr Gleit- und Reibungsfl\u00e4chen usw.<\/p><\/li><li>\t\t\n\t\t\t\t<img decoding=\"async\" src=\"https:\/\/estelaxe.ee\/wp-content\/uploads\/2021\/03\/image-49.png\" alt=\"image 49\" title=\"image 49\" itemprop=\"image\"\/>\n\t\t<h3>SCHNEEPFLUGBL\u00c4TTER, KL\u00d6TZE F\u00dcR GLEIT- UND REIBUNGSFL\u00c4CHEN, USW.<\/h3><p>Schneepflugbl\u00e4tter, Kl\u00f6tze f\u00fcr Gleit- und Reibungsfl\u00e4chen usw.<\/p><\/li><li>\t\t\n\t\t\t\t<img decoding=\"async\" src=\"https:\/\/estelaxe.ee\/wp-content\/uploads\/2021\/03\/image-47.png\" alt=\"image 47\" title=\"image 47\" itemprop=\"image\"\/>\n\t\t<h3>KUNSTSTOFFPRODUKTE AUS ABS UND HDPE<\/h3><p>Kunststoffteile f\u00fcr Sitze und R\u00fcckenlehnen, verschiedene Abdeckungen, Motorabdeckungen usw.<\/p><\/li><li>\t\t\n\t\t\t\t<img decoding=\"async\" src=\"https:\/\/estelaxe.ee\/wp-content\/uploads\/2021\/03\/image-48.png\" alt=\"image 48\" title=\"image 48\" itemprop=\"image\"\/>\n\t\t<h3>SITZE<\/h3><p>Herstellung von Schneemobil- und Zugsitzen<\/p><\/li>\t<\/ul>\n<h2>\n\t\tPRODUKTE\n\t<\/h2>\n\t\t\t\t<img decoding=\"async\" src=\"https:\/\/estelaxe.ee\/wp-content\/uploads\/2021\/03\/elasto-1.jpg\" alt=\"elasto\"\/>\n\t\t\t<h3>Elastomerprodukte<\/h3>\n\t\t<a href=\"\/de\/produkte\/herstellung-von-elastomerprodukten\/\" target=\"_self\" rel=\"noopener\"><\/a>\n\t\t\t\t<img decoding=\"async\" src=\"https:\/\/estelaxe.ee\/wp-content\/uploads\/2021\/03\/Rectangle-212.jpg\" alt=\"Rectangle 212\"\/>\n\t\t\t<h3>Polyurethanschaum<\/h3>\n\t\t<a href=\"\/de\/produkte\/polyurethanschaumprodukte\/\" target=\"_self\" rel=\"noopener\"><\/a>\n\t\t\t\t<img decoding=\"async\" src=\"https:\/\/estelaxe.ee\/wp-content\/uploads\/2021\/03\/Rectangle-225.jpg\" alt=\"Rectangle 225\"\/>\n\t\t\t<h3>Kunststoff<\/h3>\n\t\t<a href=\"\/de\/produkte\/kunststoffprodukte\/\" target=\"_self\" rel=\"noopener\"><\/a>\n\t\t\t\t<img decoding=\"async\" src=\"https:\/\/estelaxe.ee\/wp-content\/uploads\/2021\/03\/Rectangle-222.jpg\" alt=\"Rectangle 222\"\/>\n\t\t\t<h3>Schneemobilsitze<\/h3>\n\t\t<a href=\"\/de\/produkte\/schneemobilsitze\/\" target=\"_self\" rel=\"noopener\"><\/a>\n\t\t\t\t<img decoding=\"async\" src=\"https:\/\/estelaxe.ee\/wp-content\/uploads\/2021\/03\/Rectangle-213.jpg\" alt=\"Rectangle 213\"\/>\n\t\t\t<h3>Zugsitze<\/h3>\n\t\t<a href=\"\/de\/produkte\/zugsitze\/\" target=\"_self\" rel=\"noopener\"><\/a>\n\t\t\t\t<img decoding=\"async\" src=\"https:\/\/estelaxe.ee\/wp-content\/uploads\/2021\/04\/main.jpg\" alt=\"main\"\/>\n\t\t\t<h3>Sitze f\u00fcr S\u00e4le<\/h3>\n\t\t<a href=\"\/de\/produkte\/sitze-fuer-saele\/\" target=\"_self\" rel=\"noopener\"><\/a>\n\n","protected":false},"excerpt":{"rendered":"<p>Wir produzieren Sitze f\u00fcr Z\u00fcge, Schneemobile, Wasserfahrzeuge, verschiedene S\u00e4le und M\u00f6belhersteller. N\u00c4HER ANSEHEN HERSTELLUNG VON PRODUKTEN AUS ELASTOMER Schneepflugbl\u00e4tter, Kl\u00f6tze f\u00fcr Gleit- und Reibungsfl\u00e4chen usw. SCHNEEPFLUGBL\u00c4TTER, KL\u00d6TZE F\u00dcR GLEIT- UND REIBUNGSFL\u00c4CHEN, USW. Schneepflugbl\u00e4tter, Kl\u00f6tze f\u00fcr Gleit- und Reibungsfl\u00e4chen usw. KUNSTSTOFFPRODUKTE AUS ABS UND HDPE Kunststoffteile f\u00fcr Sitze und R\u00fcckenlehnen, verschiedene Abdeckungen, Motorabdeckungen usw. SITZE Herstellung &hellip;<\/p>\n<p class=\"read-more\"> <a class=\"\" href=\"https:\/\/estelaxe.ee\/de\/\"> <span class=\"screen-reader-text\">Startseite<\/span> Weiterlesen &raquo;<\/a><\/p>\n","protected":false},"author":1,"featured_media":0,"parent":0,"menu_order":0,"comment_status":"closed","ping_status":"closed","template":"","meta":{"site-sidebar-layout":"no-sidebar","site-content-layout":"page-builder","ast-global-header-display":"","ast-main-header-display":"","ast-hfb-above-header-display":"","ast-hfb-below-header-display":"","ast-hfb-mobile-header-display":"","site-post-title":"disabled","ast-breadcrumbs-content":"","ast-featured-img":"disabled","footer-sml-layout":"","theme-transparent-header-meta":"default","adv-header-id-meta":"","stick-header-meta":"","header-above-stick-meta":"","header-main-stick-meta":"","header-below-stick-meta":"","footnotes":""},"class_list":["post-777","page","type-page","status-publish","hentry"],"_links":{"self":[{"href":"https:\/\/estelaxe.ee\/de\/wp-json\/wp\/v2\/pages\/777","targetHints":{"allow":["GET"]}}],"collection":[{"href":"https:\/\/estelaxe.ee\/de\/wp-json\/wp\/v2\/pages"}],"about":[{"href":"https:\/\/estelaxe.ee\/de\/wp-json\/wp\/v2\/types\/page"}],"author":[{"embeddable":true,"href":"https:\/\/estelaxe.ee\/de\/wp-json\/wp\/v2\/users\/1"}],"replies":[{"embeddable":true,"href":"https:\/\/estelaxe.ee\/de\/wp-json\/wp\/v2\/comments?post=777"}],"version-history":[{"count":2,"href":"https:\/\/estelaxe.ee\/de\/wp-json\/wp\/v2\/pages\/777\/revisions"}],"predecessor-version":[{"id":1375,"href":"https:\/\/estelaxe.ee\/de\/wp-json\/wp\/v2\/pages\/777\/revisions\/1375"}],"wp:attachment":[{"href":"https:\/\/estelaxe.ee\/de\/wp-json\/wp\/v2\/media?parent=777"}],"curies":[{"name":"wp","href":"https:\/\/api.w.org\/{rel}","templated":true}]}}